{"id":1387,"date":"2012-11-09T12:02:14","date_gmt":"2012-11-09T11:02:14","guid":{"rendered":"http:\/\/www.confreriedesvignerons.ch\/le-musee\/"},"modified":"2018-09-03T17:19:16","modified_gmt":"2018-09-03T15:19:16","slug":"das-museum","status":"publish","type":"page","link":"https:\/\/www.confreriedesvignerons.ch\/de\/informationen\/das-museum\/","title":{"rendered":"Das Museum"},"content":{"rendered":"<p>Das Museum der Winzerbruderschaft bietet dem Besucher seine renovierte st\u00e4ndige Ausstellung, die die inhaltsreiche Geschichte der Bruderschaft und ihrer Feste, seit ihren Ursp\u00fcngen im Mittelalter bis zur Gegenwart, durch Drucke, Dokumente, Fotografien, Filme und Kost\u00fcme vor Augen f\u00fchrt.<\/p>\n<p style=\"text-align: center;\"><a href=\"http:\/\/www.confreriedesvignerons.ch\/wp-content\/uploads\/LE_CHATEAU.png\"><img loading=\"lazy\" decoding=\"async\" class=\"aligncenter size-full wp-image-166\" title=\"LE_CHATEAU\" src=\"http:\/\/www.confreriedesvignerons.ch\/wp-content\/uploads\/LE_CHATEAU.png\" alt=\"\" width=\"1000\" height=\"464\" srcset=\"https:\/\/www.confreriedesvignerons.ch\/wp-content\/uploads\/LE_CHATEAU.png 1000w, https:\/\/www.confreriedesvignerons.ch\/wp-content\/uploads\/LE_CHATEAU-323x150.png 323w, https:\/\/www.confreriedesvignerons.ch\/wp-content\/uploads\/LE_CHATEAU-590x273.png 590w, https:\/\/www.confreriedesvignerons.ch\/wp-content\/uploads\/LE_CHATEAU-980x454.png 980w\" sizes=\"auto, (max-width: 1000px) 100vw, 1000px\" \/><\/a><\/p>\n","protected":false},"excerpt":{"rendered":"<p>Das Museum der Winzerbruderschaft bietet dem Besucher seine renovierte st\u00e4ndige Ausstellung, die die inhaltsreiche Geschichte der Bruderschaft und ihrer Feste, seit ihren Ursp\u00fcngen im Mittelalter bis zur Gegenwart, durch Drucke, Dokumente, Fotografien, Filme und Kost\u00fcme vor Augen f\u00fchrt.<\/p>\n","protected":false},"author":6,"featured_media":119,"parent":1506,"menu_order":1,"comment_status":"closed","ping_status":"closed","template":"","meta":{"_acf_changed":false,"_exactmetrics_skip_tracking":false,"_exactmetrics_sitenote_active":false,"_exactmetrics_sitenote_note":"","_exactmetrics_sitenote_category":0,"footnotes":""},"class_list":["post-1387","page","type-page","status-publish","has-post-thumbnail","hentry"],"acf":[],"yoast_head":"<!-- This site is optimized with the Yoast SEO plugin v27.5 - https:\/\/yoast.com\/product\/yoast-seo-wordpress\/ -->\n<title>Das Museum - La Confr\u00e9rie des Vignerons de Vevey<\/title>\n<meta name=\"robots\" content=\"index, follow, max-snippet:-1, max-image-preview:large, max-video-preview:-1\" \/>\n<meta property=\"og:locale\" content=\"de_DE\" \/>\n<meta property=\"og:type\" content=\"article\" \/>\n<meta property=\"og:title\" content=\"Das Museum - La Confr\u00e9rie des Vignerons de Vevey\" \/>\n<meta property=\"og:description\" content=\"Das Museum der Winzerbruderschaft bietet dem Besucher seine renovierte st\u00e4ndige Ausstellung, die die inhaltsreiche Geschichte der Bruderschaft und ihrer Feste, seit ihren Ursp\u00fcngen im Mittelalter bis zur Gegenwart, durch Drucke, Dokumente, Fotografien, Filme und Kost\u00fcme vor Augen f\u00fchrt.\" \/>\n<meta property=\"og:url\" content=\"https:\/\/www.confreriedesvignerons.ch\/de\/informationen\/das-museum\/\" \/>\n<meta property=\"og:site_name\" content=\"La Confr\u00e9rie des Vignerons de Vevey\" \/>\n<meta property=\"article:modified_time\" content=\"2018-09-03T15:19:16+00:00\" \/>\n<meta property=\"og:image\" content=\"https:\/\/www.confreriedesvignerons.ch\/wp-content\/uploads\/informations.png\" \/>\n\t<meta property=\"og:image:width\" content=\"245\" \/>\n\t<meta property=\"og:image:height\" content=\"574\" \/>\n\t<meta property=\"og:image:type\" content=\"image\/png\" \/>\n<!-- \/ Yoast SEO plugin. -->","yoast_head_json":{"title":"Das Museum - La Confr\u00e9rie des Vignerons de Vevey","robots":{"index":"index","follow":"follow","max-snippet":"max-snippet:-1","max-image-preview":"max-image-preview:large","max-video-preview":"max-video-preview:-1"},"og_locale":"de_DE","og_type":"article","og_title":"Das Museum - La Confr\u00e9rie des Vignerons de Vevey","og_description":"Das Museum der Winzerbruderschaft bietet dem Besucher seine renovierte st\u00e4ndige Ausstellung, die die inhaltsreiche Geschichte der Bruderschaft und ihrer Feste, seit ihren Ursp\u00fcngen im Mittelalter bis zur Gegenwart, durch Drucke, Dokumente, Fotografien, Filme und Kost\u00fcme vor Augen f\u00fchrt.","og_url":"https:\/\/www.confreriedesvignerons.ch\/de\/informationen\/das-museum\/","og_site_name":"La Confr\u00e9rie des Vignerons de Vevey","article_modified_time":"2018-09-03T15:19:16+00:00","og_image":[{"width":245,"height":574,"url":"https:\/\/www.confreriedesvignerons.ch\/wp-content\/uploads\/informations.png","type":"image\/png"}],"schema":{"@context":"https:\/\/schema.org","@graph":[{"@type":"WebPage","@id":"https:\/\/www.confreriedesvignerons.ch\/de\/informationen\/das-museum\/","url":"https:\/\/www.confreriedesvignerons.ch\/de\/informationen\/das-museum\/","name":"Das Museum - La Confr\u00e9rie des Vignerons de Vevey","isPartOf":{"@id":"https:\/\/www.confreriedesvignerons.ch\/#website"},"primaryImageOfPage":{"@id":"https:\/\/www.confreriedesvignerons.ch\/de\/informationen\/das-museum\/#primaryimage"},"image":{"@id":"https:\/\/www.confreriedesvignerons.ch\/de\/informationen\/das-museum\/#primaryimage"},"thumbnailUrl":"https:\/\/www.confreriedesvignerons.ch\/wp-content\/uploads\/informations.png","datePublished":"2012-11-09T11:02:14+00:00","dateModified":"2018-09-03T15:19:16+00:00","breadcrumb":{"@id":"https:\/\/www.confreriedesvignerons.ch\/de\/informationen\/das-museum\/#breadcrumb"},"inLanguage":"de","potentialAction":[{"@type":"ReadAction","target":["https:\/\/www.confreriedesvignerons.ch\/de\/informationen\/das-museum\/"]}]},{"@type":"ImageObject","inLanguage":"de","@id":"https:\/\/www.confreriedesvignerons.ch\/de\/informationen\/das-museum\/#primaryimage","url":"https:\/\/www.confreriedesvignerons.ch\/wp-content\/uploads\/informations.png","contentUrl":"https:\/\/www.confreriedesvignerons.ch\/wp-content\/uploads\/informations.png","width":"245","height":"574"},{"@type":"BreadcrumbList","@id":"https:\/\/www.confreriedesvignerons.ch\/de\/informationen\/das-museum\/#breadcrumb","itemListElement":[{"@type":"ListItem","position":1,"name":"Home","item":"https:\/\/www.confreriedesvignerons.ch\/de\/"},{"@type":"ListItem","position":2,"name":"Informationen","item":"https:\/\/www.confreriedesvignerons.ch\/de\/informationen\/"},{"@type":"ListItem","position":3,"name":"Das Museum"}]},{"@type":"WebSite","@id":"https:\/\/www.confreriedesvignerons.ch\/#website","url":"https:\/\/www.confreriedesvignerons.ch\/","name":"La Confr\u00e9rie des Vignerons de Vevey","description":"","potentialAction":[{"@type":"SearchAction","target":{"@type":"EntryPoint","urlTemplate":"https:\/\/www.confreriedesvignerons.ch\/?s={search_term_string}"},"query-input":{"@type":"PropertyValueSpecification","valueRequired":true,"valueName":"search_term_string"}}],"inLanguage":"de"}]}},"_links":{"self":[{"href":"https:\/\/www.confreriedesvignerons.ch\/de\/wp-json\/wp\/v2\/pages\/1387","targetHints":{"allow":["GET"]}}],"collection":[{"href":"https:\/\/www.confreriedesvignerons.ch\/de\/wp-json\/wp\/v2\/pages"}],"about":[{"href":"https:\/\/www.confreriedesvignerons.ch\/de\/wp-json\/wp\/v2\/types\/page"}],"author":[{"embeddable":true,"href":"https:\/\/www.confreriedesvignerons.ch\/de\/wp-json\/wp\/v2\/users\/6"}],"replies":[{"embeddable":true,"href":"https:\/\/www.confreriedesvignerons.ch\/de\/wp-json\/wp\/v2\/comments?post=1387"}],"version-history":[{"count":5,"href":"https:\/\/www.confreriedesvignerons.ch\/de\/wp-json\/wp\/v2\/pages\/1387\/revisions"}],"predecessor-version":[{"id":2965,"href":"https:\/\/www.confreriedesvignerons.ch\/de\/wp-json\/wp\/v2\/pages\/1387\/revisions\/2965"}],"up":[{"embeddable":true,"href":"https:\/\/www.confreriedesvignerons.ch\/de\/wp-json\/wp\/v2\/pages\/1506"}],"wp:featuredmedia":[{"embeddable":true,"href":"https:\/\/www.confreriedesvignerons.ch\/de\/wp-json\/wp\/v2\/media\/119"}],"wp:attachment":[{"href":"https:\/\/www.confreriedesvignerons.ch\/de\/wp-json\/wp\/v2\/media?parent=1387"}],"curies":[{"name":"wp","href":"https:\/\/api.w.org\/{rel}","templated":true}]}}