{"id":1433,"date":"2012-12-19T10:43:23","date_gmt":"2012-12-19T09:43:23","guid":{"rendered":"http:\/\/www.confreriedesvignerons.ch\/1927-2\/"},"modified":"2013-07-12T14:20:59","modified_gmt":"2013-07-12T12:20:59","slug":"1927-2","status":"publish","type":"page","link":"https:\/\/www.confreriedesvignerons.ch\/de\/die-feste\/du-xviiie-a-nos-jours\/1927-2\/","title":{"rendered":"1927"},"content":{"rendered":"<h2>1. &#8211; 9. AUGUST 1927 : DER \u00c4STHETISCHE R\u00dcCKZUG<\/h2>\n<p>Die strahlende Erinnerung, die das Winzerfest von 1905 in den Gem\u00fctern hinterlassen hatte, steigert 1927 die Erwartungen eines jeden betr\u00e4chtlich.<\/p>\n<p>Die Winzerbruderschaft wagt es nicht, gr\u00f6ssere k\u00fcnstlerische Risiken einzugehen, und strebt danach, das Team von 1905 wieder aufzunehmen (Gustave Doret f\u00fcr die Musik und Ren\u00e9 Morax f\u00fcr das Libretto).\u00a0 Letzterer lehnt das Angebot ab, w\u00e4hrend Doret sich von dieser neuen Herausforderung verlocken l\u00e4sst, sowie auch Ernest Bi\u00e9ler, der 1905 mit Jean Morax f\u00fcr das B\u00fchnenbild und die Kost\u00fcme zusammengearbeitet hatte.<\/p>\n<h3>DAS WINZERFEST TROTZ EINE IN DER KRISE STEHENDEN WEINBAUWELT<\/h3>\n<p>Die Welt des Weinbaus hat sich seit der beiden letzten Feste ver\u00e4ndert: zahlreiche Winzer haben ihre Weinberge verlassen, um in den in Vevey neu geschaffenen Fabriken einen sichereren und regelm\u00e4ssigeren Broterwerb zu suchen. Viele, fr\u00fcher zum Weinbau bestimmten Gebiete werden der st\u00e4dtischen Entwicklung \u00fcberlassen. Die k\u00fcnstlerische Wahl f\u00fcr dieses Fest st\u00fctzt sich gr\u00f6sstenteils auf Tradition: man f\u00fchlt das Bed\u00fcrfnis, sich an sicheren Werten festzuhalten. Man glorifiziert die Erde, die Heimat, die traditionsreiche Arbeit der Bauern und Winzer, man mischt die Kleidungsstile, die sich bereits bei den vorausgegangenen Festen bew\u00e4hrt hatten. Die B\u00fchnenaustattung beruft sich nicht mehr auf die griechisch-r\u00f6mische Antike, sondern vielmehr auf unsere eigene Vergangenheit: eine Festungsmauer mit ihren Rundg\u00e4ngen, die sich nach den Hauptbefestigungst\u00fcrmen und Ringmauern der Schl\u00f6sser von Romont, Lucens, Estavayer und Gruy\u00e8res richtet, dient dem Einmarsch der Gottheiten und der Statisten als Kulisse. In einer wirtschaftlich schwierigen Umwelt, in der die traditionellen Werte zu verschwinden drohen oder sich zumindest neuen Bedingungen anpassen m\u00fcssen, stellt das Winzerfest einen Ort der Erinnerung und der Identit\u00e4t dar, durch den jeder versucht, indem er aus dem Urquell einer gemeinsamen Verganhenheit sch\u00f6pfen kann, Hoffnung auf bessere Zeiten wiederzufinden.<\/p>\n<h3>Lied des kleinen Ziegenhirten<\/h3>\n<h4>\u201cIch sing\u2019 und oft ist mit schwer ums Herz. F\u00fcnfzehn werd\u2019 ich im n\u00e4chsten Herbst. Ich sing\u2019 ganz allein im Felsger\u00f6ll, f\u00fcr nichts, f\u00fcr niemanden, den ganzen Nachmittag. Hodiriadu.<\/h4>\n<h4>Im Morgengrauen mach\u2019 ich mich auf den Weg zum Turm, meine Geib ist schlau. Auf dem ganzen Berg h\u00f6rt man das Gel\u00e4ut meiner leichtf\u00fcssigen Herde, mein Hund begleitet mich. Hodiriadu.<\/h4>\n<h4>Der Rhododendron, der sch\u00f6ne Enzian, wenn wir heimkehren sind sie f\u00fcr Jeanne! Ich denk\u2019 an sie zur Mittagszeit, wenn alles ruhig ist, ich sorge mich, sie ist unten in der Stadt. Hodiriadu.\u201d<\/h4>\n<h4><i>Offizielles Libretto, Winzerfest 1927, Vevey, 1927<\/i><\/h4>\n<h3>SCHAUSPIEL<\/h3>\n<p>Pr\u00e4sident: Emile Gaudard<br \/>Inszenierung:\u00a0Edouard Vierne, durch A. Durec aus Paris wenige Wochen vor Beginn des Festes ersetzt, der die Inszenierung des Schauspiels rettete\u00a0<br \/>Musik: Gustave Doret<br \/>Libretto:\u00a0Pierre Girard<br \/>Kost\u00fcme: Ernest Bi\u00e9ler<\/p>\n<h3>GEKR\u00d6NTE WINZER<\/h3>\n<p>Jean Borlat<br \/>Jean Herzog<br \/>Henri Roux<br \/>F\u00e9lix Dubuis\u00a0(sowie 60 pr\u00e4mierte und ausgezeichnete Winzer)<\/p>\n<h3>ARENA UND B\u00dcHNENBILD<\/h3>\n<p>Hufeisen: Bi\u00e9ler zeichnet als Kulisse eine mittelalterliche Stadtmauer (inspiriert von Estavayer, Lucens, Gruy\u00e8res und Romont) mit 3 Toren, T\u00fcrmen und einem Rundgang 16\u2019000 Pl\u00e4tze<br \/>Kost\u00fcme im Stil des 18. Jahrhunderts<\/p>\n<h3>EIGEN- UND NEUARTIGKEITEN<\/h3>\n<p>Bauern, Korbflechter, Ziegenhirten<br \/>Messager boiteux (der hinkende Bote)<br \/>Noahs R\u00fcckkehr<\/p>\n<h3>DAS FEST IN ZAHLEN<\/h3>\n<p>2000 Statisten, 5 Musikkapellen, 1 Orchester mit 150 Mitwirkenden<br \/>6 Vorstellungen<br \/>Die Pl\u00e4tze kosten von 5.50 bis 82.50 Franken<br \/>Das Fest kostete 1\u2019202\u2019497 Franken<br \/>Ertrag: 216\u2019215 Franken<br \/>Garantiekapital: 388\u2019500 Franken, von 725 Unterzeichnern gew\u00e4hrt, mit einem Beitrag der Bruderschaft \u00fcber 75\u2019000 Franken<\/p>\n","protected":false},"excerpt":{"rendered":"<p>1. &#8211; 9. AUGUST 1927 : DER \u00c4STHETISCHE R\u00dcCKZUG Die strahlende Erinnerung, die das Winzerfest von 1905 in den Gem\u00fctern hinterlassen hatte, steigert 1927 die Erwartungen eines jeden betr\u00e4chtlich. Die Winzerbruderschaft wagt es nicht, gr\u00f6ssere k\u00fcnstlerische Risiken einzugehen, und strebt danach, das Team von 1905 wieder aufzunehmen (Gustave Doret f\u00fcr die Musik und Ren\u00e9 Morax [&hellip;]<\/p>\n","protected":false},"author":6,"featured_media":758,"parent":1516,"menu_order":5,"comment_status":"closed","ping_status":"closed","template":"","meta":{"_acf_changed":false,"_exactmetrics_skip_tracking":false,"_exactmetrics_sitenote_active":false,"_exactmetrics_sitenote_note":"","_exactmetrics_sitenote_category":0,"footnotes":""},"class_list":["post-1433","page","type-page","status-publish","has-post-thumbnail","hentry"],"acf":[],"yoast_head":"<!-- This site is optimized with the Yoast SEO plugin v27.5 - https:\/\/yoast.com\/product\/yoast-seo-wordpress\/ -->\n<title>1927 - La Confr\u00e9rie des Vignerons de Vevey<\/title>\n<meta name=\"robots\" content=\"index, follow, max-snippet:-1, max-image-preview:large, max-video-preview:-1\" \/>\n<meta property=\"og:locale\" content=\"de_DE\" \/>\n<meta property=\"og:type\" content=\"article\" \/>\n<meta property=\"og:title\" content=\"1927 - La Confr\u00e9rie des Vignerons de Vevey\" \/>\n<meta property=\"og:description\" content=\"1. &#8211; 9. AUGUST 1927 : DER \u00c4STHETISCHE R\u00dcCKZUG Die strahlende Erinnerung, die das Winzerfest von 1905 in den Gem\u00fctern hinterlassen hatte, steigert 1927 die Erwartungen eines jeden betr\u00e4chtlich. Die Winzerbruderschaft wagt es nicht, gr\u00f6ssere k\u00fcnstlerische Risiken einzugehen, und strebt danach, das Team von 1905 wieder aufzunehmen (Gustave Doret f\u00fcr die Musik und Ren\u00e9 Morax [&hellip;]\" \/>\n<meta property=\"og:url\" content=\"https:\/\/www.confreriedesvignerons.ch\/de\/die-feste\/du-xviiie-a-nos-jours\/1927-2\/\" \/>\n<meta property=\"og:site_name\" content=\"La Confr\u00e9rie des Vignerons de Vevey\" \/>\n<meta property=\"article:modified_time\" content=\"2013-07-12T12:20:59+00:00\" \/>\n<meta property=\"og:image\" content=\"https:\/\/www.confreriedesvignerons.ch\/wp-content\/uploads\/recadrage_images_left2.jpg\" \/>\n\t<meta property=\"og:image:width\" content=\"245\" \/>\n\t<meta property=\"og:image:height\" content=\"574\" \/>\n\t<meta property=\"og:image:type\" content=\"image\/jpeg\" \/>\n<meta name=\"twitter:label1\" content=\"Gesch\u00e4tzte Lesezeit\" \/>\n\t<meta name=\"twitter:data1\" content=\"3\u00a0Minuten\" \/>\n<!-- \/ Yoast SEO plugin. -->","yoast_head_json":{"title":"1927 - La Confr\u00e9rie des Vignerons de Vevey","robots":{"index":"index","follow":"follow","max-snippet":"max-snippet:-1","max-image-preview":"max-image-preview:large","max-video-preview":"max-video-preview:-1"},"og_locale":"de_DE","og_type":"article","og_title":"1927 - La Confr\u00e9rie des Vignerons de Vevey","og_description":"1. &#8211; 9. AUGUST 1927 : DER \u00c4STHETISCHE R\u00dcCKZUG Die strahlende Erinnerung, die das Winzerfest von 1905 in den Gem\u00fctern hinterlassen hatte, steigert 1927 die Erwartungen eines jeden betr\u00e4chtlich. Die Winzerbruderschaft wagt es nicht, gr\u00f6ssere k\u00fcnstlerische Risiken einzugehen, und strebt danach, das Team von 1905 wieder aufzunehmen (Gustave Doret f\u00fcr die Musik und Ren\u00e9 Morax [&hellip;]","og_url":"https:\/\/www.confreriedesvignerons.ch\/de\/die-feste\/du-xviiie-a-nos-jours\/1927-2\/","og_site_name":"La Confr\u00e9rie des Vignerons de Vevey","article_modified_time":"2013-07-12T12:20:59+00:00","og_image":[{"width":245,"height":574,"url":"https:\/\/www.confreriedesvignerons.ch\/wp-content\/uploads\/recadrage_images_left2.jpg","type":"image\/jpeg"}],"twitter_misc":{"Gesch\u00e4tzte Lesezeit":"3\u00a0Minuten"},"schema":{"@context":"https:\/\/schema.org","@graph":[{"@type":"WebPage","@id":"https:\/\/www.confreriedesvignerons.ch\/de\/die-feste\/du-xviiie-a-nos-jours\/1927-2\/","url":"https:\/\/www.confreriedesvignerons.ch\/de\/die-feste\/du-xviiie-a-nos-jours\/1927-2\/","name":"1927 - La Confr\u00e9rie des Vignerons de Vevey","isPartOf":{"@id":"https:\/\/www.confreriedesvignerons.ch\/#website"},"primaryImageOfPage":{"@id":"https:\/\/www.confreriedesvignerons.ch\/de\/die-feste\/du-xviiie-a-nos-jours\/1927-2\/#primaryimage"},"image":{"@id":"https:\/\/www.confreriedesvignerons.ch\/de\/die-feste\/du-xviiie-a-nos-jours\/1927-2\/#primaryimage"},"thumbnailUrl":"https:\/\/www.confreriedesvignerons.ch\/wp-content\/uploads\/recadrage_images_left2.jpg","datePublished":"2012-12-19T09:43:23+00:00","dateModified":"2013-07-12T12:20:59+00:00","breadcrumb":{"@id":"https:\/\/www.confreriedesvignerons.ch\/de\/die-feste\/du-xviiie-a-nos-jours\/1927-2\/#breadcrumb"},"inLanguage":"de","potentialAction":[{"@type":"ReadAction","target":["https:\/\/www.confreriedesvignerons.ch\/de\/die-feste\/du-xviiie-a-nos-jours\/1927-2\/"]}]},{"@type":"ImageObject","inLanguage":"de","@id":"https:\/\/www.confreriedesvignerons.ch\/de\/die-feste\/du-xviiie-a-nos-jours\/1927-2\/#primaryimage","url":"https:\/\/www.confreriedesvignerons.ch\/wp-content\/uploads\/recadrage_images_left2.jpg","contentUrl":"https:\/\/www.confreriedesvignerons.ch\/wp-content\/uploads\/recadrage_images_left2.jpg","width":245,"height":574},{"@type":"BreadcrumbList","@id":"https:\/\/www.confreriedesvignerons.ch\/de\/die-feste\/du-xviiie-a-nos-jours\/1927-2\/#breadcrumb","itemListElement":[{"@type":"ListItem","position":1,"name":"Home","item":"https:\/\/www.confreriedesvignerons.ch\/de\/"},{"@type":"ListItem","position":2,"name":"Die Feste","item":"https:\/\/www.confreriedesvignerons.ch\/de\/die-feste\/"},{"@type":"ListItem","position":3,"name":"Du XVIII \u00e0 nos jours","item":"https:\/\/www.confreriedesvignerons.ch\/de\/die-feste\/du-xviiie-a-nos-jours\/"},{"@type":"ListItem","position":4,"name":"1927"}]},{"@type":"WebSite","@id":"https:\/\/www.confreriedesvignerons.ch\/#website","url":"https:\/\/www.confreriedesvignerons.ch\/","name":"La Confr\u00e9rie des Vignerons de Vevey","description":"","potentialAction":[{"@type":"SearchAction","target":{"@type":"EntryPoint","urlTemplate":"https:\/\/www.confreriedesvignerons.ch\/?s={search_term_string}"},"query-input":{"@type":"PropertyValueSpecification","valueRequired":true,"valueName":"search_term_string"}}],"inLanguage":"de"}]}},"_links":{"self":[{"href":"https:\/\/www.confreriedesvignerons.ch\/de\/wp-json\/wp\/v2\/pages\/1433","targetHints":{"allow":["GET"]}}],"collection":[{"href":"https:\/\/www.confreriedesvignerons.ch\/de\/wp-json\/wp\/v2\/pages"}],"about":[{"href":"https:\/\/www.confreriedesvignerons.ch\/de\/wp-json\/wp\/v2\/types\/page"}],"author":[{"embeddable":true,"href":"https:\/\/www.confreriedesvignerons.ch\/de\/wp-json\/wp\/v2\/users\/6"}],"replies":[{"embeddable":true,"href":"https:\/\/www.confreriedesvignerons.ch\/de\/wp-json\/wp\/v2\/comments?post=1433"}],"version-history":[{"count":7,"href":"https:\/\/www.confreriedesvignerons.ch\/de\/wp-json\/wp\/v2\/pages\/1433\/revisions"}],"predecessor-version":[{"id":1434,"href":"https:\/\/www.confreriedesvignerons.ch\/de\/wp-json\/wp\/v2\/pages\/1433\/revisions\/1434"}],"up":[{"embeddable":true,"href":"https:\/\/www.confreriedesvignerons.ch\/de\/wp-json\/wp\/v2\/pages\/1516"}],"wp:featuredmedia":[{"embeddable":true,"href":"https:\/\/www.confreriedesvignerons.ch\/de\/wp-json\/wp\/v2\/media\/758"}],"wp:attachment":[{"href":"https:\/\/www.confreriedesvignerons.ch\/de\/wp-json\/wp\/v2\/media?parent=1433"}],"curies":[{"name":"wp","href":"https:\/\/api.w.org\/{rel}","templated":true}]}}