{"id":1438,"date":"2012-12-19T10:42:25","date_gmt":"2012-12-19T09:42:25","guid":{"rendered":"http:\/\/www.confreriedesvignerons.ch\/1905-2\/"},"modified":"2013-07-12T14:10:19","modified_gmt":"2013-07-12T12:10:19","slug":"1905-2","status":"publish","type":"page","link":"https:\/\/www.confreriedesvignerons.ch\/de\/die-feste\/du-xviiie-a-nos-jours\/1905-2\/","title":{"rendered":"1905"},"content":{"rendered":"<h2>4., 5., 7., 8. UND 9. AUGUST 1905 : EIN VEREINIGTES SPIEL<\/h2>\n<h3>Morax und Doret in vollem Einklang<\/h3>\n<p>Das Winzerfest von 1905 ist das von Ren\u00e9 Morax und Gustave Doret. Der Dichter und der Musiker vollbringen voll und ganz, zum ersten Mal, das k\u00fcnstlerische Ideal des Winzerfestes:<\/p>\n<h4>\u201c&#8230; (es) war wirklich die Feier eines ganzen, verbundenen Volkes, nicht nur um die Weinbauarbeit, sondern auch die immense Sch\u00f6nheit seines Landes zu preisen. Der Weg zwischen den Weinreben ist zu jener K\u00f6nigsstrasse geworden, auf der ein ganzes Volk, wie zu den antiken Zeiten der Triumphm\u00e4rsche, den G\u00f6tterwagen und dem Umzug der gekr\u00f6nten Winzer folgt.\u201d<br \/><em>Ren\u00e9 Morax, in \u201cCh. Apoth\u00e9loz, Geschichte und Sagen des Winzerfestes\u201d, Le Cep et la Rose<\/em><\/h4>\n<h3>Der Endpunkt der Feste des 19. Jahrhunderts<\/h3>\n<p>Als Dichter und Theaterregisseur ist Ren\u00e9 Morax der erste, der einen Spielplan des Festes gestaltet und seinen Handlungsablauf entwirft. Die Feste des 19. Jahrhunderts waren dadurch, dass mehrere Autoren daran arbeiteten, lediglich Mosa\u00efken. Das Fest von 1905 ist von Anfang bis Ende koh\u00e4rent. Die ganze Vorstellung spielt sich auf dem Marktplatz ab, wodurch es sich vom Umzug unterscheidet, der nicht mehr viel mit den Paraden des 18. oder den Tanzumz\u00fcgen des 19. Jahrhunderts gemeinsam hat.<\/p>\n<h3>L\u2019hiver ouvre la F\u00eate<\/h3>\n<p>Morax er\u00f6ffnet seine Feier mit dem Winter. In den Mythen des Alten Testaments ist der Rebstock das Symbol der Jahreszeiten und des Weinbaujahrs, das im Winter beginnt. So respektiert Morax den biblischen Mythos der ewig wiederkehrenden Jahreszeiten und verleiht dem Fest eine christliche Symbolik.<\/p>\n<h3>Gustave Doret : ein volkst\u00fcmlicher Hauch<\/h3>\n<p>Die Musik, von Moraxs Poesie getragen, ist eine prachtvolle k\u00fcnstlerische Garbe. Die Ausf\u00fchrung von Dorets Partitur versammelt um die achttausend Chors\u00e4nger und Instrumentalisten. Der Winter-Akt von 1905 beinhaltet einen Chor, der den \u201cSchlaf der Erde\u201d schildert, eines der bemerkenswertesten Musikst\u00fccke von Gustave Doret.<\/p>\n<h3>Der Sinn f\u00fcrs Detail<\/h3>\n<p>So als bem\u00fche man sich zu mehr Authentizit\u00e4t, werden die Frauen endlich ohne Einschr\u00e4nkungen aufgenommen: die Bacchantinnen erscheinen in Gestalt charmanter junger M\u00e4dchen. Zum ersten Mal wird von den Estraden aus ein Film gedreht, und auch Amateurfotografen sind zur Stelle. Im Februar 1906, dank des erzielten Ertrags, \u00fcbertrug die Bruderschaft den Statisten 40% des Werts der Kost\u00fcme.<\/p>\n<h3>SCHAUSPIEL<\/h3>\n<p>Pr\u00e4sident:\u00a0Emile Gaudard<br \/>Inszenierung:\u00a0Ren\u00e9 Morax<br \/>Musik:\u00a0Gustave Doret<br \/> Libretto:Ren\u00e9 Morax, erster wahrer Dichter, erster Autor, der f\u00fcr das Fest einen Plan entwirft,ein Libretto schreibt und nicht eine \u201cMosaik\u201d zusammenstellt<br \/>Kost\u00fcme:\u00a0Jean Morax<\/p>\n<h3>GEKR\u00d6NTE WINZER<\/h3>\n<p>Louis Chessex und Louis Curchod (sowie 61 ausgezeichnete und pr\u00e4mierte Winzer)<\/p>\n<h3>ARENA UND B\u00dcHNENBILD<\/h3>\n<p>Antiker Tempel im neo-klassischen Stil<br \/>Autel des 3 divinit\u00e9s<br \/>3 durch S\u00e4uleng\u00e4nge verbundene Tore<br \/>Hufeisen<br \/>Zentraler, h\u00f6her als die Seitentrib\u00fcnen aufgebauter Block<br \/>12\u2019500 Pl\u00e4tze<\/p>\n<h3>EIGEN- UND NEUARTIGKEITEN<\/h3>\n<p>Verschiebung des Jahreszeitenkreislaufs: das Schauspiel beginnt mit dem Winter und endet mit dem Herbst<br \/>Sakrale Zelebration der Arbeiten und der Tage<br \/>Kuhhirten im Sommer<br \/>Neue Figuren: die Alten; die Spinnerinnen, die Schweizer- und Kantonsbanner in der Arena<br \/>Die Bacchantinnen sind Frauen<br \/>5 Blaskapellen und zum ersten Mal die Basler Pfeifer und Tambouren<br \/>1 Orchester, u.a. von 2 Milit\u00e4rmusikgruppen und 12 Harfen zusammengestellt<br \/>Der Umzug hat nichts mehr mit dem Schauspiel selbst zu tun<\/p>\n<h3>DAS FEST IN ZAHLEN<\/h3>\n<p>1\u2019800 Statisten<br \/>6 Vorstellungen und 2 Umz\u00fcge<br \/>Die Pl\u00e4tze kosten von 2 bis 15 Franken<br \/>Das Fest kostete 625\u2019338 Franken<br \/>Ertrag: 40\u2019664.70 Franken<\/p>\n","protected":false},"excerpt":{"rendered":"<p>4., 5., 7., 8. UND 9. AUGUST 1905 : EIN VEREINIGTES SPIEL Morax und Doret in vollem Einklang Das Winzerfest von 1905 ist das von Ren\u00e9 Morax und Gustave Doret. Der Dichter und der Musiker vollbringen voll und ganz, zum ersten Mal, das k\u00fcnstlerische Ideal des Winzerfestes: \u201c&#8230; (es) war wirklich die Feier eines ganzen, [&hellip;]<\/p>\n","protected":false},"author":6,"featured_media":759,"parent":1516,"menu_order":6,"comment_status":"closed","ping_status":"closed","template":"","meta":{"_acf_changed":false,"_exactmetrics_skip_tracking":false,"_exactmetrics_sitenote_active":false,"_exactmetrics_sitenote_note":"","_exactmetrics_sitenote_category":0,"footnotes":""},"class_list":["post-1438","page","type-page","status-publish","has-post-thumbnail","hentry"],"acf":[],"yoast_head":"<!-- This site is optimized with the Yoast SEO plugin v27.4 - https:\/\/yoast.com\/product\/yoast-seo-wordpress\/ -->\n<title>1905 - La Confr\u00e9rie des Vignerons de Vevey<\/title>\n<meta name=\"robots\" content=\"index, follow, max-snippet:-1, max-image-preview:large, max-video-preview:-1\" \/>\n<meta property=\"og:locale\" content=\"de_DE\" \/>\n<meta property=\"og:type\" content=\"article\" \/>\n<meta property=\"og:title\" content=\"1905 - La Confr\u00e9rie des Vignerons de Vevey\" \/>\n<meta property=\"og:description\" content=\"4., 5., 7., 8. UND 9. AUGUST 1905 : EIN VEREINIGTES SPIEL Morax und Doret in vollem Einklang Das Winzerfest von 1905 ist das von Ren\u00e9 Morax und Gustave Doret. Der Dichter und der Musiker vollbringen voll und ganz, zum ersten Mal, das k\u00fcnstlerische Ideal des Winzerfestes: \u201c&#8230; (es) war wirklich die Feier eines ganzen, [&hellip;]\" \/>\n<meta property=\"og:url\" content=\"https:\/\/www.confreriedesvignerons.ch\/de\/die-feste\/du-xviiie-a-nos-jours\/1905-2\/\" \/>\n<meta property=\"og:site_name\" content=\"La Confr\u00e9rie des Vignerons de Vevey\" \/>\n<meta property=\"article:modified_time\" content=\"2013-07-12T12:10:19+00:00\" \/>\n<meta property=\"og:image\" content=\"https:\/\/www.confreriedesvignerons.ch\/wp-content\/uploads\/recadrage_images_left3.jpg\" \/>\n\t<meta property=\"og:image:width\" content=\"245\" \/>\n\t<meta property=\"og:image:height\" content=\"574\" \/>\n\t<meta property=\"og:image:type\" content=\"image\/jpeg\" \/>\n<meta name=\"twitter:label1\" content=\"Gesch\u00e4tzte Lesezeit\" \/>\n\t<meta name=\"twitter:data1\" content=\"3\u00a0Minuten\" \/>\n<!-- \/ Yoast SEO plugin. -->","yoast_head_json":{"title":"1905 - La Confr\u00e9rie des Vignerons de Vevey","robots":{"index":"index","follow":"follow","max-snippet":"max-snippet:-1","max-image-preview":"max-image-preview:large","max-video-preview":"max-video-preview:-1"},"og_locale":"de_DE","og_type":"article","og_title":"1905 - La Confr\u00e9rie des Vignerons de Vevey","og_description":"4., 5., 7., 8. UND 9. AUGUST 1905 : EIN VEREINIGTES SPIEL Morax und Doret in vollem Einklang Das Winzerfest von 1905 ist das von Ren\u00e9 Morax und Gustave Doret. Der Dichter und der Musiker vollbringen voll und ganz, zum ersten Mal, das k\u00fcnstlerische Ideal des Winzerfestes: \u201c&#8230; (es) war wirklich die Feier eines ganzen, [&hellip;]","og_url":"https:\/\/www.confreriedesvignerons.ch\/de\/die-feste\/du-xviiie-a-nos-jours\/1905-2\/","og_site_name":"La Confr\u00e9rie des Vignerons de Vevey","article_modified_time":"2013-07-12T12:10:19+00:00","og_image":[{"width":245,"height":574,"url":"https:\/\/www.confreriedesvignerons.ch\/wp-content\/uploads\/recadrage_images_left3.jpg","type":"image\/jpeg"}],"twitter_misc":{"Gesch\u00e4tzte Lesezeit":"3\u00a0Minuten"},"schema":{"@context":"https:\/\/schema.org","@graph":[{"@type":"WebPage","@id":"https:\/\/www.confreriedesvignerons.ch\/de\/die-feste\/du-xviiie-a-nos-jours\/1905-2\/","url":"https:\/\/www.confreriedesvignerons.ch\/de\/die-feste\/du-xviiie-a-nos-jours\/1905-2\/","name":"1905 - La Confr\u00e9rie des Vignerons de Vevey","isPartOf":{"@id":"https:\/\/www.confreriedesvignerons.ch\/#website"},"primaryImageOfPage":{"@id":"https:\/\/www.confreriedesvignerons.ch\/de\/die-feste\/du-xviiie-a-nos-jours\/1905-2\/#primaryimage"},"image":{"@id":"https:\/\/www.confreriedesvignerons.ch\/de\/die-feste\/du-xviiie-a-nos-jours\/1905-2\/#primaryimage"},"thumbnailUrl":"https:\/\/www.confreriedesvignerons.ch\/wp-content\/uploads\/recadrage_images_left3.jpg","datePublished":"2012-12-19T09:42:25+00:00","dateModified":"2013-07-12T12:10:19+00:00","breadcrumb":{"@id":"https:\/\/www.confreriedesvignerons.ch\/de\/die-feste\/du-xviiie-a-nos-jours\/1905-2\/#breadcrumb"},"inLanguage":"de","potentialAction":[{"@type":"ReadAction","target":["https:\/\/www.confreriedesvignerons.ch\/de\/die-feste\/du-xviiie-a-nos-jours\/1905-2\/"]}]},{"@type":"ImageObject","inLanguage":"de","@id":"https:\/\/www.confreriedesvignerons.ch\/de\/die-feste\/du-xviiie-a-nos-jours\/1905-2\/#primaryimage","url":"https:\/\/www.confreriedesvignerons.ch\/wp-content\/uploads\/recadrage_images_left3.jpg","contentUrl":"https:\/\/www.confreriedesvignerons.ch\/wp-content\/uploads\/recadrage_images_left3.jpg","width":245,"height":574},{"@type":"BreadcrumbList","@id":"https:\/\/www.confreriedesvignerons.ch\/de\/die-feste\/du-xviiie-a-nos-jours\/1905-2\/#breadcrumb","itemListElement":[{"@type":"ListItem","position":1,"name":"Home","item":"https:\/\/www.confreriedesvignerons.ch\/de\/"},{"@type":"ListItem","position":2,"name":"Die Feste","item":"https:\/\/www.confreriedesvignerons.ch\/de\/die-feste\/"},{"@type":"ListItem","position":3,"name":"Du XVIII \u00e0 nos jours","item":"https:\/\/www.confreriedesvignerons.ch\/de\/die-feste\/du-xviiie-a-nos-jours\/"},{"@type":"ListItem","position":4,"name":"1905"}]},{"@type":"WebSite","@id":"https:\/\/www.confreriedesvignerons.ch\/#website","url":"https:\/\/www.confreriedesvignerons.ch\/","name":"La Confr\u00e9rie des Vignerons de Vevey","description":"","potentialAction":[{"@type":"SearchAction","target":{"@type":"EntryPoint","urlTemplate":"https:\/\/www.confreriedesvignerons.ch\/?s={search_term_string}"},"query-input":{"@type":"PropertyValueSpecification","valueRequired":true,"valueName":"search_term_string"}}],"inLanguage":"de"}]}},"_links":{"self":[{"href":"https:\/\/www.confreriedesvignerons.ch\/de\/wp-json\/wp\/v2\/pages\/1438","targetHints":{"allow":["GET"]}}],"collection":[{"href":"https:\/\/www.confreriedesvignerons.ch\/de\/wp-json\/wp\/v2\/pages"}],"about":[{"href":"https:\/\/www.confreriedesvignerons.ch\/de\/wp-json\/wp\/v2\/types\/page"}],"author":[{"embeddable":true,"href":"https:\/\/www.confreriedesvignerons.ch\/de\/wp-json\/wp\/v2\/users\/6"}],"replies":[{"embeddable":true,"href":"https:\/\/www.confreriedesvignerons.ch\/de\/wp-json\/wp\/v2\/comments?post=1438"}],"version-history":[{"count":11,"href":"https:\/\/www.confreriedesvignerons.ch\/de\/wp-json\/wp\/v2\/pages\/1438\/revisions"}],"predecessor-version":[{"id":1439,"href":"https:\/\/www.confreriedesvignerons.ch\/de\/wp-json\/wp\/v2\/pages\/1438\/revisions\/1439"}],"up":[{"embeddable":true,"href":"https:\/\/www.confreriedesvignerons.ch\/de\/wp-json\/wp\/v2\/pages\/1516"}],"wp:featuredmedia":[{"embeddable":true,"href":"https:\/\/www.confreriedesvignerons.ch\/de\/wp-json\/wp\/v2\/media\/759"}],"wp:attachment":[{"href":"https:\/\/www.confreriedesvignerons.ch\/de\/wp-json\/wp\/v2\/media?parent=1438"}],"curies":[{"name":"wp","href":"https:\/\/api.w.org\/{rel}","templated":true}]}}