{"id":1454,"date":"2013-01-08T11:16:26","date_gmt":"2013-01-08T10:16:26","guid":{"rendered":"http:\/\/www.confreriedesvignerons.ch\/1865-2\/"},"modified":"2013-07-12T14:31:24","modified_gmt":"2013-07-12T12:31:24","slug":"1865-2","status":"publish","type":"page","link":"https:\/\/www.confreriedesvignerons.ch\/de\/die-feste\/du-xviiie-a-nos-jours\/1865-2\/","title":{"rendered":"1865"},"content":{"rendered":"<h2>26. \u2013 27. JULI 1865 : EINE IMMER SCHWIERIGERE FINANZIERUNG<\/h2>\n<h4>\u201cVevey empf\u00e4ngt w\u00e4hrend dieser Tage 40\u2019000 Besucher, und man kann darunter mindestens 20\u2019000 weibliche z\u00e4hlen, dementsprechend 20\u2019000 Krinolinen, also insgesamt 160\u2019000 Stahlreife, je acht davon in jedem Rock, stufenweise und in Kegelform vom Saum bis zur Taille eingesetzt. Diese acht Reife d\u00fcrften zusammen an die zwei Pfund wiegen, was ein Gesamtgewicht von etwa 400 Zentner Stahl ergibt. Jede Krinoline hat auf Saumh\u00f6he im Durchschnitt einen Umfang von 12 Fuss, und wenn man diese Umf\u00e4nge zusammenz\u00e4hlt, kommt man auf eine L\u00e4nge von 240\u2019000 Fuss, also 60\u2019000 Ellen Stoff, die ausreichen w\u00fcrden, um die Strecke von Lausanne nach Bern zu decken. [&#8230;] In der Annahme, dass sie in Vevey am 26. und 27. Juli, durch die dr\u00e4ngende Menge plattgedr\u00fcckt, um ein Viertel\u00a0 reduziert sein w\u00fcrden, wird es dennoch mindestens 5000 von \u00fcberfl\u00fcssigem Umfang besetzte Pl\u00e4tze geben.\u201d <i>Vernes-Prescott, L\u2019Abbaye des Vignerons, son histoire et ses F\u00eates, jusqu\u2019\u00e0 et y compris la F\u00eate de 1865<\/i>\u00a0<\/h4>\n<p>Das Winzerfest ist fortan ein sehr bedeutendes Ereignis in Vevey. Es zieht immer mehr Zuschauer an, vor allem dank der neuen Transportmittel (Zug und Seedampfer). Reiche Leute aus dem gehobenen Mittelstand reisen zahlreich an, was manche bedauern l\u00e4sst, dass sich das Fest den B\u00fcrgern von Vevey entzieht.\u00a0<\/p>\n<h3>Subskribenten verzweifelt gesucht<\/h3>\n<p>Die f\u00fcr die Gestaltung des Winzerfestes notwendigen Mittel werden so betr\u00e4chtlich, dass die eigenen Gelder der Bruderschaft nicht mehr ausreichen. So appellierte sie an die \u00d6ffentlichkeit, in Form einer Subskription, die jedoch den erhofften Erfolg nicht erzielte. Man musste demzufolge den B\u00fcrgern von Vevey klarmachen, dass ohne ihre Subskriptionen das Winzerfest nicht mehr bestehen w\u00fcrde. Schliesslich konnte das notwendige Kapital doch noch zusammengetragen werden. Die mutigen Aktion\u00e4re verloren dabei jedoch 6,50 Franken pro zu 40 Franken gezeichneter Subskription.<\/p>\n<h3>SCHAUSPIEL<\/h3>\n<p>Pr\u00e4sident:\u00a0Louis Bonjour<br \/>Tanzleiter:\u00a0Benjamin Archinard<br \/>Musik:\u00a0Fran\u00e7ois Grast<br \/>Libretto:\u00a0Jules M\u00fclhauser. Das Libretto ist noch ein Kollektivwerk <br \/>Kost\u00fcme und Inszenierung:\u00a0Pierre Lacaze<br \/>B\u00fchnenbild:\u00a0Ernest Burnat<br \/>Vorstellung vor den Estraden, dann traditionelle Parade durch die Stadt, mit an den \u201cStationen\u201d ausgef\u00fchrten T\u00e4nzen.<\/p>\n<h3>GEKR\u00d6NTE WINZER<\/h3>\n<p>Louis Peneyres und Fran\u00e7ois L\u00e9cheyres<br \/>(sowie 58 ausgezeichnete und pr\u00e4mierte Winzer)<\/p>\n<h3>ARENA UND B\u00dcHNENBILD<\/h3>\n<p>3 Triumphb\u00f6gen<br \/>10\u2019500 Pl\u00e4tze<\/p>\n<h3>EIGEN- UND NEUARTIGKEITEN<\/h3>\n<p>Organisation: man f\u00e4ngt ein Jahr zuvor mit den Vorbereitungen an.<br \/>Ein Zentralausschuss (9 R\u00e4te) und 7 Unteraussch\u00fcsse:<br \/>Musik, Dichtung und Ballett, Kost\u00fcme und Attribute, Erbauungen und B\u00fchnenausstattung, Finanzen, Polizei, Unterkunft, Ess- und Trinkwaren.<br \/>Die historischen Kost\u00fcme aus der Genfersee-Gegend werden mit griechischen Drapierungen in Verbindung gebracht, das Kost\u00fcm der Zeit l\u00e4sst dem regelrechten Theaterkost\u00fcm den Vorrang.<br \/>Die sehr beliebten Krinolinen bringen durch ihr Gewicht und ihren Umfang praktische Probleme mit sich.<br \/>Der Winter: die Hochzeit, mit ihren 22, jeder von ihnen einen Schweizer Kanton darstellenden Kelchen, setzt dem Fest seinen Schlusspunkt.<\/p>\n<h3>DAS FEST IN ZAHLEN<\/h3>\n<p>1\u2019200 Statisten<br \/>3 Vorstellungen<br \/>Die Pl\u00e4tze kosten von 1 bis 40 Franken<br \/>Das Fest kostete 144\u2019460 Franken<br \/>Defizit: 10\u2019861 Franken (ein Drittel der Bruderschaft, der Rest den Aktion\u00e4ren zu Lasten)<br \/>Finanzierung: freiwillige Subskription, Ausgabe von 1\u2019000 Aktien zu je 40 Franken<\/p>\n","protected":false},"excerpt":{"rendered":"<p>26. \u2013 27. JULI 1865 : EINE IMMER SCHWIERIGERE FINANZIERUNG \u201cVevey empf\u00e4ngt w\u00e4hrend dieser Tage 40\u2019000 Besucher, und man kann darunter mindestens 20\u2019000 weibliche z\u00e4hlen, dementsprechend 20\u2019000 Krinolinen, also insgesamt 160\u2019000 Stahlreife, je acht davon in jedem Rock, stufenweise und in Kegelform vom Saum bis zur Taille eingesetzt. Diese acht Reife d\u00fcrften zusammen an die [&hellip;]<\/p>\n","protected":false},"author":6,"featured_media":839,"parent":1516,"menu_order":8,"comment_status":"closed","ping_status":"closed","template":"","meta":{"_acf_changed":false,"_exactmetrics_skip_tracking":false,"_exactmetrics_sitenote_active":false,"_exactmetrics_sitenote_note":"","_exactmetrics_sitenote_category":0,"footnotes":""},"class_list":["post-1454","page","type-page","status-publish","has-post-thumbnail","hentry"],"acf":[],"yoast_head":"<!-- This site is optimized with the Yoast SEO plugin v27.4 - https:\/\/yoast.com\/product\/yoast-seo-wordpress\/ -->\n<title>1865 - La Confr\u00e9rie des Vignerons de Vevey<\/title>\n<meta name=\"robots\" content=\"index, follow, max-snippet:-1, max-image-preview:large, max-video-preview:-1\" \/>\n<meta property=\"og:locale\" content=\"de_DE\" \/>\n<meta property=\"og:type\" content=\"article\" \/>\n<meta property=\"og:title\" content=\"1865 - La Confr\u00e9rie des Vignerons de Vevey\" \/>\n<meta property=\"og:description\" content=\"26. \u2013 27. JULI 1865 : EINE IMMER SCHWIERIGERE FINANZIERUNG \u201cVevey empf\u00e4ngt w\u00e4hrend dieser Tage 40\u2019000 Besucher, und man kann darunter mindestens 20\u2019000 weibliche z\u00e4hlen, dementsprechend 20\u2019000 Krinolinen, also insgesamt 160\u2019000 Stahlreife, je acht davon in jedem Rock, stufenweise und in Kegelform vom Saum bis zur Taille eingesetzt. Diese acht Reife d\u00fcrften zusammen an die [&hellip;]\" \/>\n<meta property=\"og:url\" content=\"https:\/\/www.confreriedesvignerons.ch\/de\/die-feste\/du-xviiie-a-nos-jours\/1865-2\/\" \/>\n<meta property=\"og:site_name\" content=\"La Confr\u00e9rie des Vignerons de Vevey\" \/>\n<meta property=\"article:modified_time\" content=\"2013-07-12T12:31:24+00:00\" \/>\n<meta property=\"og:image\" content=\"https:\/\/www.confreriedesvignerons.ch\/wp-content\/uploads\/menu_1865_left.jpg\" \/>\n\t<meta property=\"og:image:width\" content=\"245\" \/>\n\t<meta property=\"og:image:height\" content=\"574\" \/>\n\t<meta property=\"og:image:type\" content=\"image\/jpeg\" \/>\n<meta name=\"twitter:label1\" content=\"Gesch\u00e4tzte Lesezeit\" \/>\n\t<meta name=\"twitter:data1\" content=\"2\u00a0Minuten\" \/>\n<!-- \/ Yoast SEO plugin. -->","yoast_head_json":{"title":"1865 - La Confr\u00e9rie des Vignerons de Vevey","robots":{"index":"index","follow":"follow","max-snippet":"max-snippet:-1","max-image-preview":"max-image-preview:large","max-video-preview":"max-video-preview:-1"},"og_locale":"de_DE","og_type":"article","og_title":"1865 - La Confr\u00e9rie des Vignerons de Vevey","og_description":"26. \u2013 27. JULI 1865 : EINE IMMER SCHWIERIGERE FINANZIERUNG \u201cVevey empf\u00e4ngt w\u00e4hrend dieser Tage 40\u2019000 Besucher, und man kann darunter mindestens 20\u2019000 weibliche z\u00e4hlen, dementsprechend 20\u2019000 Krinolinen, also insgesamt 160\u2019000 Stahlreife, je acht davon in jedem Rock, stufenweise und in Kegelform vom Saum bis zur Taille eingesetzt. Diese acht Reife d\u00fcrften zusammen an die [&hellip;]","og_url":"https:\/\/www.confreriedesvignerons.ch\/de\/die-feste\/du-xviiie-a-nos-jours\/1865-2\/","og_site_name":"La Confr\u00e9rie des Vignerons de Vevey","article_modified_time":"2013-07-12T12:31:24+00:00","og_image":[{"width":245,"height":574,"url":"https:\/\/www.confreriedesvignerons.ch\/wp-content\/uploads\/menu_1865_left.jpg","type":"image\/jpeg"}],"twitter_misc":{"Gesch\u00e4tzte Lesezeit":"2\u00a0Minuten"},"schema":{"@context":"https:\/\/schema.org","@graph":[{"@type":"WebPage","@id":"https:\/\/www.confreriedesvignerons.ch\/de\/die-feste\/du-xviiie-a-nos-jours\/1865-2\/","url":"https:\/\/www.confreriedesvignerons.ch\/de\/die-feste\/du-xviiie-a-nos-jours\/1865-2\/","name":"1865 - La Confr\u00e9rie des Vignerons de Vevey","isPartOf":{"@id":"https:\/\/www.confreriedesvignerons.ch\/#website"},"primaryImageOfPage":{"@id":"https:\/\/www.confreriedesvignerons.ch\/de\/die-feste\/du-xviiie-a-nos-jours\/1865-2\/#primaryimage"},"image":{"@id":"https:\/\/www.confreriedesvignerons.ch\/de\/die-feste\/du-xviiie-a-nos-jours\/1865-2\/#primaryimage"},"thumbnailUrl":"https:\/\/www.confreriedesvignerons.ch\/wp-content\/uploads\/menu_1865_left.jpg","datePublished":"2013-01-08T10:16:26+00:00","dateModified":"2013-07-12T12:31:24+00:00","breadcrumb":{"@id":"https:\/\/www.confreriedesvignerons.ch\/de\/die-feste\/du-xviiie-a-nos-jours\/1865-2\/#breadcrumb"},"inLanguage":"de","potentialAction":[{"@type":"ReadAction","target":["https:\/\/www.confreriedesvignerons.ch\/de\/die-feste\/du-xviiie-a-nos-jours\/1865-2\/"]}]},{"@type":"ImageObject","inLanguage":"de","@id":"https:\/\/www.confreriedesvignerons.ch\/de\/die-feste\/du-xviiie-a-nos-jours\/1865-2\/#primaryimage","url":"https:\/\/www.confreriedesvignerons.ch\/wp-content\/uploads\/menu_1865_left.jpg","contentUrl":"https:\/\/www.confreriedesvignerons.ch\/wp-content\/uploads\/menu_1865_left.jpg","width":245,"height":574},{"@type":"BreadcrumbList","@id":"https:\/\/www.confreriedesvignerons.ch\/de\/die-feste\/du-xviiie-a-nos-jours\/1865-2\/#breadcrumb","itemListElement":[{"@type":"ListItem","position":1,"name":"Home","item":"https:\/\/www.confreriedesvignerons.ch\/de\/"},{"@type":"ListItem","position":2,"name":"Die Feste","item":"https:\/\/www.confreriedesvignerons.ch\/de\/die-feste\/"},{"@type":"ListItem","position":3,"name":"Du XVIII \u00e0 nos jours","item":"https:\/\/www.confreriedesvignerons.ch\/de\/die-feste\/du-xviiie-a-nos-jours\/"},{"@type":"ListItem","position":4,"name":"1865"}]},{"@type":"WebSite","@id":"https:\/\/www.confreriedesvignerons.ch\/#website","url":"https:\/\/www.confreriedesvignerons.ch\/","name":"La Confr\u00e9rie des Vignerons de Vevey","description":"","potentialAction":[{"@type":"SearchAction","target":{"@type":"EntryPoint","urlTemplate":"https:\/\/www.confreriedesvignerons.ch\/?s={search_term_string}"},"query-input":{"@type":"PropertyValueSpecification","valueRequired":true,"valueName":"search_term_string"}}],"inLanguage":"de"}]}},"_links":{"self":[{"href":"https:\/\/www.confreriedesvignerons.ch\/de\/wp-json\/wp\/v2\/pages\/1454","targetHints":{"allow":["GET"]}}],"collection":[{"href":"https:\/\/www.confreriedesvignerons.ch\/de\/wp-json\/wp\/v2\/pages"}],"about":[{"href":"https:\/\/www.confreriedesvignerons.ch\/de\/wp-json\/wp\/v2\/types\/page"}],"author":[{"embeddable":true,"href":"https:\/\/www.confreriedesvignerons.ch\/de\/wp-json\/wp\/v2\/users\/6"}],"replies":[{"embeddable":true,"href":"https:\/\/www.confreriedesvignerons.ch\/de\/wp-json\/wp\/v2\/comments?post=1454"}],"version-history":[{"count":10,"href":"https:\/\/www.confreriedesvignerons.ch\/de\/wp-json\/wp\/v2\/pages\/1454\/revisions"}],"predecessor-version":[{"id":1612,"href":"https:\/\/www.confreriedesvignerons.ch\/de\/wp-json\/wp\/v2\/pages\/1454\/revisions\/1612"}],"up":[{"embeddable":true,"href":"https:\/\/www.confreriedesvignerons.ch\/de\/wp-json\/wp\/v2\/pages\/1516"}],"wp:featuredmedia":[{"embeddable":true,"href":"https:\/\/www.confreriedesvignerons.ch\/de\/wp-json\/wp\/v2\/media\/839"}],"wp:attachment":[{"href":"https:\/\/www.confreriedesvignerons.ch\/de\/wp-json\/wp\/v2\/media?parent=1454"}],"curies":[{"name":"wp","href":"https:\/\/api.w.org\/{rel}","templated":true}]}}