{"id":1461,"date":"2013-01-08T11:51:19","date_gmt":"2013-01-08T10:51:19","guid":{"rendered":"http:\/\/www.confreriedesvignerons.ch\/1851-2\/"},"modified":"2013-07-08T13:29:48","modified_gmt":"2013-07-08T11:29:48","slug":"1851-2","status":"publish","type":"page","link":"https:\/\/www.confreriedesvignerons.ch\/de\/die-feste\/du-xviiie-a-nos-jours\/1851-2\/","title":{"rendered":"1851"},"content":{"rendered":"<h2>7. \u2013 8. AUGUST 1851 : EINE ORIGINELLE PARTITUR F\u00dcR DAS WINZERFEST<\/h2>\n<p>Ab 1851 ist der originelle k\u00fcnstlerische Beitrag jedes Winzerfestes einer der Erfolgsfaktoren der Veranstaltung. Das Fest von 1851 gibt zum ersten Mal Anlass zu einem musikalischen Werk von stilistischer Einheit. Von 800 Chors\u00e4ngern interpretiert, bringt die Originalkomposition von Fran\u00e7ois Grast das Winzerfest an die Oper heran. Doch ist das Libretto immer noch ein mehr oder weniger geschicktes Arrangement von Dichtungen verschiedener Autoren, wodurch es an Homogenit\u00e4t verliert. Die Gottheiten bleiben im Hintergrund und lassen dem Landarbeiter den Vorrang.\u00a0<\/p>\n<h3>SCHAUSPIEL<\/h3>\n<p>Pr\u00e4sident:Fran\u00e7ois D\u00e9joux<br \/>Tanzleiter:\u00a0Benjamin Archinard<br \/> Musik: Fran\u00e7ois Grast: vollst\u00e4ndige Partitur,<br \/> Beginn der sch\u00f6pferischen Phase, erste<br \/> Harmonie und Ch\u00f6re<br \/>Offizieller Dichter:\u00a0Jules M\u00fclhauser, doch ist das Libretto\u00a0noch ein Kollektivwerk<br \/>Kost\u00fcme:\u00a0Pierre Lacaze<br \/> Vorstellung vor den Estraden, dann traditionelle Parade durch die Stadt, mit an den \u201cStationen\u201d ausgef\u00fchrten T\u00e4nzen.<\/p>\n<h3>GEKR\u00d6NTE WINZER<\/h3>\n<p>Henri B\u00e9ny (im Winter vor dem Fest verstorben, die Krone wird seinem Sohn \u00fcberreicht) und Louis Michaud (sowie 51 ausgezeichnete und pr\u00e4mierte Winzer).<\/p>\n<h3>ARENA UND B\u00dcHNENBILD<\/h3>\n<p>Grosse Tore und 3 Triumphb\u00f6gen f\u00fcr die Gottheiten, man spricht von einem Amphitheater, der B\u00fchnenhintergrund nimmt Gestalt an.<br \/>3 viereckige, massive und nicht miteinander verbundene Aufbauten, gegen Norden ge\u00f6ffnet<br \/>8\u2019000 Sitzpl\u00e4tze.<\/p>\n<h3>EIGEN- UND NEUARTIGKEITEN<\/h3>\n<p>Sechs Gliederungen: die vier Jahreszeiten, die Ehrentruppe und die Truppe der Schweizer<br \/>Die Ehrentruppe steht an der Spitze<br \/>Die Alten Schweizer als errichtete K\u00f6rperschaft; bis dahin rahmten sie den Umzug ein und sorgten f\u00fcr Ordnung<br \/>Bacchus wird von einem jungen, in Vevey verweilenden Engl\u00e4nder verk\u00f6rpert<br \/>Die Senner gesellen sich zu der Truppe des Fr\u00fchlings; die Truppe ist um mehrere K\u00fche vergr\u00f6ssert<br \/>Die G\u00f6ttinnen stehen auf \u201cantiken\u201d, von Ochsen gezogenen Wagen, und nicht mehr auf Baldachinen<br \/>Hohe Priester ersetzen die Priesterinnen der G\u00f6ttinnen und singen Lobeshymnen an die Gottheiten<br \/>\u201cInder\u201d ersetzen die \u201cNeger\u201d zur F\u00fchrung von Bacchus\u2019 Pferden<br \/>Der Winter beinhaltet nicht mehr die Arche Noah und den Baron, die in der Zeit der \u201crepublikanischen Sitten\u201d als veraltet erachtet werden.<\/p>\n<h3>DAS FEST IN ZAHLEN<\/h3>\n<p>900 Statisten, 3 Vorstellungen<br \/>Die Pl\u00e4tze kosten von 1 bis 5 Franken<br \/>Das Fest kostete 64\u2019850 Franken<br \/>Defizit: 20\u2019367 Franken<\/p>\n","protected":false},"excerpt":{"rendered":"<p>7. \u2013 8. AUGUST 1851 : EINE ORIGINELLE PARTITUR F\u00dcR DAS WINZERFEST Ab 1851 ist der originelle k\u00fcnstlerische Beitrag jedes Winzerfestes einer der Erfolgsfaktoren der Veranstaltung. Das Fest von 1851 gibt zum ersten Mal Anlass zu einem musikalischen Werk von stilistischer Einheit. Von 800 Chors\u00e4ngern interpretiert, bringt die Originalkomposition von Fran\u00e7ois Grast das Winzerfest an [&hellip;]<\/p>\n","protected":false},"author":6,"featured_media":864,"parent":1516,"menu_order":9,"comment_status":"closed","ping_status":"closed","template":"","meta":{"_acf_changed":false,"_exactmetrics_skip_tracking":false,"_exactmetrics_sitenote_active":false,"_exactmetrics_sitenote_note":"","_exactmetrics_sitenote_category":0,"footnotes":""},"class_list":["post-1461","page","type-page","status-publish","has-post-thumbnail","hentry"],"acf":[],"yoast_head":"<!-- This site is optimized with the Yoast SEO plugin v27.2 - https:\/\/yoast.com\/product\/yoast-seo-wordpress\/ -->\n<title>1851 - La Confr\u00e9rie des Vignerons de Vevey<\/title>\n<meta name=\"robots\" content=\"index, follow, max-snippet:-1, max-image-preview:large, max-video-preview:-1\" \/>\n<meta property=\"og:locale\" content=\"de_DE\" \/>\n<meta property=\"og:type\" content=\"article\" \/>\n<meta property=\"og:title\" content=\"1851 - La Confr\u00e9rie des Vignerons de Vevey\" \/>\n<meta property=\"og:description\" content=\"7. \u2013 8. AUGUST 1851 : EINE ORIGINELLE PARTITUR F\u00dcR DAS WINZERFEST Ab 1851 ist der originelle k\u00fcnstlerische Beitrag jedes Winzerfestes einer der Erfolgsfaktoren der Veranstaltung. Das Fest von 1851 gibt zum ersten Mal Anlass zu einem musikalischen Werk von stilistischer Einheit. Von 800 Chors\u00e4ngern interpretiert, bringt die Originalkomposition von Fran\u00e7ois Grast das Winzerfest an [&hellip;]\" \/>\n<meta property=\"og:url\" content=\"https:\/\/www.confreriedesvignerons.ch\/de\/die-feste\/du-xviiie-a-nos-jours\/1851-2\/\" \/>\n<meta property=\"og:site_name\" content=\"La Confr\u00e9rie des Vignerons de Vevey\" \/>\n<meta property=\"article:modified_time\" content=\"2013-07-08T11:29:48+00:00\" \/>\n<meta property=\"og:image\" content=\"https:\/\/www.confreriedesvignerons.ch\/wp-content\/uploads\/recadrage_1851_left.jpg\" \/>\n\t<meta property=\"og:image:width\" content=\"245\" \/>\n\t<meta property=\"og:image:height\" content=\"574\" \/>\n\t<meta property=\"og:image:type\" content=\"image\/jpeg\" \/>\n<meta name=\"twitter:label1\" content=\"Gesch\u00e4tzte Lesezeit\" \/>\n\t<meta name=\"twitter:data1\" content=\"2\u00a0Minuten\" \/>\n<!-- \/ Yoast SEO plugin. -->","yoast_head_json":{"title":"1851 - La Confr\u00e9rie des Vignerons de Vevey","robots":{"index":"index","follow":"follow","max-snippet":"max-snippet:-1","max-image-preview":"max-image-preview:large","max-video-preview":"max-video-preview:-1"},"og_locale":"de_DE","og_type":"article","og_title":"1851 - La Confr\u00e9rie des Vignerons de Vevey","og_description":"7. \u2013 8. AUGUST 1851 : EINE ORIGINELLE PARTITUR F\u00dcR DAS WINZERFEST Ab 1851 ist der originelle k\u00fcnstlerische Beitrag jedes Winzerfestes einer der Erfolgsfaktoren der Veranstaltung. Das Fest von 1851 gibt zum ersten Mal Anlass zu einem musikalischen Werk von stilistischer Einheit. Von 800 Chors\u00e4ngern interpretiert, bringt die Originalkomposition von Fran\u00e7ois Grast das Winzerfest an [&hellip;]","og_url":"https:\/\/www.confreriedesvignerons.ch\/de\/die-feste\/du-xviiie-a-nos-jours\/1851-2\/","og_site_name":"La Confr\u00e9rie des Vignerons de Vevey","article_modified_time":"2013-07-08T11:29:48+00:00","og_image":[{"width":245,"height":574,"url":"https:\/\/www.confreriedesvignerons.ch\/wp-content\/uploads\/recadrage_1851_left.jpg","type":"image\/jpeg"}],"twitter_misc":{"Gesch\u00e4tzte Lesezeit":"2\u00a0Minuten"},"schema":{"@context":"https:\/\/schema.org","@graph":[{"@type":"WebPage","@id":"https:\/\/www.confreriedesvignerons.ch\/de\/die-feste\/du-xviiie-a-nos-jours\/1851-2\/","url":"https:\/\/www.confreriedesvignerons.ch\/de\/die-feste\/du-xviiie-a-nos-jours\/1851-2\/","name":"1851 - La Confr\u00e9rie des Vignerons de Vevey","isPartOf":{"@id":"https:\/\/www.confreriedesvignerons.ch\/#website"},"primaryImageOfPage":{"@id":"https:\/\/www.confreriedesvignerons.ch\/de\/die-feste\/du-xviiie-a-nos-jours\/1851-2\/#primaryimage"},"image":{"@id":"https:\/\/www.confreriedesvignerons.ch\/de\/die-feste\/du-xviiie-a-nos-jours\/1851-2\/#primaryimage"},"thumbnailUrl":"https:\/\/www.confreriedesvignerons.ch\/wp-content\/uploads\/recadrage_1851_left.jpg","datePublished":"2013-01-08T10:51:19+00:00","dateModified":"2013-07-08T11:29:48+00:00","breadcrumb":{"@id":"https:\/\/www.confreriedesvignerons.ch\/de\/die-feste\/du-xviiie-a-nos-jours\/1851-2\/#breadcrumb"},"inLanguage":"de","potentialAction":[{"@type":"ReadAction","target":["https:\/\/www.confreriedesvignerons.ch\/de\/die-feste\/du-xviiie-a-nos-jours\/1851-2\/"]}]},{"@type":"ImageObject","inLanguage":"de","@id":"https:\/\/www.confreriedesvignerons.ch\/de\/die-feste\/du-xviiie-a-nos-jours\/1851-2\/#primaryimage","url":"https:\/\/www.confreriedesvignerons.ch\/wp-content\/uploads\/recadrage_1851_left.jpg","contentUrl":"https:\/\/www.confreriedesvignerons.ch\/wp-content\/uploads\/recadrage_1851_left.jpg","width":245,"height":574},{"@type":"BreadcrumbList","@id":"https:\/\/www.confreriedesvignerons.ch\/de\/die-feste\/du-xviiie-a-nos-jours\/1851-2\/#breadcrumb","itemListElement":[{"@type":"ListItem","position":1,"name":"Home","item":"https:\/\/www.confreriedesvignerons.ch\/de\/"},{"@type":"ListItem","position":2,"name":"Die Feste","item":"https:\/\/www.confreriedesvignerons.ch\/de\/die-feste\/"},{"@type":"ListItem","position":3,"name":"Du XVIII \u00e0 nos jours","item":"https:\/\/www.confreriedesvignerons.ch\/de\/die-feste\/du-xviiie-a-nos-jours\/"},{"@type":"ListItem","position":4,"name":"1851"}]},{"@type":"WebSite","@id":"https:\/\/www.confreriedesvignerons.ch\/#website","url":"https:\/\/www.confreriedesvignerons.ch\/","name":"La Confr\u00e9rie des Vignerons de Vevey","description":"","potentialAction":[{"@type":"SearchAction","target":{"@type":"EntryPoint","urlTemplate":"https:\/\/www.confreriedesvignerons.ch\/?s={search_term_string}"},"query-input":{"@type":"PropertyValueSpecification","valueRequired":true,"valueName":"search_term_string"}}],"inLanguage":"de"}]}},"_links":{"self":[{"href":"https:\/\/www.confreriedesvignerons.ch\/de\/wp-json\/wp\/v2\/pages\/1461","targetHints":{"allow":["GET"]}}],"collection":[{"href":"https:\/\/www.confreriedesvignerons.ch\/de\/wp-json\/wp\/v2\/pages"}],"about":[{"href":"https:\/\/www.confreriedesvignerons.ch\/de\/wp-json\/wp\/v2\/types\/page"}],"author":[{"embeddable":true,"href":"https:\/\/www.confreriedesvignerons.ch\/de\/wp-json\/wp\/v2\/users\/6"}],"replies":[{"embeddable":true,"href":"https:\/\/www.confreriedesvignerons.ch\/de\/wp-json\/wp\/v2\/comments?post=1461"}],"version-history":[{"count":8,"href":"https:\/\/www.confreriedesvignerons.ch\/de\/wp-json\/wp\/v2\/pages\/1461\/revisions"}],"predecessor-version":[{"id":1463,"href":"https:\/\/www.confreriedesvignerons.ch\/de\/wp-json\/wp\/v2\/pages\/1461\/revisions\/1463"}],"up":[{"embeddable":true,"href":"https:\/\/www.confreriedesvignerons.ch\/de\/wp-json\/wp\/v2\/pages\/1516"}],"wp:featuredmedia":[{"embeddable":true,"href":"https:\/\/www.confreriedesvignerons.ch\/de\/wp-json\/wp\/v2\/media\/864"}],"wp:attachment":[{"href":"https:\/\/www.confreriedesvignerons.ch\/de\/wp-json\/wp\/v2\/media?parent=1461"}],"curies":[{"name":"wp","href":"https:\/\/api.w.org\/{rel}","templated":true}]}}