{"id":1497,"date":"2012-11-09T12:05:00","date_gmt":"2012-11-09T11:05:00","guid":{"rendered":"http:\/\/www.confreriedesvignerons.ch\/les-activites\/"},"modified":"2013-06-13T10:08:13","modified_gmt":"2013-06-13T08:08:13","slug":"die-aktivitaten","status":"publish","type":"page","link":"https:\/\/www.confreriedesvignerons.ch\/de\/la-vigne\/die-aktivitaten\/","title":{"rendered":"Die Aktivit\u00e4ten"},"content":{"rendered":"<h3>Die Weinbau-Aktivit\u00e4ten der Winzerbruderschaft<\/h3>\n<h4>Erweiterung der der Besichtigung der Winzerbruderschaft unterliegenden Gebiete und gegenw\u00e4rtige Aktivit\u00e4ten<\/h4>\n<p>Der Ertrag des Winzerfestes von 1927 erm\u00f6glichte es der Winzerbruderschaft, ihren Wirkungsbereich von Cully bis Aigle zu erweitern. So konnte sie die zur Besichtigung stehende Fl\u00e4che wiederherstellen und ihr Einflussgebiet dementsprechend vergr\u00f6ssern. In dieser Absicht gr\u00fcndete sie den Weinbau-Ausschuss. Heute besichtigen sieben Experten der Bruderschaft dreimal im Jahr mehr als 650 Parzellen, eine Gesamtfl\u00e4che von 274 ha Weinbergen, die sich von Vevey und Umgebung \u00fcber das Gebiet von Pully bis Lavey, an der Grenze zum Wallis, erstrecken.<\/p>\n<p>Zus\u00e4tzlich, um aktiv an der F\u00f6rderung eines Qualit\u00e4ts-Weinbaus teilzunehmen, stellt die Winzerbruderschaft eine Nutzfl\u00e4che ihres Landguts La Doges in La Tour-de Peilz dem Amt f\u00fcr Weinbau des Kantons Waadt (<i>Office cantonal vaudois de la viticulture<\/i>) zur Verf\u00fcgung, um dort verschiedene Versuche (Bestockung, Verfahrensweisen) durchzuf\u00fchren.<\/p>\n","protected":false},"excerpt":{"rendered":"<p>Die Weinbau-Aktivit\u00e4ten der Winzerbruderschaft Erweiterung der der Besichtigung der Winzerbruderschaft unterliegenden Gebiete und gegenw\u00e4rtige Aktivit\u00e4ten Der Ertrag des Winzerfestes von 1927 erm\u00f6glichte es der Winzerbruderschaft, ihren Wirkungsbereich von Cully bis Aigle zu erweitern. So konnte sie die zur Besichtigung stehende Fl\u00e4che wiederherstellen und ihr Einflussgebiet dementsprechend vergr\u00f6ssern. In dieser Absicht gr\u00fcndete sie den Weinbau-Ausschuss. Heute [&hellip;]<\/p>\n","protected":false},"author":6,"featured_media":83,"parent":1518,"menu_order":0,"comment_status":"closed","ping_status":"closed","template":"","meta":{"_acf_changed":false,"_exactmetrics_skip_tracking":false,"_exactmetrics_sitenote_active":false,"_exactmetrics_sitenote_note":"","_exactmetrics_sitenote_category":0,"footnotes":""},"class_list":["post-1497","page","type-page","status-publish","has-post-thumbnail","hentry"],"acf":[],"yoast_head":"<!-- This site is optimized with the Yoast SEO plugin v27.5 - https:\/\/yoast.com\/product\/yoast-seo-wordpress\/ -->\n<title>Die Aktivit\u00e4ten - La Confr\u00e9rie des Vignerons de Vevey<\/title>\n<meta name=\"robots\" content=\"index, follow, max-snippet:-1, max-image-preview:large, max-video-preview:-1\" \/>\n<meta property=\"og:locale\" content=\"de_DE\" \/>\n<meta property=\"og:type\" content=\"article\" \/>\n<meta property=\"og:title\" content=\"Die Aktivit\u00e4ten - La Confr\u00e9rie des Vignerons de Vevey\" \/>\n<meta property=\"og:description\" content=\"Die Weinbau-Aktivit\u00e4ten der Winzerbruderschaft Erweiterung der der Besichtigung der Winzerbruderschaft unterliegenden Gebiete und gegenw\u00e4rtige Aktivit\u00e4ten Der Ertrag des Winzerfestes von 1927 erm\u00f6glichte es der Winzerbruderschaft, ihren Wirkungsbereich von Cully bis Aigle zu erweitern. So konnte sie die zur Besichtigung stehende Fl\u00e4che wiederherstellen und ihr Einflussgebiet dementsprechend vergr\u00f6ssern. In dieser Absicht gr\u00fcndete sie den Weinbau-Ausschuss. Heute [&hellip;]\" \/>\n<meta property=\"og:url\" content=\"https:\/\/www.confreriedesvignerons.ch\/de\/la-vigne\/die-aktivitaten\/\" \/>\n<meta property=\"og:site_name\" content=\"La Confr\u00e9rie des Vignerons de Vevey\" \/>\n<meta property=\"article:modified_time\" content=\"2013-06-13T08:08:13+00:00\" \/>\n<meta property=\"og:image\" content=\"https:\/\/www.confreriedesvignerons.ch\/wp-content\/uploads\/unpeudhistoire3.jpg\" \/>\n\t<meta property=\"og:image:width\" content=\"245\" \/>\n\t<meta property=\"og:image:height\" content=\"574\" \/>\n\t<meta property=\"og:image:type\" content=\"image\/jpeg\" \/>\n<meta name=\"twitter:label1\" content=\"Gesch\u00e4tzte Lesezeit\" \/>\n\t<meta name=\"twitter:data1\" content=\"1\u00a0Minute\" \/>\n<!-- \/ Yoast SEO plugin. -->","yoast_head_json":{"title":"Die Aktivit\u00e4ten - La Confr\u00e9rie des Vignerons de Vevey","robots":{"index":"index","follow":"follow","max-snippet":"max-snippet:-1","max-image-preview":"max-image-preview:large","max-video-preview":"max-video-preview:-1"},"og_locale":"de_DE","og_type":"article","og_title":"Die Aktivit\u00e4ten - La Confr\u00e9rie des Vignerons de Vevey","og_description":"Die Weinbau-Aktivit\u00e4ten der Winzerbruderschaft Erweiterung der der Besichtigung der Winzerbruderschaft unterliegenden Gebiete und gegenw\u00e4rtige Aktivit\u00e4ten Der Ertrag des Winzerfestes von 1927 erm\u00f6glichte es der Winzerbruderschaft, ihren Wirkungsbereich von Cully bis Aigle zu erweitern. So konnte sie die zur Besichtigung stehende Fl\u00e4che wiederherstellen und ihr Einflussgebiet dementsprechend vergr\u00f6ssern. In dieser Absicht gr\u00fcndete sie den Weinbau-Ausschuss. Heute [&hellip;]","og_url":"https:\/\/www.confreriedesvignerons.ch\/de\/la-vigne\/die-aktivitaten\/","og_site_name":"La Confr\u00e9rie des Vignerons de Vevey","article_modified_time":"2013-06-13T08:08:13+00:00","og_image":[{"width":245,"height":574,"url":"https:\/\/www.confreriedesvignerons.ch\/wp-content\/uploads\/unpeudhistoire3.jpg","type":"image\/jpeg"}],"twitter_misc":{"Gesch\u00e4tzte Lesezeit":"1\u00a0Minute"},"schema":{"@context":"https:\/\/schema.org","@graph":[{"@type":"WebPage","@id":"https:\/\/www.confreriedesvignerons.ch\/de\/la-vigne\/die-aktivitaten\/","url":"https:\/\/www.confreriedesvignerons.ch\/de\/la-vigne\/die-aktivitaten\/","name":"Die Aktivit\u00e4ten - La Confr\u00e9rie des Vignerons de Vevey","isPartOf":{"@id":"https:\/\/www.confreriedesvignerons.ch\/#website"},"primaryImageOfPage":{"@id":"https:\/\/www.confreriedesvignerons.ch\/de\/la-vigne\/die-aktivitaten\/#primaryimage"},"image":{"@id":"https:\/\/www.confreriedesvignerons.ch\/de\/la-vigne\/die-aktivitaten\/#primaryimage"},"thumbnailUrl":"https:\/\/www.confreriedesvignerons.ch\/wp-content\/uploads\/unpeudhistoire3.jpg","datePublished":"2012-11-09T11:05:00+00:00","dateModified":"2013-06-13T08:08:13+00:00","breadcrumb":{"@id":"https:\/\/www.confreriedesvignerons.ch\/de\/la-vigne\/die-aktivitaten\/#breadcrumb"},"inLanguage":"de","potentialAction":[{"@type":"ReadAction","target":["https:\/\/www.confreriedesvignerons.ch\/de\/la-vigne\/die-aktivitaten\/"]}]},{"@type":"ImageObject","inLanguage":"de","@id":"https:\/\/www.confreriedesvignerons.ch\/de\/la-vigne\/die-aktivitaten\/#primaryimage","url":"https:\/\/www.confreriedesvignerons.ch\/wp-content\/uploads\/unpeudhistoire3.jpg","contentUrl":"https:\/\/www.confreriedesvignerons.ch\/wp-content\/uploads\/unpeudhistoire3.jpg","width":"245","height":"574"},{"@type":"BreadcrumbList","@id":"https:\/\/www.confreriedesvignerons.ch\/de\/la-vigne\/die-aktivitaten\/#breadcrumb","itemListElement":[{"@type":"ListItem","position":1,"name":"Home","item":"https:\/\/www.confreriedesvignerons.ch\/de\/"},{"@type":"ListItem","position":2,"name":"Der Weinbau","item":"https:\/\/www.confreriedesvignerons.ch\/de\/la-vigne\/"},{"@type":"ListItem","position":3,"name":"Die Aktivit\u00e4ten"}]},{"@type":"WebSite","@id":"https:\/\/www.confreriedesvignerons.ch\/#website","url":"https:\/\/www.confreriedesvignerons.ch\/","name":"La Confr\u00e9rie des Vignerons de Vevey","description":"","potentialAction":[{"@type":"SearchAction","target":{"@type":"EntryPoint","urlTemplate":"https:\/\/www.confreriedesvignerons.ch\/?s={search_term_string}"},"query-input":{"@type":"PropertyValueSpecification","valueRequired":true,"valueName":"search_term_string"}}],"inLanguage":"de"}]}},"_links":{"self":[{"href":"https:\/\/www.confreriedesvignerons.ch\/de\/wp-json\/wp\/v2\/pages\/1497","targetHints":{"allow":["GET"]}}],"collection":[{"href":"https:\/\/www.confreriedesvignerons.ch\/de\/wp-json\/wp\/v2\/pages"}],"about":[{"href":"https:\/\/www.confreriedesvignerons.ch\/de\/wp-json\/wp\/v2\/types\/page"}],"author":[{"embeddable":true,"href":"https:\/\/www.confreriedesvignerons.ch\/de\/wp-json\/wp\/v2\/users\/6"}],"replies":[{"embeddable":true,"href":"https:\/\/www.confreriedesvignerons.ch\/de\/wp-json\/wp\/v2\/comments?post=1497"}],"version-history":[{"count":2,"href":"https:\/\/www.confreriedesvignerons.ch\/de\/wp-json\/wp\/v2\/pages\/1497\/revisions"}],"predecessor-version":[{"id":1498,"href":"https:\/\/www.confreriedesvignerons.ch\/de\/wp-json\/wp\/v2\/pages\/1497\/revisions\/1498"}],"up":[{"embeddable":true,"href":"https:\/\/www.confreriedesvignerons.ch\/de\/wp-json\/wp\/v2\/pages\/1518"}],"wp:featuredmedia":[{"embeddable":true,"href":"https:\/\/www.confreriedesvignerons.ch\/de\/wp-json\/wp\/v2\/media\/83"}],"wp:attachment":[{"href":"https:\/\/www.confreriedesvignerons.ch\/de\/wp-json\/wp\/v2\/media?parent=1497"}],"curies":[{"name":"wp","href":"https:\/\/api.w.org\/{rel}","templated":true}]}}