{"id":2341,"date":"2016-05-20T13:36:49","date_gmt":"2016-05-20T11:36:49","guid":{"rendered":"http:\/\/www.confreriedesvignerons.ch\/de\/galerie-multimedia\/videos\/"},"modified":"2017-12-21T12:01:53","modified_gmt":"2017-12-21T11:01:53","slug":"videos","status":"publish","type":"page","link":"https:\/\/www.confreriedesvignerons.ch\/de\/galerie-multimedia\/videos\/","title":{"rendered":"Videos"},"content":{"rendered":"<div class=\"video_row\">\n<h3>F\u00eate des Vignerons 2019<\/h3>\n<div class=\"video_item\"><strong>Les ar\u00e8nes de la F\u00eate des Vignerons 2019<\/strong><div style=\"width:100%;max-width:400px;\">\n\t\t\t\t\t\t\t<div class=\"videoWrapper\" style=\"position: relative;padding-bottom: 56.25%;height: 0;\">\n\t\t\t\t\t\t\t\t<iframe style=\"position: absolute;top: 0;left: 0;width: 100%;height: 100%;\" src=\"https:\/\/vod.infomaniak.com\/iframe.php?url=sabinecarruzzo_vod\/\/folder-32677\/mp4-322\/fdv2019_film_animation_arena_fete_des_vignerons_2019_-_2017_confre_rie_des_vignerons_tous_droits_re_serve_s-2.mp4&#038;preloadImage=sabinecarruzzo_vod\/\/folder-32677\/mp4-322\/fdv2019_film_animation_arena_fete_des_vignerons_2019_-_2017_confre_rie_des_vignerons_tous_droits_re_serve_s-2.jpg&#038;player=3798&#038;vod=2135&#038;autostart=0&#038;loop=0&#038;strechheight=0\" frameborder=\"0\" allowfullscreen><\/iframe>\n\t\t\t\t\t\t\t<\/div>\n\t\t\t\t\t\t<\/div><\/div>\n<\/div>\n<div class=\"video_row\">\n<h3>Vid\u00e9os th\u00e9matiques<\/h3>\n<div class=\"video_item\"><strong>Historique des ar\u00e8nes<\/strong><div style=\"width:100%;max-width:400px;\">\n\t\t\t\t\t\t\t<div class=\"videoWrapper\" style=\"position: relative;padding-bottom: 56.25%;height: 0;\">\n\t\t\t\t\t\t\t\t<iframe style=\"position: absolute;top: 0;left: 0;width: 100%;height: 100%;\" src=\"https:\/\/vod.infomaniak.com\/iframe.php?url=sabinecarruzzo_vod\/\/folder-32677\/mp4-322\/historiquedesarenesversion2.mp4&#038;preloadImage=sabinecarruzzo_vod\/\/folder-32677\/mp4-322\/historiquedesarenesversion2.jpg&#038;player=3798&#038;vod=2135&#038;autostart=0&#038;loop=0&#038;strechheight=0\" frameborder=\"0\" allowfullscreen><\/iframe>\n\t\t\t\t\t\t\t<\/div>\n\t\t\t\t\t\t<\/div><\/div>\n<div class=\"video_item\"><strong>Les Divinit\u00e9s<\/strong><div style=\"width:100%;max-width:400px;\">\n\t\t\t\t\t\t\t<div class=\"videoWrapper\" style=\"position: relative;padding-bottom: 56.25%;height: 0;\">\n\t\t\t\t\t\t\t\t<iframe style=\"position: absolute;top: 0;left: 0;width: 100%;height: 100%;\" src=\"https:\/\/vod.infomaniak.com\/iframe.php?url=sabinecarruzzo_vod\/\/folder-32677\/mp4-322\/lesdivinites_export2.mp4&#038;preloadImage=sabinecarruzzo_vod\/\/folder-32677\/mp4-322\/lesdivinites_export2.jpg&#038;player=3798&#038;vod=2135&#038;autostart=0&#038;loop=0&#038;strechheight=0\" frameborder=\"0\" allowfullscreen><\/iframe>\n\t\t\t\t\t\t\t<\/div>\n\t\t\t\t\t\t<\/div><\/div>\n<div class=\"video_item\"><strong>Visite des vignes<\/strong><div style=\"width:100%;max-width:400px;\">\n\t\t\t\t\t\t\t<div class=\"videoWrapper\" style=\"position: relative;padding-bottom: 56.25%;height: 0;\">\n\t\t\t\t\t\t\t\t<iframe style=\"position: absolute;top: 0;left: 0;width: 100%;height: 100%;\" src=\"https:\/\/vod.infomaniak.com\/iframe.php?url=sabinecarruzzo_vod\/\/folder-32677\/mp4-322\/filmvisitevigne.mp4&#038;preloadImage=sabinecarruzzo_vod\/\/folder-32677\/mp4-322\/filmvisitevigne.jpg&#038;player=3798&#038;vod=2135&#038;autostart=0&#038;loop=0&#038;strechheight=0\" frameborder=\"0\" allowfullscreen><\/iframe>\n\t\t\t\t\t\t\t<\/div>\n\t\t\t\t\t\t<\/div><\/div>\n<div class=\"video_item\"><strong>La F\u00eate des Vignerons d\u00e9voil\u00e9e \u00e0 la nouvelle g\u00e9n\u00e9ration<\/strong><div style=\"width:100%;max-width:400px;\">\n\t\t\t\t\t\t\t<div class=\"videoWrapper\" style=\"position: relative;padding-bottom: 56.25%;height: 0;\">\n\t\t\t\t\t\t\t\t<iframe style=\"position: absolute;top: 0;left: 0;width: 100%;height: 100%;\" src=\"https:\/\/vod.infomaniak.com\/iframe.php?url=sabinecarruzzo_vod\/\/fdv-32677\/mp4-994\/fdv_video_h264.mp4&#038;preloadImage=sabinecarruzzo_vod\/\/fdv-32677\/mp4-994\/fdv_video_h264.jpg&#038;player=3798&#038;vod=2135&#038;autostart=0&#038;loop=0&#038;strechheight=0\" frameborder=\"0\" allowfullscreen><\/iframe>\n\t\t\t\t\t\t\t<\/div>\n\t\t\t\t\t\t<\/div><br \/>R\u00e9alis\u00e9 et anim\u00e9 par: Jean-Guillaume Sonnier et Guillaume Cerdeira<\/div>\n<\/div>\n<div class=\"video_row\">\n<h3>Films de promotion<\/h3>\n<div class=\"video_item\"><strong>Film UNESCO<\/strong><div style=\"width:100%;max-width:400px;\">\n\t\t\t\t\t\t\t<div class=\"videoWrapper\" style=\"position: relative;padding-bottom: 56.25%;height: 0;\">\n\t\t\t\t\t\t\t\t<iframe style=\"position: absolute;top: 0;left: 0;width: 100%;height: 100%;\" src=\"https:\/\/vod.infomaniak.com\/iframe.php?url=sabinecarruzzo_vod\/\/folder-32677\/mp4-322\/unesco_01_12_16.mp4&#038;preloadImage=sabinecarruzzo_vod\/\/folder-32677\/mp4-322\/unesco_01_12_16.jpg&#038;player=3798&#038;vod=2135&#038;autostart=0&#038;loop=0&#038;strechheight=0\" frameborder=\"0\" allowfullscreen><\/iframe>\n\t\t\t\t\t\t\t<\/div>\n\t\t\t\t\t\t<\/div><\/div>\n<div class=\"video_item\"><strong>Film UNESCO<\/strong><div style=\"width:100%;max-width:400px;\">\n\t\t\t\t\t\t\t<div class=\"videoWrapper\" style=\"position: relative;padding-bottom: 56.25%;height: 0;\">\n\t\t\t\t\t\t\t\t<iframe style=\"position: absolute;top: 0;left: 0;width: 100%;height: 100%;\" src=\"https:\/\/vod.infomaniak.com\/iframe.php?url=sabinecarruzzo_vod\/\/folder-32677\/mp4-322\/lafetedesvigneronsdevevey_st_maxi.mp4&#038;preloadImage=sabinecarruzzo_vod\/\/folder-32677\/mp4-322\/lafetedesvigneronsdevevey_st_maxi.jpg&#038;player=3798&#038;vod=2135&#038;autostart=0&#038;loop=0&#038;strechheight=0\" frameborder=\"0\" allowfullscreen><\/iframe>\n\t\t\t\t\t\t\t<\/div>\n\t\t\t\t\t\t<\/div><\/div>\n<div class=\"video_item\"><strong>Film de r\u00e9trospective 1905-1999<\/strong><div style=\"width:100%;max-width:400px;\">\n\t\t\t\t\t\t\t<div class=\"videoWrapper\" style=\"position: relative;padding-bottom: 56.25%;height: 0;\">\n\t\t\t\t\t\t\t\t<iframe style=\"position: absolute;top: 0;left: 0;width: 100%;height: 100%;\" src=\"https:\/\/vod.infomaniak.com\/iframe.php?url=sabinecarruzzo_vod\/\/folder-32677\/mp4-322\/fdv_promo_2013_francais_h264-hd720p.mp4&#038;preloadImage=sabinecarruzzo_vod\/\/folder-32677\/mp4-322\/fdv_promo_2013_francais_h264-hd720p.jpg&#038;player=3798&#038;vod=2135&#038;autostart=0&#038;loop=0&#038;strechheight=0\" frameborder=\"0\" allowfullscreen><\/iframe>\n\t\t\t\t\t\t\t<\/div>\n\t\t\t\t\t\t<\/div><\/div>\n<\/div>\n<div class=\"video_row\">\n<h3>Films des F\u00eates<\/h3>\n<div class=\"video_item\"><strong>1905<\/strong><br \/>\n<div style=\"width:100%;max-width:400px;\">\n\t\t\t\t\t\t\t<div class=\"videoWrapper\" style=\"position: relative;padding-bottom: 56.25%;height: 0;\">\n\t\t\t\t\t\t\t\t<iframe style=\"position: absolute;top: 0;left: 0;width: 100%;height: 100%;\" src=\"https:\/\/vod.infomaniak.com\/iframe.php?url=sabinecarruzzo_vod\/\/folder-32677\/mp4-322\/vignerons_1905.mp4&#038;preloadImage=sabinecarruzzo_vod\/\/folder-32677\/mp4-322\/vignerons_1905.jpg&#038;player=3798&#038;vod=2135&#038;autostart=0&#038;loop=0&#038;strechheight=0\" frameborder=\"0\" allowfullscreen><\/iframe>\n\t\t\t\t\t\t\t<\/div>\n\t\t\t\t\t\t<\/div><\/div>\n<div class=\"video_item\"><strong>1927<\/strong><br \/>\n<div style=\"width:100%;max-width:400px;\">\n\t\t\t\t\t\t\t<div class=\"videoWrapper\" style=\"position: relative;padding-bottom: 56.25%;height: 0;\">\n\t\t\t\t\t\t\t\t<iframe style=\"position: absolute;top: 0;left: 0;width: 100%;height: 100%;\" src=\"https:\/\/vod.infomaniak.com\/iframe.php?url=sabinecarruzzo_vod\/\/folder-32677\/mp4-322\/vignerons_1927.mp4&#038;preloadImage=sabinecarruzzo_vod\/\/folder-32677\/mp4-322\/vignerons_1927.jpg&#038;player=3798&#038;vod=2135&#038;autostart=0&#038;loop=0&#038;strechheight=0\" frameborder=\"0\" allowfullscreen><\/iframe>\n\t\t\t\t\t\t\t<\/div>\n\t\t\t\t\t\t<\/div><\/div>\n<div class=\"video_item\"><strong>1955<\/strong><br \/>\n<div style=\"width:100%;max-width:400px;\">\n\t\t\t\t\t\t\t<div class=\"videoWrapper\" style=\"position: relative;padding-bottom: 56.25%;height: 0;\">\n\t\t\t\t\t\t\t\t<iframe style=\"position: absolute;top: 0;left: 0;width: 100%;height: 100%;\" src=\"https:\/\/vod.infomaniak.com\/iframe.php?url=sabinecarruzzo_vod\/\/folder-32677\/mp4-322\/vignerons_1955.mp4&#038;preloadImage=sabinecarruzzo_vod\/\/folder-32677\/mp4-322\/vignerons_1955.jpg&#038;player=3798&#038;vod=2135&#038;autostart=0&#038;loop=0&#038;strechheight=0\" frameborder=\"0\" allowfullscreen><\/iframe>\n\t\t\t\t\t\t\t<\/div>\n\t\t\t\t\t\t<\/div><\/div>\n<div class=\"video_item\"><strong>1977<\/strong><br \/>\n<div style=\"width:100%;max-width:400px;\">\n\t\t\t\t\t\t\t<div class=\"videoWrapper\" style=\"position: relative;padding-bottom: 56.25%;height: 0;\">\n\t\t\t\t\t\t\t\t<iframe style=\"position: absolute;top: 0;left: 0;width: 100%;height: 100%;\" src=\"https:\/\/vod.infomaniak.com\/iframe.php?url=sabinecarruzzo_vod\/\/folder-32677\/mp4-322\/vignerons_1977.mp4&#038;preloadImage=sabinecarruzzo_vod\/\/folder-32677\/mp4-322\/vignerons_1977.jpg&#038;player=3798&#038;vod=2135&#038;autostart=0&#038;loop=0&#038;strechheight=0\" frameborder=\"0\" allowfullscreen><\/iframe>\n\t\t\t\t\t\t\t<\/div>\n\t\t\t\t\t\t<\/div><\/div>\n<div class=\"video_item\"><strong>1999<\/strong><br \/>\n<div style=\"width:100%;max-width:400px;\">\n\t\t\t\t\t\t\t<div class=\"videoWrapper\" style=\"position: relative;padding-bottom: 56.25%;height: 0;\">\n\t\t\t\t\t\t\t\t<iframe style=\"position: absolute;top: 0;left: 0;width: 100%;height: 100%;\" src=\"https:\/\/vod.infomaniak.com\/iframe.php?url=sabinecarruzzo_vod\/\/folder-32677\/mp4-322\/vignerons_1999.mp4&#038;preloadImage=sabinecarruzzo_vod\/\/folder-32677\/mp4-322\/vignerons_1999.jpg&#038;player=3798&#038;vod=2135&#038;autostart=0&#038;loop=0&#038;strechheight=0\" frameborder=\"0\" allowfullscreen><\/iframe>\n\t\t\t\t\t\t\t<\/div>\n\t\t\t\t\t\t<\/div><\/div>\n<\/div>\n","protected":false},"excerpt":{"rendered":"<p>F\u00eate des Vignerons 2019 Les ar\u00e8nes de la F\u00eate des Vignerons 2019 Vid\u00e9os th\u00e9matiques Historique des ar\u00e8nes Les Divinit\u00e9s Visite des vignes La F\u00eate des Vignerons d\u00e9voil\u00e9e \u00e0 la nouvelle g\u00e9n\u00e9ration R\u00e9alis\u00e9 et anim\u00e9 par: Jean-Guillaume Sonnier et Guillaume Cerdeira Films de promotion Film UNESCO Film UNESCO Film de r\u00e9trospective 1905-1999 Films des F\u00eates 1905 [&hellip;]<\/p>\n","protected":false},"author":6,"featured_media":0,"parent":2337,"menu_order":2,"comment_status":"closed","ping_status":"closed","template":"page-videos.php","meta":{"_acf_changed":false,"_exactmetrics_skip_tracking":false,"_exactmetrics_sitenote_active":false,"_exactmetrics_sitenote_note":"","_exactmetrics_sitenote_category":0,"footnotes":""},"class_list":["post-2341","page","type-page","status-publish","hentry"],"acf":[],"yoast_head":"<!-- This site is optimized with the Yoast SEO plugin v27.2 - https:\/\/yoast.com\/product\/yoast-seo-wordpress\/ -->\n<title>Videos - La Confr\u00e9rie des Vignerons de Vevey<\/title>\n<meta name=\"robots\" content=\"index, follow, max-snippet:-1, max-image-preview:large, max-video-preview:-1\" \/>\n<meta property=\"og:locale\" content=\"de_DE\" \/>\n<meta property=\"og:type\" content=\"article\" \/>\n<meta property=\"og:title\" content=\"Videos - La Confr\u00e9rie des Vignerons de Vevey\" \/>\n<meta property=\"og:description\" content=\"F\u00eate des Vignerons 2019 Les ar\u00e8nes de la F\u00eate des Vignerons 2019 Vid\u00e9os th\u00e9matiques Historique des ar\u00e8nes Les Divinit\u00e9s Visite des vignes La F\u00eate des Vignerons d\u00e9voil\u00e9e \u00e0 la nouvelle g\u00e9n\u00e9ration R\u00e9alis\u00e9 et anim\u00e9 par: Jean-Guillaume Sonnier et Guillaume Cerdeira Films de promotion Film UNESCO Film UNESCO Film de r\u00e9trospective 1905-1999 Films des F\u00eates 1905 [&hellip;]\" \/>\n<meta property=\"og:url\" content=\"https:\/\/www.confreriedesvignerons.ch\/de\/galerie-multimedia\/videos\/\" \/>\n<meta property=\"og:site_name\" content=\"La Confr\u00e9rie des Vignerons de Vevey\" \/>\n<meta property=\"article:modified_time\" content=\"2017-12-21T11:01:53+00:00\" \/>\n<meta name=\"twitter:label1\" content=\"Gesch\u00e4tzte Lesezeit\" \/>\n\t<meta name=\"twitter:data1\" content=\"2\u00a0Minuten\" \/>\n<!-- \/ Yoast SEO plugin. -->","yoast_head_json":{"title":"Videos - La Confr\u00e9rie des Vignerons de Vevey","robots":{"index":"index","follow":"follow","max-snippet":"max-snippet:-1","max-image-preview":"max-image-preview:large","max-video-preview":"max-video-preview:-1"},"og_locale":"de_DE","og_type":"article","og_title":"Videos - La Confr\u00e9rie des Vignerons de Vevey","og_description":"F\u00eate des Vignerons 2019 Les ar\u00e8nes de la F\u00eate des Vignerons 2019 Vid\u00e9os th\u00e9matiques Historique des ar\u00e8nes Les Divinit\u00e9s Visite des vignes La F\u00eate des Vignerons d\u00e9voil\u00e9e \u00e0 la nouvelle g\u00e9n\u00e9ration R\u00e9alis\u00e9 et anim\u00e9 par: Jean-Guillaume Sonnier et Guillaume Cerdeira Films de promotion Film UNESCO Film UNESCO Film de r\u00e9trospective 1905-1999 Films des F\u00eates 1905 [&hellip;]","og_url":"https:\/\/www.confreriedesvignerons.ch\/de\/galerie-multimedia\/videos\/","og_site_name":"La Confr\u00e9rie des Vignerons de Vevey","article_modified_time":"2017-12-21T11:01:53+00:00","twitter_misc":{"Gesch\u00e4tzte Lesezeit":"2\u00a0Minuten"},"schema":{"@context":"https:\/\/schema.org","@graph":[{"@type":"WebPage","@id":"https:\/\/www.confreriedesvignerons.ch\/de\/galerie-multimedia\/videos\/","url":"https:\/\/www.confreriedesvignerons.ch\/de\/galerie-multimedia\/videos\/","name":"Videos - La Confr\u00e9rie des Vignerons de Vevey","isPartOf":{"@id":"https:\/\/www.confreriedesvignerons.ch\/#website"},"datePublished":"2016-05-20T11:36:49+00:00","dateModified":"2017-12-21T11:01:53+00:00","breadcrumb":{"@id":"https:\/\/www.confreriedesvignerons.ch\/de\/galerie-multimedia\/videos\/#breadcrumb"},"inLanguage":"de","potentialAction":[{"@type":"ReadAction","target":["https:\/\/www.confreriedesvignerons.ch\/de\/galerie-multimedia\/videos\/"]}]},{"@type":"BreadcrumbList","@id":"https:\/\/www.confreriedesvignerons.ch\/de\/galerie-multimedia\/videos\/#breadcrumb","itemListElement":[{"@type":"ListItem","position":1,"name":"Home","item":"https:\/\/www.confreriedesvignerons.ch\/de\/"},{"@type":"ListItem","position":2,"name":"Multimedia Galerie","item":"https:\/\/www.confreriedesvignerons.ch\/de\/galerie-multimedia\/"},{"@type":"ListItem","position":3,"name":"Videos"}]},{"@type":"WebSite","@id":"https:\/\/www.confreriedesvignerons.ch\/#website","url":"https:\/\/www.confreriedesvignerons.ch\/","name":"La Confr\u00e9rie des Vignerons de Vevey","description":"","potentialAction":[{"@type":"SearchAction","target":{"@type":"EntryPoint","urlTemplate":"https:\/\/www.confreriedesvignerons.ch\/?s={search_term_string}"},"query-input":{"@type":"PropertyValueSpecification","valueRequired":true,"valueName":"search_term_string"}}],"inLanguage":"de"}]}},"_links":{"self":[{"href":"https:\/\/www.confreriedesvignerons.ch\/de\/wp-json\/wp\/v2\/pages\/2341","targetHints":{"allow":["GET"]}}],"collection":[{"href":"https:\/\/www.confreriedesvignerons.ch\/de\/wp-json\/wp\/v2\/pages"}],"about":[{"href":"https:\/\/www.confreriedesvignerons.ch\/de\/wp-json\/wp\/v2\/types\/page"}],"author":[{"embeddable":true,"href":"https:\/\/www.confreriedesvignerons.ch\/de\/wp-json\/wp\/v2\/users\/6"}],"replies":[{"embeddable":true,"href":"https:\/\/www.confreriedesvignerons.ch\/de\/wp-json\/wp\/v2\/comments?post=2341"}],"version-history":[{"count":13,"href":"https:\/\/www.confreriedesvignerons.ch\/de\/wp-json\/wp\/v2\/pages\/2341\/revisions"}],"predecessor-version":[{"id":2944,"href":"https:\/\/www.confreriedesvignerons.ch\/de\/wp-json\/wp\/v2\/pages\/2341\/revisions\/2944"}],"up":[{"embeddable":true,"href":"https:\/\/www.confreriedesvignerons.ch\/de\/wp-json\/wp\/v2\/pages\/2337"}],"wp:attachment":[{"href":"https:\/\/www.confreriedesvignerons.ch\/de\/wp-json\/wp\/v2\/media?parent=2341"}],"curies":[{"name":"wp","href":"https:\/\/api.w.org\/{rel}","templated":true}]}}