{"id":25,"date":"2012-10-16T14:48:35","date_gmt":"2012-10-16T13:48:35","guid":{"rendered":"http:\/\/www.confreriedesvignerons.ch\/?page_id=25"},"modified":"2019-11-26T11:10:44","modified_gmt":"2019-11-26T10:10:44","slug":"startseite","status":"publish","type":"page","link":"https:\/\/www.confreriedesvignerons.ch\/de\/","title":{"rendered":"Startseite"},"content":{"rendered":"<p>Willkommen auf der offiziellen Website der Winzerbruderschaft (Confr\u00e9rie des Vignerons), Veranstalterin des Winzerfestes (F\u00eate des Vignerons).<\/p>\n<p>Diese auf der Welt einzigartige Feier verl\u00e4uft einmal pro Generation in Vevey, eine im Herzen des Weingebiets von Lavaux, im Schweizer Kanton Waadt gelegene Stadt.<\/p>\n<p>Entdecken Sie mit uns ihre Aktivit\u00e4ten, ihre Geschichte und ihre jahrhundertealten Traditionen.<\/p>\n","protected":false},"excerpt":{"rendered":"<p>Willkommen auf der offiziellen Website der Winzerbruderschaft (Confr\u00e9rie des Vignerons), Veranstalterin des Winzerfestes (F\u00eate des Vignerons). Diese auf der Welt einzigartige Feier verl\u00e4uft einmal pro Generation in Vevey, eine im Herzen des Weingebiets von Lavaux, im Schweizer Kanton Waadt gelegene Stadt. Entdecken Sie mit uns ihre Aktivit\u00e4ten, ihre Geschichte und ihre jahrhundertealten Traditionen.<\/p>\n","protected":false},"author":6,"featured_media":0,"parent":0,"menu_order":7,"comment_status":"open","ping_status":"open","template":"home.php","meta":{"_acf_changed":false,"_exactmetrics_skip_tracking":false,"_exactmetrics_sitenote_active":false,"_exactmetrics_sitenote_note":"","_exactmetrics_sitenote_category":0,"footnotes":""},"class_list":["post-25","page","type-page","status-publish","hentry"],"acf":[],"yoast_head":"<!-- This site is optimized with the Yoast SEO plugin v27.2 - https:\/\/yoast.com\/product\/yoast-seo-wordpress\/ -->\n<title>Startseite - La Confr\u00e9rie des Vignerons de Vevey<\/title>\n<meta name=\"robots\" content=\"index, follow, max-snippet:-1, max-image-preview:large, max-video-preview:-1\" \/>\n<meta property=\"og:locale\" content=\"de_DE\" \/>\n<meta property=\"og:type\" content=\"article\" \/>\n<meta property=\"og:title\" content=\"Startseite - La Confr\u00e9rie des Vignerons de Vevey\" \/>\n<meta property=\"og:description\" content=\"Willkommen auf der offiziellen Website der Winzerbruderschaft (Confr\u00e9rie des Vignerons), Veranstalterin des Winzerfestes (F\u00eate des Vignerons). Diese auf der Welt einzigartige Feier verl\u00e4uft einmal pro Generation in Vevey, eine im Herzen des Weingebiets von Lavaux, im Schweizer Kanton Waadt gelegene Stadt. Entdecken Sie mit uns ihre Aktivit\u00e4ten, ihre Geschichte und ihre jahrhundertealten Traditionen.\" \/>\n<meta property=\"og:url\" content=\"https:\/\/www.confreriedesvignerons.ch\/de\/\" \/>\n<meta property=\"og:site_name\" content=\"La Confr\u00e9rie des Vignerons de Vevey\" \/>\n<meta property=\"article:modified_time\" content=\"2019-11-26T10:10:44+00:00\" \/>\n<!-- \/ Yoast SEO plugin. -->","yoast_head_json":{"title":"Startseite - La Confr\u00e9rie des Vignerons de Vevey","robots":{"index":"index","follow":"follow","max-snippet":"max-snippet:-1","max-image-preview":"max-image-preview:large","max-video-preview":"max-video-preview:-1"},"og_locale":"de_DE","og_type":"article","og_title":"Startseite - La Confr\u00e9rie des Vignerons de Vevey","og_description":"Willkommen auf der offiziellen Website der Winzerbruderschaft (Confr\u00e9rie des Vignerons), Veranstalterin des Winzerfestes (F\u00eate des Vignerons). Diese auf der Welt einzigartige Feier verl\u00e4uft einmal pro Generation in Vevey, eine im Herzen des Weingebiets von Lavaux, im Schweizer Kanton Waadt gelegene Stadt. Entdecken Sie mit uns ihre Aktivit\u00e4ten, ihre Geschichte und ihre jahrhundertealten Traditionen.","og_url":"https:\/\/www.confreriedesvignerons.ch\/de\/","og_site_name":"La Confr\u00e9rie des Vignerons de Vevey","article_modified_time":"2019-11-26T10:10:44+00:00","schema":{"@context":"https:\/\/schema.org","@graph":[{"@type":"WebPage","@id":"https:\/\/www.confreriedesvignerons.ch\/de\/","url":"https:\/\/www.confreriedesvignerons.ch\/de\/","name":"Startseite - La Confr\u00e9rie des Vignerons de Vevey","isPartOf":{"@id":"https:\/\/www.confreriedesvignerons.ch\/#website"},"datePublished":"2012-10-16T13:48:35+00:00","dateModified":"2019-11-26T10:10:44+00:00","breadcrumb":{"@id":"https:\/\/www.confreriedesvignerons.ch\/de\/#breadcrumb"},"inLanguage":"de","potentialAction":[{"@type":"ReadAction","target":["https:\/\/www.confreriedesvignerons.ch\/de\/"]}]},{"@type":"BreadcrumbList","@id":"https:\/\/www.confreriedesvignerons.ch\/de\/#breadcrumb","itemListElement":[{"@type":"ListItem","position":1,"name":"Home","item":"https:\/\/www.confreriedesvignerons.ch\/de\/"},{"@type":"ListItem","position":2,"name":"Startseite"}]},{"@type":"WebSite","@id":"https:\/\/www.confreriedesvignerons.ch\/#website","url":"https:\/\/www.confreriedesvignerons.ch\/","name":"La Confr\u00e9rie des Vignerons de Vevey","description":"","potentialAction":[{"@type":"SearchAction","target":{"@type":"EntryPoint","urlTemplate":"https:\/\/www.confreriedesvignerons.ch\/?s={search_term_string}"},"query-input":{"@type":"PropertyValueSpecification","valueRequired":true,"valueName":"search_term_string"}}],"inLanguage":"de"}]}},"_links":{"self":[{"href":"https:\/\/www.confreriedesvignerons.ch\/de\/wp-json\/wp\/v2\/pages\/25","targetHints":{"allow":["GET"]}}],"collection":[{"href":"https:\/\/www.confreriedesvignerons.ch\/de\/wp-json\/wp\/v2\/pages"}],"about":[{"href":"https:\/\/www.confreriedesvignerons.ch\/de\/wp-json\/wp\/v2\/types\/page"}],"author":[{"embeddable":true,"href":"https:\/\/www.confreriedesvignerons.ch\/de\/wp-json\/wp\/v2\/users\/6"}],"replies":[{"embeddable":true,"href":"https:\/\/www.confreriedesvignerons.ch\/de\/wp-json\/wp\/v2\/comments?post=25"}],"version-history":[{"count":10,"href":"https:\/\/www.confreriedesvignerons.ch\/de\/wp-json\/wp\/v2\/pages\/25\/revisions"}],"predecessor-version":[{"id":3234,"href":"https:\/\/www.confreriedesvignerons.ch\/de\/wp-json\/wp\/v2\/pages\/25\/revisions\/3234"}],"wp:attachment":[{"href":"https:\/\/www.confreriedesvignerons.ch\/de\/wp-json\/wp\/v2\/media?parent=25"}],"curies":[{"name":"wp","href":"https:\/\/api.w.org\/{rel}","templated":true}]}}