{"id":3317,"date":"2019-11-26T13:55:25","date_gmt":"2019-11-26T12:55:25","guid":{"rendered":"https:\/\/www.confreriedesvignerons.ch\/die-feste\/du-xviiie-a-nos-jours\/2019-2\/"},"modified":"2021-10-28T09:50:53","modified_gmt":"2021-10-28T07:50:53","slug":"2019-2","status":"publish","type":"page","link":"https:\/\/www.confreriedesvignerons.ch\/de\/die-feste\/du-xviiie-a-nos-jours\/2019-2\/","title":{"rendered":"2019"},"content":{"rendered":"<h1>2019<\/h1>\n<h2>Emotion, lumi\u00e8re et f\u00e9minit\u00e9 : un renouvellement<\/h2>\n<p>\u00ab La vie est \u00e9ph\u00e9m\u00e8re \/ et tu es \u00e9ternelle. \/ Par-del\u00e0 les fronti\u00e8res, \/ retour \u00e0 l\u2019essentiel : \/ Je t\u2019aime, la terre. \u00bb <em>Po\u00e8me de la F\u00eate des Vignerons 2019<\/em>, 2019.<\/p>\n<p>Premi\u00e8re du troisi\u00e8me mill\u00e9naire, la 12e \u00e9dition de la F\u00eate des Vignerons a eu lieu du 18 juillet au 11 ao\u00fbt 2019. Pr\u00e8s de 10 ans auront \u00e9t\u00e9 n\u00e9cessaires \u00e0 la Confr\u00e9rie des Vignerons pour l\u2019organiser.<\/p>\n<h2>222 ans de F\u00eate des Vignerons<\/h2>\n<p>La conception et la mise en sc\u00e8ne du spectacle de la F\u00eate des Vignerons 2019 ont \u00e9t\u00e9 confi\u00e9es au tessinois Daniele Finzi Pasca et \u00e0 son \u00e9pouse Julie Hamelin Finzi, d\u00e9c\u00e9d\u00e9e en 2016. Pour concevoir et donner vie au spectacle de la 12e \u00e9dition, le metteur en sc\u00e8ne s\u2019est entour\u00e9 d\u2019une \u00e9quipe de cr\u00e9ateurs : le sc\u00e9nographe Hugo Gargiulo, la compositrice Maria Bonzanigo et les compositeurs J\u00e9rome Berney et Valentin Villard, la costumi\u00e8re Giovanna Buzzi, les auteurs Blaise Hofmann et St\u00e9phane Blok, le chor\u00e9graphe Bryn Walters, le sonorisateur Martin Reich, le concepteur Lumi\u00e8re Alexis Bowles ainsi que le concepteur vid\u00e9o Roberto Vitalini.<\/p>\n<p>Depuis plus de deux si\u00e8cles, l\u2019alternance des saisons a rythm\u00e9 le d\u00e9roulement de toutes les F\u00eates des Vignerons. Les saisons symbolisaient le temps qui passe, les cycles de la nature et des vies humaines. Pourtant, les saisons qui marquent l\u2019ann\u00e9e du vigneron dans ses parchets ne sont-elles vraiment qu\u2019au nombre de quatre ? Les vignerons sont aux prises avec les \u00e9l\u00e9ments, les myst\u00e8res de la terre et de l\u2019Univers. \u00c0 y regarder de plus pr\u00e8s, au temps, r\u00e9el et tangible, des travaux des vignerons \u2015 de la taille \u00e0 l\u2019\u00e9bourgeonnement, des effeuilles aux vendanges \u2015 viennent s\u2019ajouter des temps plus universels, intimes et introspectifs qui se m\u00ealent.<\/p>\n<p>Le voyage auquel vous convie la F\u00eate des Vignerons 2019 n\u2019est donc pas lin\u00e9aire. C\u2019est un va-et-vient dans les saisons du vigneron au gr\u00e9 de l\u2019\u00e9vocation des changements du temps et de la nature. La r\u00e9alit\u00e9 y est per\u00e7ue \u00e0 travers les yeux et l\u2019imagination d&#8217;une fillette, la petite Julie. Ainsi, lors de la sc\u00e8ne des vendanges qui ouvre le spectacle, Julie se repose un instant devant la capite de vignes en compagnie de son Grand-P\u00e8re, qui peut alors lui transmettre ses connaissances, les myst\u00e8res de la vigne, la beaut\u00e9 et la g\u00e9n\u00e9rosit\u00e9 des paysages et la culture mill\u00e9naire qui guide le travail des vignerons d\u2019ici. Gr\u00e2ce \u00e0 lui, la petite Julie d\u00e9couvre la force des liens familiaux et de ses racines terriennes.<\/p>\n<p>Les rencontres successives de Julie avec les Trois Docteurs, figures clownesques de notables et d\u2019experts de la F\u00eate, lui permettent d\u2019interpr\u00e9ter avec humour et bienveillance l\u2019histoire des vignes d\u2019ici et du r\u00f4le de la Confr\u00e9rie. Ils participent \u00e0 la construction du monde f\u00e9\u00e9rique de la petite Julie.<\/p>\n<p>Tout au long du spectacle, magnifi\u00e9e par son imagination enfantine, la r\u00e9alit\u00e9 se transforme en un monde onirique et f\u00e9\u00e9rique. En compagnie d\u2019une belle Libellule, incarnation de l\u2019esprit f\u00e9minin qui s\u2019affirme avec force en ce nouveau mill\u00e9naire et symbolise l\u2019envol de la petite Julie, elle entreprend un magnifique voyage initiatique.<\/p>\n<h2>Entre technologie et traditions<\/h2>\n<p>A l\u2019\u00e8re du digital et des nouvelles technologies de communication, la F\u00eate des Vignerons allie comme \u00e0 chaque fois tradition et modernit\u00e9. Si les costumes et les troupes \u00e9voquent des traditions centenaires, la technologie permet de donner \u00e0 la mise en sc\u00e8ne et aux d\u00e9cors des allures futuristes. Dot\u00e9e d\u2019un plancher LED de 800m2 (le plus grand jamais construit en plein air \u00e0 cette \u00e9poque), de cinq sc\u00e8nes, de plusieurs milliers de projecteurs et d\u2019un syst\u00e8me de sonorisation \u00e0 la pointe de la technologie, l\u2019ar\u00e8ne de 20\u2019000 places assises a durablement marqu\u00e9 les esprits.<\/p>\n<h2>Vevey : Ville en F\u00eate et capitale \u00e9ph\u00e9m\u00e8re de la Suisse<\/h2>\n<p>En 2019, la F\u00eate des Vignerons investit la Vieille Ville de Vevey et les quais gr\u00e2ce \u00e0 la Ville en F\u00eate. Pendant plus d\u2019un mois, des caveaux, des bars et des restaurants \u00e9ph\u00e9m\u00e8res ont accueillis un million de visiteurs. Sur plusieurs sc\u00e8nes ouvertes et dans les rues, pr\u00e8s de 1280 animations qui rythment les jours et les nuits des habitants et des visiteurs, dont la Parade de Nuit qui tous les soirs ravis petits et grands. Invit\u00e9s par la Confr\u00e9rie des Vignerons, les 26 cantons suisses, la Conf\u00e9d\u00e9ration helv\u00e9tique mais \u00e9galement les Suisses de l\u2019Etranger se sont rendus \u00e0 Vevey avec leurs d\u00e9l\u00e9gations officiels, proposant aux visiteurs de d\u00e9couvrir les traditions culturelles, culinaires et viticoles cantonales. Lors de la journ\u00e9e de la Conf\u00e9d\u00e9ration, le 1er ao\u00fbt 2019, pr\u00e8s de 100\u2019000 personnes se sont rendues \u00e0 Vevey pour assister aux spectacles et aux festivit\u00e9s de la F\u00eate nationale, dont une parade de la Patrouille Suisse.<\/p>\n<h2>SPECTACLE<\/h2>\n<p>Abb\u00e9-Pr\u00e9sident : Fran\u00e7ois Margot Conception et mise en sc\u00e8ne : Daniele Finzi Pasca et Julie Hamelin Finzi Conception de l\u2019ar\u00e8ne et sc\u00e9nographie : Hugo Gargiulo Direction musicale et composition : Maria Bonzanigo, J\u00e9rome Berney et Valentin Villard Costumes : Giovanna Buzzi Po\u00e8mes : Blaise Hofmann et St\u00e9phane Blok Chor\u00e9graphie : Bryn Walters Sonorisation et environnement sonore : Martin Reich Conception Lumi\u00e8re : Alexis Bowles et Daniele Finzi Pasca Conception vid\u00e9o : Roberto Vitalini<\/p>\n<h2>VIGNERONS COURONN\u00c9S<\/h2>\n<p>Jean-Daniel Berthet Antonio Figliola Corinne Buttet Jean-No\u00ebl Favre Jean-Francois Franceschini Jean-Daniel Suardet (et 70 vigneron-ne-s r\u00e9compens\u00e9-e-s)<\/p>\n<h2>AR\u00c8NES ET D\u00c9CORS<\/h2>\n<p>L\u2019ar\u00e8ne, de forme octogonale, a une capacit\u00e9 de 20\u2019000 places. L\u2019espace sc\u00e9nique de 1\u2019400m2 est divis\u00e9 en cinq sc\u00e8nes. La technologie s\u2019invite tout au long du spectacle. Un plancher LED de 800m2 occupe la sc\u00e8ne principale et des \u00e9crans LED sont plac\u00e9s sur les sc\u00e8nes secondaires. Deux escaliers sc\u00e9niques et une rampe, escamotables, permettent aux com\u00e9diens, aux acteurs figurants et aux d\u00e9cors grandioses de surgir \u00e0 tout moment.<\/p>\n<h2>SP\u00c9CIFICIT\u00c9S ET NOUVEAUT\u00c9S<\/h2>\n<p>Le couronnement est int\u00e9gr\u00e9 \u00e0 la premi\u00e8re repr\u00e9sentation du spectacle le 18 juillet 2019. Le vigneron, la vigne et les liens qui les unissent \u00e9taient plac\u00e9s au centre de la dramaturgie. Les divinit\u00e9s et certaines troupes ont \u00e9t\u00e9 \u00e9cart\u00e9es au profit de nouvelles compositions tels que les Cent pour Cent (100 hommes et 100 femmes), les Bourgeons, les Effeuilleuses, les Enfants Protecteurs, etc. La musique est enregistr\u00e9e par le Gstaad Festival Orchestra. Certaines partitions sont interpr\u00e9t\u00e9es en direct par des formations de musiciens professionnels, dont six solistes, et amateurs, issus des formations musicales de la r\u00e9gion. Les chants sont interpr\u00e9t\u00e9s par les 900 choristes du Choeur de la F\u00eate, dirig\u00e9s par Caroline Meyer, C\u00e9line Grandjean et de nombreux chefs de choeurs de la r\u00e9gion. Le messager boiteux est remplac\u00e9 par une femme, la Messag\u00e8re, interpr\u00e9t\u00e9 par une jeune athl\u00e8te paralympique. Le corps des Cent Suisses et les Armaillis f\u00eatent le bicentenaire de leur participation \u00e0 la F\u00eate des Vignerons. Le Ranz des vaches est interpr\u00e9t\u00e9 par onze Armaillis-Solistes fribourgeois et vaudois, en comm\u00e9moration de la F\u00eate des Vignerons de 1819 o\u00f9 onze chanteurs avaient interpr\u00e9t\u00e9 pour la premi\u00e8re cet air c\u00e9l\u00e8bre. L\u2019ensemble des cantons suisses ont \u00e9t\u00e9 invit\u00e9s \u00e0 participer aux Journ\u00e9es Cantonales. Tous ont r\u00e9pondu pr\u00e9sents La Ville en F\u00eate accueille pr\u00e8s de 1300 animations culturelles et musicales durant les trois semaines et demi que dure la manifestation. Les Journ\u00e9es Cantonales voient d\u00e9filer les 26 cantons helv\u00e9tiques ainsi que la Conf\u00e9d\u00e9ration et les Suisses de l\u2019Etranger. L\u2019organisation ex\u00e9cutive de la F\u00eate des Vignerons est assur\u00e9e par Fr\u00e9d\u00e9ric Hohl, assist\u00e9 de Marie-Jo Valente et d\u2019une \u00e9quipe de professionnels et de nombreux juniors.<\/p>\n<h2>LA F\u00caTE EN CHIFFRES<\/h2>\n<p>5\u2019500 acteurs-figurants 1\u2019200 b\u00e9n\u00e9voles 2 r\u00e9p\u00e9titions g\u00e9n\u00e9rales publiques, 1 premi\u00e8re nocturne avec le couronnement, 10 repr\u00e9sentations nocturnes, 9 repr\u00e9sentations diurnes. 375\u2019000 spectateurs 1\u2019000\u2019000 de visiteurs dans la Ville en F\u00eate 1280 animations artistiques gratuites propos\u00e9es aux visiteurs de la Ville en F\u00eate 3 cort\u00e8ges de la Confr\u00e9rie des Vignerons 20 cort\u00e8ges cantonaux et autant de d\u00e9fil\u00e9s. 1 Journ\u00e9e de la Confr\u00e9rie des Vignerons, 1 Journ\u00e9e de la Conf\u00e9d\u00e9ration pour la F\u00eate Nationale du 1er ao\u00fbt et 18 Journ\u00e9es Cantonales o\u00f9 les 26 cantons helv\u00e9tiques, les Suisses de l\u2019Etranger et les r\u00e9gions de la Riviera et du Pays-d\u2019Enhaut ont r\u00e9pondu pr\u00e9sents. Les places co\u00fbtent entre 79.- et 359.\u2013. Le budget est de 103 millions de francs.<\/p>\n","protected":false},"excerpt":{"rendered":"<p>2019 Emotion, lumi\u00e8re et f\u00e9minit\u00e9 : un renouvellement \u00ab La vie est \u00e9ph\u00e9m\u00e8re \/ et tu es \u00e9ternelle. \/ Par-del\u00e0 les fronti\u00e8res, \/ retour \u00e0 l\u2019essentiel : \/ Je t\u2019aime, la terre. \u00bb Po\u00e8me de la F\u00eate des Vignerons 2019, 2019. Premi\u00e8re du troisi\u00e8me mill\u00e9naire, la 12e \u00e9dition de la F\u00eate des Vignerons a eu [&hellip;]<\/p>\n","protected":false},"author":6,"featured_media":3497,"parent":1516,"menu_order":1,"comment_status":"closed","ping_status":"closed","template":"","meta":{"_acf_changed":false,"_exactmetrics_skip_tracking":false,"_exactmetrics_sitenote_active":false,"_exactmetrics_sitenote_note":"","_exactmetrics_sitenote_category":0,"footnotes":""},"class_list":["post-3317","page","type-page","status-publish","has-post-thumbnail","hentry"],"acf":[],"yoast_head":"<!-- This site is optimized with the Yoast SEO plugin v27.4 - https:\/\/yoast.com\/product\/yoast-seo-wordpress\/ -->\n<title>2019 - La Confr\u00e9rie des Vignerons de Vevey<\/title>\n<meta name=\"robots\" content=\"index, follow, max-snippet:-1, max-image-preview:large, max-video-preview:-1\" \/>\n<meta property=\"og:locale\" content=\"de_DE\" \/>\n<meta property=\"og:type\" content=\"article\" \/>\n<meta property=\"og:title\" content=\"2019 - La Confr\u00e9rie des Vignerons de Vevey\" \/>\n<meta property=\"og:description\" content=\"2019 Emotion, lumi\u00e8re et f\u00e9minit\u00e9 : un renouvellement \u00ab La vie est \u00e9ph\u00e9m\u00e8re \/ et tu es \u00e9ternelle. \/ Par-del\u00e0 les fronti\u00e8res, \/ retour \u00e0 l\u2019essentiel : \/ Je t\u2019aime, la terre. \u00bb Po\u00e8me de la F\u00eate des Vignerons 2019, 2019. Premi\u00e8re du troisi\u00e8me mill\u00e9naire, la 12e \u00e9dition de la F\u00eate des Vignerons a eu [&hellip;]\" \/>\n<meta property=\"og:url\" content=\"https:\/\/www.confreriedesvignerons.ch\/de\/die-feste\/du-xviiie-a-nos-jours\/2019-2\/\" \/>\n<meta property=\"og:site_name\" content=\"La Confr\u00e9rie des Vignerons de Vevey\" \/>\n<meta property=\"article:modified_time\" content=\"2021-10-28T07:50:53+00:00\" \/>\n<meta property=\"og:image\" content=\"https:\/\/www.confreriedesvignerons.ch\/wp-content\/uploads\/fdv2019-banner.jpg\" \/>\n\t<meta property=\"og:image:width\" content=\"245\" \/>\n\t<meta property=\"og:image:height\" content=\"574\" \/>\n\t<meta property=\"og:image:type\" content=\"image\/jpeg\" \/>\n<meta name=\"twitter:label1\" content=\"Gesch\u00e4tzte Lesezeit\" \/>\n\t<meta name=\"twitter:data1\" content=\"7\u00a0Minuten\" \/>\n<!-- \/ Yoast SEO plugin. -->","yoast_head_json":{"title":"2019 - La Confr\u00e9rie des Vignerons de Vevey","robots":{"index":"index","follow":"follow","max-snippet":"max-snippet:-1","max-image-preview":"max-image-preview:large","max-video-preview":"max-video-preview:-1"},"og_locale":"de_DE","og_type":"article","og_title":"2019 - La Confr\u00e9rie des Vignerons de Vevey","og_description":"2019 Emotion, lumi\u00e8re et f\u00e9minit\u00e9 : un renouvellement \u00ab La vie est \u00e9ph\u00e9m\u00e8re \/ et tu es \u00e9ternelle. \/ Par-del\u00e0 les fronti\u00e8res, \/ retour \u00e0 l\u2019essentiel : \/ Je t\u2019aime, la terre. \u00bb Po\u00e8me de la F\u00eate des Vignerons 2019, 2019. Premi\u00e8re du troisi\u00e8me mill\u00e9naire, la 12e \u00e9dition de la F\u00eate des Vignerons a eu [&hellip;]","og_url":"https:\/\/www.confreriedesvignerons.ch\/de\/die-feste\/du-xviiie-a-nos-jours\/2019-2\/","og_site_name":"La Confr\u00e9rie des Vignerons de Vevey","article_modified_time":"2021-10-28T07:50:53+00:00","og_image":[{"width":245,"height":574,"url":"https:\/\/www.confreriedesvignerons.ch\/wp-content\/uploads\/fdv2019-banner.jpg","type":"image\/jpeg"}],"twitter_misc":{"Gesch\u00e4tzte Lesezeit":"7\u00a0Minuten"},"schema":{"@context":"https:\/\/schema.org","@graph":[{"@type":"WebPage","@id":"https:\/\/www.confreriedesvignerons.ch\/de\/die-feste\/du-xviiie-a-nos-jours\/2019-2\/","url":"https:\/\/www.confreriedesvignerons.ch\/de\/die-feste\/du-xviiie-a-nos-jours\/2019-2\/","name":"2019 - La Confr\u00e9rie des Vignerons de Vevey","isPartOf":{"@id":"https:\/\/www.confreriedesvignerons.ch\/#website"},"primaryImageOfPage":{"@id":"https:\/\/www.confreriedesvignerons.ch\/de\/die-feste\/du-xviiie-a-nos-jours\/2019-2\/#primaryimage"},"image":{"@id":"https:\/\/www.confreriedesvignerons.ch\/de\/die-feste\/du-xviiie-a-nos-jours\/2019-2\/#primaryimage"},"thumbnailUrl":"https:\/\/www.confreriedesvignerons.ch\/wp-content\/uploads\/fdv2019-banner.jpg","datePublished":"2019-11-26T12:55:25+00:00","dateModified":"2021-10-28T07:50:53+00:00","breadcrumb":{"@id":"https:\/\/www.confreriedesvignerons.ch\/de\/die-feste\/du-xviiie-a-nos-jours\/2019-2\/#breadcrumb"},"inLanguage":"de","potentialAction":[{"@type":"ReadAction","target":["https:\/\/www.confreriedesvignerons.ch\/de\/die-feste\/du-xviiie-a-nos-jours\/2019-2\/"]}]},{"@type":"ImageObject","inLanguage":"de","@id":"https:\/\/www.confreriedesvignerons.ch\/de\/die-feste\/du-xviiie-a-nos-jours\/2019-2\/#primaryimage","url":"https:\/\/www.confreriedesvignerons.ch\/wp-content\/uploads\/fdv2019-banner.jpg","contentUrl":"https:\/\/www.confreriedesvignerons.ch\/wp-content\/uploads\/fdv2019-banner.jpg","width":245,"height":574},{"@type":"BreadcrumbList","@id":"https:\/\/www.confreriedesvignerons.ch\/de\/die-feste\/du-xviiie-a-nos-jours\/2019-2\/#breadcrumb","itemListElement":[{"@type":"ListItem","position":1,"name":"Home","item":"https:\/\/www.confreriedesvignerons.ch\/de\/"},{"@type":"ListItem","position":2,"name":"Die Feste","item":"https:\/\/www.confreriedesvignerons.ch\/de\/die-feste\/"},{"@type":"ListItem","position":3,"name":"Du XVIII \u00e0 nos jours","item":"https:\/\/www.confreriedesvignerons.ch\/de\/die-feste\/du-xviiie-a-nos-jours\/"},{"@type":"ListItem","position":4,"name":"2019"}]},{"@type":"WebSite","@id":"https:\/\/www.confreriedesvignerons.ch\/#website","url":"https:\/\/www.confreriedesvignerons.ch\/","name":"La Confr\u00e9rie des Vignerons de Vevey","description":"","potentialAction":[{"@type":"SearchAction","target":{"@type":"EntryPoint","urlTemplate":"https:\/\/www.confreriedesvignerons.ch\/?s={search_term_string}"},"query-input":{"@type":"PropertyValueSpecification","valueRequired":true,"valueName":"search_term_string"}}],"inLanguage":"de"}]}},"_links":{"self":[{"href":"https:\/\/www.confreriedesvignerons.ch\/de\/wp-json\/wp\/v2\/pages\/3317","targetHints":{"allow":["GET"]}}],"collection":[{"href":"https:\/\/www.confreriedesvignerons.ch\/de\/wp-json\/wp\/v2\/pages"}],"about":[{"href":"https:\/\/www.confreriedesvignerons.ch\/de\/wp-json\/wp\/v2\/types\/page"}],"author":[{"embeddable":true,"href":"https:\/\/www.confreriedesvignerons.ch\/de\/wp-json\/wp\/v2\/users\/6"}],"replies":[{"embeddable":true,"href":"https:\/\/www.confreriedesvignerons.ch\/de\/wp-json\/wp\/v2\/comments?post=3317"}],"version-history":[{"count":3,"href":"https:\/\/www.confreriedesvignerons.ch\/de\/wp-json\/wp\/v2\/pages\/3317\/revisions"}],"predecessor-version":[{"id":3501,"href":"https:\/\/www.confreriedesvignerons.ch\/de\/wp-json\/wp\/v2\/pages\/3317\/revisions\/3501"}],"up":[{"embeddable":true,"href":"https:\/\/www.confreriedesvignerons.ch\/de\/wp-json\/wp\/v2\/pages\/1516"}],"wp:featuredmedia":[{"embeddable":true,"href":"https:\/\/www.confreriedesvignerons.ch\/de\/wp-json\/wp\/v2\/media\/3497"}],"wp:attachment":[{"href":"https:\/\/www.confreriedesvignerons.ch\/de\/wp-json\/wp\/v2\/media?parent=3317"}],"curies":[{"name":"wp","href":"https:\/\/api.w.org\/{rel}","templated":true}]}}