{"id":1118,"date":"2012-11-09T12:03:23","date_gmt":"2012-11-09T11:03:23","guid":{"rendered":"http:\/\/www.confreriedesvignerons.ch\/presentation\/les-abbes\/"},"modified":"2013-04-24T11:28:21","modified_gmt":"2013-04-24T09:28:21","slug":"the-abbots","status":"publish","type":"page","link":"https:\/\/www.confreriedesvignerons.ch\/en\/presentation\/the-abbots\/","title":{"rendered":"The abbots"},"content":{"rendered":"<h3>The Abbots and the Council<\/h3>\n<h4>\u00abLa liste de ses r\u00e9v\u00e9rends et seigneurs Abb\u00e9s est comme le livre d\u2019or de la bourgeoisie veveysanne\u00bb <em>G. Renaud, La F\u00eate des Vignerons de Vevey, Vevey, 1905<\/em><\/h4>\n<p>The Brotherhood of Winegrowers is an off-shoot of the Vevey bourgeoisie, or citizenry. The Abbot-Presidents (presidents of the Brotherhood Council) were usually, and still are, members of the town council, lawyers, notaries or judges.<\/p>\n<p>In 1797, in the early days of the Vaudois Revolution, for the first time a doctor, Louis Levade, held the highest function within the Association of Agriculture. This was an exception.<\/p>\n<h3>The Abbots of the Vevey Brotherhood of Winegrowers<\/h3>\n<table cellspacing=\"0\" cellpadding=\"0\">\n<tbody>\n<tr>\n<td>Beginning<\/td>\n<td>XVIIe<\/td>\n<td>Barbier F.<\/td>\n<td>\u00a0<\/td>\n<\/tr>\n<tr>\n<td>1647<\/td>\n<td>Virtuous and prudent<\/td>\n<td>Montet<\/td>\n<td>Chr\u00e9tien<\/td>\n<\/tr>\n<tr>\n<td>1661<\/td>\n<td>Virtuous and prudent<\/td>\n<td>Dufour<\/td>\n<td>Fran\u00e7ois<\/td>\n<\/tr>\n<tr>\n<td>1683<\/td>\n<td>Virtuous and prudent<\/td>\n<td>Falconnet<\/td>\n<td>Andr\u00e9<\/td>\n<\/tr>\n<tr>\n<td>1689<\/td>\n<td>Virtuous and prudent<\/td>\n<td>Chastelain<\/td>\n<td>Adam<\/td>\n<\/tr>\n<tr>\n<td>1724<\/td>\n<td>Mr.<\/td>\n<td>Pilisser<\/td>\n<td>Fran\u00e7ois-Louis<\/td>\n<\/tr>\n<tr>\n<td>1725<\/td>\n<td>Mr.<\/td>\n<td>Pasteur<\/td>\n<td>Jean-Marc<\/td>\n<\/tr>\n<tr>\n<td>1735<\/td>\n<td>Mr.<\/td>\n<td>Ronjat<\/td>\n<td>Etienne<\/td>\n<\/tr>\n<tr>\n<td>1737<\/td>\n<td>Mr.<\/td>\n<td>Granier<\/td>\n<td>Fran\u00e7ois<\/td>\n<\/tr>\n<tr>\n<td>1753<\/td>\n<td>Mr.<\/td>\n<td>Marindin<\/td>\n<td>Pierre<\/td>\n<\/tr>\n<tr>\n<td>1754<\/td>\n<td>Mr.<\/td>\n<td>Graz<\/td>\n<td>Jean-Pierre<\/td>\n<\/tr>\n<tr>\n<td>1771<\/td>\n<td>Mr.<\/td>\n<td>Nicod<\/td>\n<td>Pierre-Fran\u00e7ois<\/td>\n<\/tr>\n<tr>\n<td>1783<\/td>\n<td>Mr.<\/td>\n<td>Delom<\/td>\n<td>Jean-Fran\u00e7ois<\/td>\n<\/tr>\n<tr>\n<td>1797<\/td>\n<td>Mr.<\/td>\n<td>Levade<\/td>\n<td>Louis<\/td>\n<\/tr>\n<tr>\n<td>1821<\/td>\n<td>Mr.<\/td>\n<td>Grenier<\/td>\n<td>Louis<\/td>\n<\/tr>\n<tr>\n<td>1833<\/td>\n<td>Mr.<\/td>\n<td>Doret<\/td>\n<td>Vincent<\/td>\n<\/tr>\n<tr>\n<td>1835<\/td>\n<td>Mr.<\/td>\n<td>Dupont<\/td>\n<td>Louis<\/td>\n<\/tr>\n<tr>\n<td>1845<\/td>\n<td>Mr.<\/td>\n<td>D\u00e9joux<\/td>\n<td>Fran\u00e7ois<\/td>\n<\/tr>\n<tr>\n<td>1857<\/td>\n<td>Mr.<\/td>\n<td>Cu\u00e9nod<\/td>\n<td>Jules<\/td>\n<\/tr>\n<tr>\n<td>1863<\/td>\n<td>Mr.<\/td>\n<td>Collomb<\/td>\n<td>Edouard<\/td>\n<\/tr>\n<tr>\n<td>1864<\/td>\n<td>Mr.<\/td>\n<td>Bonjour<\/td>\n<td>Louis<\/td>\n<\/tr>\n<tr>\n<td>1866<\/td>\n<td>Mr.<\/td>\n<td>Loude<\/td>\n<td>Alfred<\/td>\n<\/tr>\n<tr>\n<td>1880<\/td>\n<td>Mr.<\/td>\n<td>Baron<\/td>\n<td>Louis<\/td>\n<\/tr>\n<tr>\n<td>1887<\/td>\n<td>Mr.<\/td>\n<td>C\u00e9r\u00e9sole<\/td>\n<td>Paul<\/td>\n<\/tr>\n<tr>\n<td>1899<\/td>\n<td>Mr.<\/td>\n<td>Gaudard<\/td>\n<td>Emile<\/td>\n<\/tr>\n<tr>\n<td>1941<\/td>\n<td>Mr.<\/td>\n<td>G\u00e9taz<\/td>\n<td>Emile<\/td>\n<\/tr>\n<tr>\n<td>1952<\/td>\n<td>Mr.<\/td>\n<td>D\u00e9n\u00e9r\u00e9az<\/td>\n<td>David<\/td>\n<\/tr>\n<tr>\n<td>1971<\/td>\n<td>Mr.<\/td>\n<td>Loude<\/td>\n<td>Alfred<\/td>\n<\/tr>\n<tr>\n<td>1976<\/td>\n<td>Mr.<\/td>\n<td>D\u00e9n\u00e9r\u00e9az<\/td>\n<td>Philippe<\/td>\n<\/tr>\n<tr>\n<td>1993<\/td>\n<td>Mr.<\/td>\n<td>Chaudet<\/td>\n<td>Marc-Henri<\/td>\n<\/tr>\n<tr>\n<td>2005<\/td>\n<td>Mr.<\/td>\n<td>Ch\u00e2telain<\/td>\n<td>Andr\u00e9<\/td>\n<\/tr>\n<tr>\n<td>2012<\/td>\n<td>Mr.<\/td>\n<td>Margot<\/td>\n<td>Fran\u00e7ois<\/td>\n<\/tr>\n<\/tbody>\n<\/table>\n<p><\/p>\n","protected":false},"excerpt":{"rendered":"<p>The Abbots and the Council \u00abLa liste de ses r\u00e9v\u00e9rends et seigneurs Abb\u00e9s est comme le livre d\u2019or de la bourgeoisie veveysanne\u00bb G. Renaud, La F\u00eate des Vignerons de Vevey, Vevey, 1905 The Brotherhood of Winegrowers is an off-shoot of the Vevey bourgeoisie, or citizenry. The Abbot-Presidents (presidents of the Brotherhood Council) were usually, and [&hellip;]<\/p>\n","protected":false},"author":6,"featured_media":89,"parent":1113,"menu_order":2,"comment_status":"closed","ping_status":"closed","template":"","meta":{"_acf_changed":false,"_exactmetrics_skip_tracking":false,"_exactmetrics_sitenote_active":false,"_exactmetrics_sitenote_note":"","_exactmetrics_sitenote_category":0,"footnotes":""},"class_list":["post-1118","page","type-page","status-publish","has-post-thumbnail","hentry"],"acf":[],"yoast_head":"<!-- This site is optimized with the Yoast SEO plugin v27.5 - https:\/\/yoast.com\/product\/yoast-seo-wordpress\/ -->\n<title>The abbots - La Confr\u00e9rie des Vignerons de Vevey<\/title>\n<meta name=\"robots\" content=\"index, follow, max-snippet:-1, max-image-preview:large, max-video-preview:-1\" \/>\n<meta property=\"og:locale\" content=\"en_US\" \/>\n<meta property=\"og:type\" content=\"article\" \/>\n<meta property=\"og:title\" content=\"The abbots - La Confr\u00e9rie des Vignerons de Vevey\" \/>\n<meta property=\"og:description\" content=\"The Abbots and the Council \u00abLa liste de ses r\u00e9v\u00e9rends et seigneurs Abb\u00e9s est comme le livre d\u2019or de la bourgeoisie veveysanne\u00bb G. Renaud, La F\u00eate des Vignerons de Vevey, Vevey, 1905 The Brotherhood of Winegrowers is an off-shoot of the Vevey bourgeoisie, or citizenry. The Abbot-Presidents (presidents of the Brotherhood Council) were usually, and [&hellip;]\" \/>\n<meta property=\"og:url\" content=\"https:\/\/www.confreriedesvignerons.ch\/en\/presentation\/the-abbots\/\" \/>\n<meta property=\"og:site_name\" content=\"La Confr\u00e9rie des Vignerons de Vevey\" \/>\n<meta property=\"article:modified_time\" content=\"2013-04-24T09:28:21+00:00\" \/>\n<meta property=\"og:image\" content=\"https:\/\/www.confreriedesvignerons.ch\/wp-content\/uploads\/abbes.png\" \/>\n\t<meta property=\"og:image:width\" content=\"245\" \/>\n\t<meta property=\"og:image:height\" content=\"574\" \/>\n\t<meta property=\"og:image:type\" content=\"image\/png\" \/>\n<meta name=\"twitter:label1\" content=\"Est. reading time\" \/>\n\t<meta name=\"twitter:data1\" content=\"1 minute\" \/>\n<!-- \/ Yoast SEO plugin. -->","yoast_head_json":{"title":"The abbots - La Confr\u00e9rie des Vignerons de Vevey","robots":{"index":"index","follow":"follow","max-snippet":"max-snippet:-1","max-image-preview":"max-image-preview:large","max-video-preview":"max-video-preview:-1"},"og_locale":"en_US","og_type":"article","og_title":"The abbots - La Confr\u00e9rie des Vignerons de Vevey","og_description":"The Abbots and the Council \u00abLa liste de ses r\u00e9v\u00e9rends et seigneurs Abb\u00e9s est comme le livre d\u2019or de la bourgeoisie veveysanne\u00bb G. Renaud, La F\u00eate des Vignerons de Vevey, Vevey, 1905 The Brotherhood of Winegrowers is an off-shoot of the Vevey bourgeoisie, or citizenry. The Abbot-Presidents (presidents of the Brotherhood Council) were usually, and [&hellip;]","og_url":"https:\/\/www.confreriedesvignerons.ch\/en\/presentation\/the-abbots\/","og_site_name":"La Confr\u00e9rie des Vignerons de Vevey","article_modified_time":"2013-04-24T09:28:21+00:00","og_image":[{"width":245,"height":574,"url":"https:\/\/www.confreriedesvignerons.ch\/wp-content\/uploads\/abbes.png","type":"image\/png"}],"twitter_misc":{"Est. reading time":"1 minute"},"schema":{"@context":"https:\/\/schema.org","@graph":[{"@type":"WebPage","@id":"https:\/\/www.confreriedesvignerons.ch\/en\/presentation\/the-abbots\/","url":"https:\/\/www.confreriedesvignerons.ch\/en\/presentation\/the-abbots\/","name":"The abbots - La Confr\u00e9rie des Vignerons de Vevey","isPartOf":{"@id":"https:\/\/www.confreriedesvignerons.ch\/#website"},"primaryImageOfPage":{"@id":"https:\/\/www.confreriedesvignerons.ch\/en\/presentation\/the-abbots\/#primaryimage"},"image":{"@id":"https:\/\/www.confreriedesvignerons.ch\/en\/presentation\/the-abbots\/#primaryimage"},"thumbnailUrl":"https:\/\/www.confreriedesvignerons.ch\/wp-content\/uploads\/abbes.png","datePublished":"2012-11-09T11:03:23+00:00","dateModified":"2013-04-24T09:28:21+00:00","breadcrumb":{"@id":"https:\/\/www.confreriedesvignerons.ch\/en\/presentation\/the-abbots\/#breadcrumb"},"inLanguage":"en-US","potentialAction":[{"@type":"ReadAction","target":["https:\/\/www.confreriedesvignerons.ch\/en\/presentation\/the-abbots\/"]}]},{"@type":"ImageObject","inLanguage":"en-US","@id":"https:\/\/www.confreriedesvignerons.ch\/en\/presentation\/the-abbots\/#primaryimage","url":"https:\/\/www.confreriedesvignerons.ch\/wp-content\/uploads\/abbes.png","contentUrl":"https:\/\/www.confreriedesvignerons.ch\/wp-content\/uploads\/abbes.png","width":"245","height":"574"},{"@type":"BreadcrumbList","@id":"https:\/\/www.confreriedesvignerons.ch\/en\/presentation\/the-abbots\/#breadcrumb","itemListElement":[{"@type":"ListItem","position":1,"name":"Home","item":"https:\/\/www.confreriedesvignerons.ch\/en\/"},{"@type":"ListItem","position":2,"name":"The Brotherhood","item":"https:\/\/www.confreriedesvignerons.ch\/en\/presentation\/"},{"@type":"ListItem","position":3,"name":"The abbots"}]},{"@type":"WebSite","@id":"https:\/\/www.confreriedesvignerons.ch\/#website","url":"https:\/\/www.confreriedesvignerons.ch\/","name":"La Confr\u00e9rie des Vignerons de Vevey","description":"","potentialAction":[{"@type":"SearchAction","target":{"@type":"EntryPoint","urlTemplate":"https:\/\/www.confreriedesvignerons.ch\/?s={search_term_string}"},"query-input":{"@type":"PropertyValueSpecification","valueRequired":true,"valueName":"search_term_string"}}],"inLanguage":"en-US"}]}},"_links":{"self":[{"href":"https:\/\/www.confreriedesvignerons.ch\/en\/wp-json\/wp\/v2\/pages\/1118","targetHints":{"allow":["GET"]}}],"collection":[{"href":"https:\/\/www.confreriedesvignerons.ch\/en\/wp-json\/wp\/v2\/pages"}],"about":[{"href":"https:\/\/www.confreriedesvignerons.ch\/en\/wp-json\/wp\/v2\/types\/page"}],"author":[{"embeddable":true,"href":"https:\/\/www.confreriedesvignerons.ch\/en\/wp-json\/wp\/v2\/users\/6"}],"replies":[{"embeddable":true,"href":"https:\/\/www.confreriedesvignerons.ch\/en\/wp-json\/wp\/v2\/comments?post=1118"}],"version-history":[{"count":6,"href":"https:\/\/www.confreriedesvignerons.ch\/en\/wp-json\/wp\/v2\/pages\/1118\/revisions"}],"predecessor-version":[{"id":1237,"href":"https:\/\/www.confreriedesvignerons.ch\/en\/wp-json\/wp\/v2\/pages\/1118\/revisions\/1237"}],"up":[{"embeddable":true,"href":"https:\/\/www.confreriedesvignerons.ch\/en\/wp-json\/wp\/v2\/pages\/1113"}],"wp:featuredmedia":[{"embeddable":true,"href":"https:\/\/www.confreriedesvignerons.ch\/en\/wp-json\/wp\/v2\/media\/89"}],"wp:attachment":[{"href":"https:\/\/www.confreriedesvignerons.ch\/en\/wp-json\/wp\/v2\/media?parent=1118"}],"curies":[{"name":"wp","href":"https:\/\/api.w.org\/{rel}","templated":true}]}}