{"id":1125,"date":"2012-12-19T10:44:05","date_gmt":"2012-12-19T09:44:05","guid":{"rendered":"http:\/\/www.confreriedesvignerons.ch\/1977-2\/"},"modified":"2013-04-26T09:01:02","modified_gmt":"2013-04-26T07:01:02","slug":"1977-2","status":"publish","type":"page","link":"https:\/\/www.confreriedesvignerons.ch\/en\/festivals\/from-xviiie-to-our-days\/1977-2\/","title":{"rendered":"1977"},"content":{"rendered":"<h2>30 JULY \u2013 14 AUGUST 1977: CHRISTIAN SYMBOLISM<\/h2>\n<h4>\u201cThe idea of a celebration came to me. If it is successful, it will be something impressive and\u2026 expected. A big celebration, like in ancient times. Or in the spirit of the Middle Ages. Rendering the Festival sacred, giving it a sort of grandeur and dignity, and introducing the Christic symbols of the vine and wine.\u201d H. Deblu\u00eb, F\u00eate des Vignerons 1977, UBS.<\/h4>\n<h3>THE CHRISTIC SYMBOLISM OF WINE<\/h3>\n<p>The fourth Festival of the 20th century is differentiated by a return to roots. There were no star dancers or professional soloists among the 4,000 performers. The librettist Henri Deblu\u00eb went back to the order of the seasons, as in the 19th century, beginning the Festival with Spring and closing with Renewal, or eternal Spring.<\/p>\n<p>The vineyard\u2019s cycle expresses the return of the seasons, while that of wine breaks it. The juice of the grapes falls into its burial place in the cellars and comes out transfigured into wine &#8211; the new wine which symbolises Easter.<\/p>\n<h4>\u201cFor the festival of a people with a great Biblical tradition and whose vineyards were planted by monks, it seemed strange to me that this symbolism would not emerge.\u201d H. Deblu\u00eb, in the illustrated supplement of L\u2019Est Vaudois, 30 July 1977<\/h4>\n<h3>FOUR SEASONS, FOUR ELEMENTS, FOUR CONSTELLATIONS OF THE ZODIAC<\/h3>\n<p>At the beginning of each of the seasons, the authors chose to celebrate one of the four basic elements: Earth, Fire, Water and Air. During the Middle Ages these elements were represented by four constellations of the Zodiac: Taurus, Leo, Aquila and Aquarius. These figures, which became symbols of the seasons themselves, are also the symbols of the four gospel-writers, the four shoots of the Biblical vine.<\/p>\n<h3>A FESTIVAL KING<\/h3>\n<p>Henri Deblu\u00eb introduced these symbols in his libretto and wanted a king, the King of the Festival played by Jean-Samuel Leresche, to allude to their meaning to introduce each season.<\/p>\n<h3>JANUS, A WINTER GOD<\/h3>\n<p>The authors added a winter god to Pales, Ceres and Bacchus. Janus is the personification of the new year:<\/p>\n<h4>\u201c\u2026 winter is a season of waiting; but it also includes the first promises: the December solstice is the open door to the new year.\u201dH. Deblu\u00eb, General design Press Office<\/h4>\n<p>\u00a0<br \/>Janus is also the masked god. The authors wished to reconnect with the vibrant traditions of masks used in German-speaking Switzerland and which are mostly also linked to the new year.<\/p>\n<h3>PERFORMANCE<\/h3>\n<p>Abbot-President: Philippe D\u00e9n\u00e9r\u00e9az<br \/>Direction: Charles Apoth\u00e9loz<br \/>Music: Jean Balissat<br \/>Libretto: Henri Deblu\u00eb<br \/>Costumes and Scenography: Jean Monod<br \/>Authors\u2019 co-workers: Daniel Reichel, Andr\u00e9 Charlet, Philippe Dahlmann<\/p>\n<h3>VIGNERONS COURONN\u00c9S<\/h3>\n<p>Louis et Paul Taverney<br \/>Marcel Rayroux<br \/>Louis Moret<br \/>Jean Borghi (87 winegrowers also received distinctions and awards)<\/p>\n<h3>ARENAS AND STAGE SETTINGS<\/h3>\n<h4>\u201cThis year the stands face the mountains of Savoy and come down to the lake like a hillside of vines.\u201d<\/h4>\n<p>15 776 places<\/p>\n<h3>SPECIFIC AND NEW ASPECTS OF THE FESTIVAL<\/h3>\n<h4>\u201cI thought we could return to the former distribution: spring, summer, autumn and winter. Two cycles, that of the vines glorified by the Bacchanal, and that of the new wine, symbolising Easter.\u201d (H. Deblu\u00eb, Winegrowers Festival, 1977, UBS)<\/h4>\n<p>Stage setting inspired by a large solar clock with the signs of the Zodiac and the foursomes of 4 seasons, 4 elements, 4 cardinal points, plus the King of the Festival.<\/p>\n<p>Spring: constellation Taurus, symbol of fertility and the Evangelist Luke, women-flowers, children-dandelions<\/p>\n<p>Summer: constellation Leo, symbol of ripening and the Evangelist Mark, children-stalks of wheat, fishing boats, parade of farm machines, chemical hazards as well as diseases that attack the vines<\/p>\n<p>Autumn: constellation Aquila, symbol of fertile sacrifices and the Evangelist John, children-grape clusters, giant grape cluster, Pan<\/p>\n<p>Winter and renewal: constellation Aquarius, symbol of death and rebirth, and the Evangelist Matthew, children-snow-crystals, Janus, return of Noah with the winegrowers of the world.<\/p>\n<h3>THE FESTIVAL IN FIGURES<\/h3>\n<p>4,250 participants<br \/>14 performances and 3 parades 4.5 kilometres long<br \/>Prices of seats CHF 30.00 to 160.00.<br \/> Festival costs CHF 20, 707, 011<br \/>Profits: CHF 5,071,423<\/p>\n","protected":false},"excerpt":{"rendered":"<p>30 JULY \u2013 14 AUGUST 1977: CHRISTIAN SYMBOLISM \u201cThe idea of a celebration came to me. If it is successful, it will be something impressive and\u2026 expected. A big celebration, like in ancient times. Or in the spirit of the Middle Ages. Rendering the Festival sacred, giving it a sort of grandeur and dignity, and [&hellip;]<\/p>\n","protected":false},"author":6,"featured_media":752,"parent":1171,"menu_order":3,"comment_status":"closed","ping_status":"closed","template":"","meta":{"_acf_changed":false,"_exactmetrics_skip_tracking":false,"_exactmetrics_sitenote_active":false,"_exactmetrics_sitenote_note":"","_exactmetrics_sitenote_category":0,"footnotes":""},"class_list":["post-1125","page","type-page","status-publish","has-post-thumbnail","hentry"],"acf":[],"yoast_head":"<!-- This site is optimized with the Yoast SEO plugin v27.4 - https:\/\/yoast.com\/product\/yoast-seo-wordpress\/ -->\n<title>1977 - La Confr\u00e9rie des Vignerons de Vevey<\/title>\n<meta name=\"robots\" content=\"index, follow, max-snippet:-1, max-image-preview:large, max-video-preview:-1\" \/>\n<meta property=\"og:locale\" content=\"en_US\" \/>\n<meta property=\"og:type\" content=\"article\" \/>\n<meta property=\"og:title\" content=\"1977 - La Confr\u00e9rie des Vignerons de Vevey\" \/>\n<meta property=\"og:description\" content=\"30 JULY \u2013 14 AUGUST 1977: CHRISTIAN SYMBOLISM \u201cThe idea of a celebration came to me. If it is successful, it will be something impressive and\u2026 expected. A big celebration, like in ancient times. Or in the spirit of the Middle Ages. Rendering the Festival sacred, giving it a sort of grandeur and dignity, and [&hellip;]\" \/>\n<meta property=\"og:url\" content=\"https:\/\/www.confreriedesvignerons.ch\/en\/festivals\/from-xviiie-to-our-days\/1977-2\/\" \/>\n<meta property=\"og:site_name\" content=\"La Confr\u00e9rie des Vignerons de Vevey\" \/>\n<meta property=\"article:modified_time\" content=\"2013-04-26T07:01:02+00:00\" \/>\n<meta property=\"og:image\" content=\"https:\/\/www.confreriedesvignerons.ch\/wp-content\/uploads\/recadrage_images_left1.jpg\" \/>\n\t<meta property=\"og:image:width\" content=\"245\" \/>\n\t<meta property=\"og:image:height\" content=\"574\" \/>\n\t<meta property=\"og:image:type\" content=\"image\/jpeg\" \/>\n<meta name=\"twitter:label1\" content=\"Est. reading time\" \/>\n\t<meta name=\"twitter:data1\" content=\"3 minutes\" \/>\n<!-- \/ Yoast SEO plugin. -->","yoast_head_json":{"title":"1977 - La Confr\u00e9rie des Vignerons de Vevey","robots":{"index":"index","follow":"follow","max-snippet":"max-snippet:-1","max-image-preview":"max-image-preview:large","max-video-preview":"max-video-preview:-1"},"og_locale":"en_US","og_type":"article","og_title":"1977 - La Confr\u00e9rie des Vignerons de Vevey","og_description":"30 JULY \u2013 14 AUGUST 1977: CHRISTIAN SYMBOLISM \u201cThe idea of a celebration came to me. If it is successful, it will be something impressive and\u2026 expected. A big celebration, like in ancient times. Or in the spirit of the Middle Ages. Rendering the Festival sacred, giving it a sort of grandeur and dignity, and [&hellip;]","og_url":"https:\/\/www.confreriedesvignerons.ch\/en\/festivals\/from-xviiie-to-our-days\/1977-2\/","og_site_name":"La Confr\u00e9rie des Vignerons de Vevey","article_modified_time":"2013-04-26T07:01:02+00:00","og_image":[{"width":245,"height":574,"url":"https:\/\/www.confreriedesvignerons.ch\/wp-content\/uploads\/recadrage_images_left1.jpg","type":"image\/jpeg"}],"twitter_misc":{"Est. reading time":"3 minutes"},"schema":{"@context":"https:\/\/schema.org","@graph":[{"@type":"WebPage","@id":"https:\/\/www.confreriedesvignerons.ch\/en\/festivals\/from-xviiie-to-our-days\/1977-2\/","url":"https:\/\/www.confreriedesvignerons.ch\/en\/festivals\/from-xviiie-to-our-days\/1977-2\/","name":"1977 - La Confr\u00e9rie des Vignerons de Vevey","isPartOf":{"@id":"https:\/\/www.confreriedesvignerons.ch\/#website"},"primaryImageOfPage":{"@id":"https:\/\/www.confreriedesvignerons.ch\/en\/festivals\/from-xviiie-to-our-days\/1977-2\/#primaryimage"},"image":{"@id":"https:\/\/www.confreriedesvignerons.ch\/en\/festivals\/from-xviiie-to-our-days\/1977-2\/#primaryimage"},"thumbnailUrl":"https:\/\/www.confreriedesvignerons.ch\/wp-content\/uploads\/recadrage_images_left1.jpg","datePublished":"2012-12-19T09:44:05+00:00","dateModified":"2013-04-26T07:01:02+00:00","breadcrumb":{"@id":"https:\/\/www.confreriedesvignerons.ch\/en\/festivals\/from-xviiie-to-our-days\/1977-2\/#breadcrumb"},"inLanguage":"en-US","potentialAction":[{"@type":"ReadAction","target":["https:\/\/www.confreriedesvignerons.ch\/en\/festivals\/from-xviiie-to-our-days\/1977-2\/"]}]},{"@type":"ImageObject","inLanguage":"en-US","@id":"https:\/\/www.confreriedesvignerons.ch\/en\/festivals\/from-xviiie-to-our-days\/1977-2\/#primaryimage","url":"https:\/\/www.confreriedesvignerons.ch\/wp-content\/uploads\/recadrage_images_left1.jpg","contentUrl":"https:\/\/www.confreriedesvignerons.ch\/wp-content\/uploads\/recadrage_images_left1.jpg","width":245,"height":574},{"@type":"BreadcrumbList","@id":"https:\/\/www.confreriedesvignerons.ch\/en\/festivals\/from-xviiie-to-our-days\/1977-2\/#breadcrumb","itemListElement":[{"@type":"ListItem","position":1,"name":"Home","item":"https:\/\/www.confreriedesvignerons.ch\/en\/"},{"@type":"ListItem","position":2,"name":"Festivals","item":"https:\/\/www.confreriedesvignerons.ch\/en\/festivals\/"},{"@type":"ListItem","position":3,"name":"From XVIII to our days","item":"https:\/\/www.confreriedesvignerons.ch\/en\/festivals\/from-xviiie-to-our-days\/"},{"@type":"ListItem","position":4,"name":"1977"}]},{"@type":"WebSite","@id":"https:\/\/www.confreriedesvignerons.ch\/#website","url":"https:\/\/www.confreriedesvignerons.ch\/","name":"La Confr\u00e9rie des Vignerons de Vevey","description":"","potentialAction":[{"@type":"SearchAction","target":{"@type":"EntryPoint","urlTemplate":"https:\/\/www.confreriedesvignerons.ch\/?s={search_term_string}"},"query-input":{"@type":"PropertyValueSpecification","valueRequired":true,"valueName":"search_term_string"}}],"inLanguage":"en-US"}]}},"_links":{"self":[{"href":"https:\/\/www.confreriedesvignerons.ch\/en\/wp-json\/wp\/v2\/pages\/1125","targetHints":{"allow":["GET"]}}],"collection":[{"href":"https:\/\/www.confreriedesvignerons.ch\/en\/wp-json\/wp\/v2\/pages"}],"about":[{"href":"https:\/\/www.confreriedesvignerons.ch\/en\/wp-json\/wp\/v2\/types\/page"}],"author":[{"embeddable":true,"href":"https:\/\/www.confreriedesvignerons.ch\/en\/wp-json\/wp\/v2\/users\/6"}],"replies":[{"embeddable":true,"href":"https:\/\/www.confreriedesvignerons.ch\/en\/wp-json\/wp\/v2\/comments?post=1125"}],"version-history":[{"count":4,"href":"https:\/\/www.confreriedesvignerons.ch\/en\/wp-json\/wp\/v2\/pages\/1125\/revisions"}],"predecessor-version":[{"id":1126,"href":"https:\/\/www.confreriedesvignerons.ch\/en\/wp-json\/wp\/v2\/pages\/1125\/revisions\/1126"}],"up":[{"embeddable":true,"href":"https:\/\/www.confreriedesvignerons.ch\/en\/wp-json\/wp\/v2\/pages\/1171"}],"wp:featuredmedia":[{"embeddable":true,"href":"https:\/\/www.confreriedesvignerons.ch\/en\/wp-json\/wp\/v2\/media\/752"}],"wp:attachment":[{"href":"https:\/\/www.confreriedesvignerons.ch\/en\/wp-json\/wp\/v2\/media?parent=1125"}],"curies":[{"name":"wp","href":"https:\/\/api.w.org\/{rel}","templated":true}]}}