{"id":1180,"date":"2012-11-09T12:03:36","date_gmt":"2012-11-09T11:03:36","guid":{"rendered":"http:\/\/www.confreriedesvignerons.ch\/presentation\/le-conseil\/"},"modified":"2025-06-24T15:20:23","modified_gmt":"2025-06-24T13:20:23","slug":"the-council","status":"publish","type":"page","link":"https:\/\/www.confreriedesvignerons.ch\/en\/presentation\/the-council\/","title":{"rendered":"The council"},"content":{"rendered":"<h2>The Councillors<\/h2>\n<table>\n<tbody>\n<tr>\n<td style=\"width: 104.583px;\">GEHRIG<\/td>\n<td style=\"width: 100.667px;\">Nicolas<\/td>\n<td style=\"width: 109.9px;\">Abbot-Pr\u00e9sident<\/td>\n<\/tr>\n<tr>\n<td style=\"width: 104.583px;\">MONACHON<\/td>\n<td style=\"width: 100.667px;\">Pierre<\/td>\n<td style=\"width: 109.9px;\">Vice-Pr\u00e9sident<\/td>\n<\/tr>\n<tr>\n<td style=\"width: 104.583px;\">BOICHAT<\/td>\n<td style=\"width: 100.667px;\">Romain<\/td>\n<td style=\"width: 109.9px;\"><\/td>\n<\/tr>\n<tr>\n<td style=\"width: 104.583px;\">BRIGUET<\/td>\n<td style=\"width: 100.667px;\">Conrad<\/td>\n<td style=\"width: 109.9px;\"><\/td>\n<\/tr>\n<tr>\n<td style=\"width: 104.583px;\">CHEVALLEY<\/td>\n<td style=\"width: 100.667px;\">Jean-Fran\u00e7ois<\/td>\n<td style=\"width: 109.9px;\"><\/td>\n<\/tr>\n<tr>\n<td style=\"width: 104.583px;\">COMMEND<\/td>\n<td style=\"width: 100.667px;\">St\u00e9phane<\/td>\n<td style=\"width: 109.9px;\"><\/td>\n<\/tr>\n<tr>\n<td style=\"width: 104.583px;\">DUBOUX<\/td>\n<td style=\"width: 100.667px;\">Blaise<\/td>\n<td style=\"width: 109.9px;\"><\/td>\n<\/tr>\n<tr>\n<td style=\"width: 104.583px;\">DUFAUX<\/td>\n<td style=\"width: 100.667px;\">Daniel<\/td>\n<td style=\"width: 109.9px;\"><\/td>\n<\/tr>\n<tr>\n<td style=\"width: 104.583px;\">EMERY<\/td>\n<td style=\"width: 100.667px;\">Alain<\/td>\n<td style=\"width: 109.9px;\"><\/td>\n<\/tr>\n<tr>\n<td style=\"width: 104.583px;\">HUBER<\/td>\n<td style=\"width: 100.667px;\">Janine<\/td>\n<td style=\"width: 109.9px;\"><\/td>\n<\/tr>\n<tr>\n<td style=\"width: 104.583px;\">JOMINI<\/td>\n<td style=\"width: 100.667px;\">Constant<\/td>\n<td style=\"width: 109.9px;\"><\/td>\n<\/tr>\n<tr>\n<td style=\"width: 104.583px;\">KREBS<\/td>\n<td style=\"width: 100.667px;\">St\u00e9phane<\/td>\n<td style=\"width: 109.9px;\"><\/td>\n<\/tr>\n<tr>\n<td style=\"width: 104.583px;\">LEUPIN<\/td>\n<td style=\"width: 100.667px;\">Yvan<\/td>\n<td style=\"width: 109.9px;\"><\/td>\n<\/tr>\n<tr>\n<td style=\"width: 104.583px;\">MOREL<\/td>\n<td style=\"width: 100.667px;\">Delphine<\/td>\n<td style=\"width: 109.9px;\"><\/td>\n<\/tr>\n<tr>\n<td style=\"width: 104.583px;\">NEYROUD<\/td>\n<td style=\"width: 100.667px;\">Jean-Fran\u00e7ois<\/td>\n<td style=\"width: 109.9px;\"><\/td>\n<\/tr>\n<tr>\n<td style=\"width: 104.583px;\">OSOJNAK<\/td>\n<td style=\"width: 100.667px;\">Sandrine<\/td>\n<td style=\"width: 109.9px;\"><\/td>\n<\/tr>\n<tr>\n<td style=\"width: 104.583px;\">PFISTER<\/td>\n<td style=\"width: 100.667px;\">L\u00e9onard<\/td>\n<td style=\"width: 109.9px;\"><\/td>\n<\/tr>\n<tr>\n<td style=\"width: 104.583px;\">PORTA<\/td>\n<td style=\"width: 100.667px;\">Jean-Daniel<\/td>\n<td style=\"width: 109.9px;\"><\/td>\n<\/tr>\n<tr>\n<td style=\"width: 104.583px;\">RABOUD<\/td>\n<td style=\"width: 100.667px;\">Isabelle<\/td>\n<td style=\"width: 109.9px;\"><\/td>\n<\/tr>\n<tr>\n<td style=\"width: 104.583px;\">RIVIER<\/td>\n<td style=\"width: 100.667px;\">Delphine<\/td>\n<td style=\"width: 109.9px;\"><\/td>\n<\/tr>\n<tr>\n<td style=\"width: 104.583px;\">ROGIVUE<\/td>\n<td style=\"width: 100.667px;\">Jean-Daniel<\/td>\n<td style=\"width: 109.9px;\"><\/td>\n<\/tr>\n<tr>\n<td style=\"width: 104.583px;\">SMETS<\/td>\n<td style=\"width: 100.667px;\">Pierre<\/td>\n<td style=\"width: 109.9px;\"><\/td>\n<\/tr>\n<tr>\n<td style=\"width: 104.583px;\">VIRET<\/td>\n<td style=\"width: 100.667px;\">Olivier<\/td>\n<td style=\"width: 109.9px;\"><\/td>\n<\/tr>\n<tr>\n<td style=\"width: 104.583px;\">WEHRLI<\/td>\n<td style=\"width: 100.667px;\">Laurent<\/td>\n<td style=\"width: 109.9px;\"><\/td>\n<\/tr>\n<\/tbody>\n<\/table>\n<h2>The Honorary Councillors<\/h2>\n<table style=\"height: 633px; width: 55.1241%;\" cellspacing=\"0\" cellpadding=\"0\">\n<tbody>\n<tr>\n<td style=\"width: 33.0252%;\">MARGOT<\/td>\n<td style=\"width: 30.4192%;\">Fran\u00e7ois<\/td>\n<td style=\"width: 46.1583%;\">Honorary Abbot-President<\/td>\n<\/tr>\n<tr>\n<td style=\"width: 33.0252%;\">CHATELAIN<\/td>\n<td style=\"width: 30.4192%;\">Andr\u00e9<\/td>\n<td style=\"width: 46.1583%;\">Honorary Abbot-President<\/td>\n<\/tr>\n<tr>\n<td style=\"width: 33.0252%;\">CHAUDET<\/td>\n<td style=\"width: 30.4192%;\">Marc-Henri<\/td>\n<td style=\"width: 46.1583%;\">Honorary Abbot-President<\/td>\n<\/tr>\n<tr>\n<td style=\"width: 33.0252%;\">BADOUX<\/td>\n<td style=\"width: 30.4192%;\">Henri-Olivier<\/td>\n<td style=\"width: 46.1583%;\"><\/td>\n<\/tr>\n<tr>\n<td style=\"width: 33.0252%;\">BOVY<\/td>\n<td style=\"width: 30.4192%;\">Bernard<\/td>\n<td style=\"width: 46.1583%;\"><\/td>\n<\/tr>\n<tr>\n<td style=\"width: 33.0252%;\">CAMPICHE<\/td>\n<td style=\"width: 30.4192%;\">Jean-Claude<\/td>\n<td style=\"width: 46.1583%;\"><\/td>\n<\/tr>\n<tr>\n<td style=\"width: 33.0252%;\">CHABLOZ<\/td>\n<td style=\"width: 30.4192%;\">Philippe<\/td>\n<td style=\"width: 46.1583%;\"><\/td>\n<\/tr>\n<tr>\n<td style=\"width: 33.0252%;\">CHAPPUIS<\/td>\n<td style=\"width: 30.4192%;\">Vincent<\/td>\n<td style=\"width: 46.1583%;\"><\/td>\n<\/tr>\n<tr>\n<td style=\"width: 33.0252%;\">CHOLLET<\/td>\n<td style=\"width: 30.4192%;\">Jean-Pierre<\/td>\n<td style=\"width: 46.1583%;\"><\/td>\n<\/tr>\n<tr>\n<td style=\"width: 33.0252%;\">CHRISTEN<\/td>\n<td style=\"width: 30.4192%;\">Yves<\/td>\n<td style=\"width: 46.1583%;\"><\/td>\n<\/tr>\n<tr>\n<td style=\"width: 33.0252%;\">DE GAUTARD<\/td>\n<td style=\"width: 30.4192%;\">Jean<\/td>\n<td style=\"width: 46.1583%;\"><\/td>\n<\/tr>\n<tr>\n<td style=\"width: 33.0252%;\">DUBOUX<\/td>\n<td style=\"width: 30.4192%;\">Jean<\/td>\n<td style=\"width: 46.1583%;\"><\/td>\n<\/tr>\n<tr>\n<td style=\"width: 33.0252%;\">EMERY<\/td>\n<td style=\"width: 30.4192%;\">Philippe<\/td>\n<td style=\"width: 46.1583%;\"><\/td>\n<\/tr>\n<tr>\n<td style=\"width: 33.0252%;\">FRANCEY<\/td>\n<td style=\"width: 30.4192%;\">Jean<\/td>\n<td style=\"width: 46.1583%;\"><\/td>\n<\/tr>\n<tr>\n<td style=\"width: 33.0252%;\">MASSY<\/td>\n<td style=\"width: 30.4192%;\">Luc<\/td>\n<td style=\"width: 46.1583%;\"><\/td>\n<\/tr>\n<tr>\n<td style=\"width: 33.0252%;\">MURISIER<\/td>\n<td style=\"width: 30.4192%;\">Fran\u00e7ois<\/td>\n<td style=\"width: 46.1583%;\"><\/td>\n<\/tr>\n<tr>\n<td style=\"width: 33.0252%;\">NARBEL<\/td>\n<td style=\"width: 30.4192%;\">Jean-Marc<\/td>\n<td style=\"width: 46.1583%;\"><\/td>\n<\/tr>\n<tr>\n<td style=\"width: 33.0252%;\">PETITPIERRE<\/td>\n<td style=\"width: 30.4192%;\">Philippe<\/td>\n<td style=\"width: 46.1583%;\"><\/td>\n<\/tr>\n<tr>\n<td style=\"width: 104.583px;\">RICHARD<\/td>\n<td style=\"width: 100.667px;\">Claude<\/td>\n<td style=\"width: 109.9px;\"><\/td>\n<\/tr>\n<tr>\n<td style=\"width: 33.0252%;\">SAUGY<\/td>\n<td style=\"width: 30.4192%;\">Emile<\/td>\n<td style=\"width: 46.1583%;\"><\/td>\n<\/tr>\n<tr>\n<td style=\"width: 104.583px;\">STEIMER<\/td>\n<td style=\"width: 100.667px;\">Olivier<\/td>\n<td style=\"width: 109.9px;\"><\/td>\n<\/tr>\n<tr>\n<td style=\"width: 33.0252%;\">WILLI<\/td>\n<td style=\"width: 30.4192%;\">Daniel<\/td>\n<td style=\"width: 46.1583%;\"><\/td>\n<\/tr>\n<\/tbody>\n<\/table>\n<h2>The &#8220;Administrators&#8221;<\/h2>\n<table style=\"width: 20.6473%; height: 144px;\" cellspacing=\"0\" cellpadding=\"0\">\n<tbody>\n<tr style=\"height: 48px;\">\n<td style=\"height: 48px;\">CARRUZZO-FREY<\/td>\n<td style=\"height: 48px;\">Sabine<\/td>\n<td style=\"height: 48px;\">Secretariat and Archives<\/td>\n<\/tr>\n<tr style=\"height: 48px;\">\n<td style=\"height: 48px;\">GUIGNARD<\/td>\n<td style=\"height: 48px;\">Simon<\/td>\n<td style=\"height: 48px;\">Accountant<\/td>\n<\/tr>\n<tr style=\"height: 24px;\">\n<td style=\"height: 24px;\">DEPPEN<\/td>\n<td style=\"height: 24px;\">Patrice<\/td>\n<td style=\"height: 24px;\">Bailiff<\/td>\n<\/tr>\n<tr style=\"height: 24px;\">\n<td style=\"height: 24px;\">GROSS<\/td>\n<td style=\"height: 24px;\">Jean-Christophe<\/td>\n<td style=\"height: 24px;\">Honorary Accountant<\/td>\n<\/tr>\n<tr>\n<td>MONNEY<\/td>\n<td>G\u00e9rald<\/td>\n<td>Honorary Accountant<\/td>\n<\/tr>\n<\/tbody>\n<\/table>\n","protected":false},"excerpt":{"rendered":"<p>The Councillors GEHRIG Nicolas Abbot-Pr\u00e9sident MONACHON Pierre Vice-Pr\u00e9sident BOICHAT Romain BRIGUET Conrad CHEVALLEY Jean-Fran\u00e7ois COMMEND St\u00e9phane DUBOUX Blaise DUFAUX Daniel EMERY Alain HUBER Janine JOMINI Constant KREBS St\u00e9phane LEUPIN Yvan MOREL Delphine NEYROUD Jean-Fran\u00e7ois OSOJNAK Sandrine PFISTER L\u00e9onard PORTA Jean-Daniel RABOUD Isabelle RIVIER Delphine ROGIVUE Jean-Daniel SMETS Pierre VIRET Olivier WEHRLI Laurent The Honorary Councillors [&hellip;]<\/p>\n","protected":false},"author":6,"featured_media":90,"parent":1113,"menu_order":3,"comment_status":"closed","ping_status":"closed","template":"","meta":{"_acf_changed":false,"_exactmetrics_skip_tracking":false,"_exactmetrics_sitenote_active":false,"_exactmetrics_sitenote_note":"","_exactmetrics_sitenote_category":0,"footnotes":""},"class_list":["post-1180","page","type-page","status-publish","has-post-thumbnail","hentry"],"acf":[],"yoast_head":"<!-- This site is optimized with the Yoast SEO plugin v27.4 - https:\/\/yoast.com\/product\/yoast-seo-wordpress\/ -->\n<title>The council - La Confr\u00e9rie des Vignerons de Vevey<\/title>\n<meta name=\"robots\" content=\"index, follow, max-snippet:-1, max-image-preview:large, max-video-preview:-1\" \/>\n<meta property=\"og:locale\" content=\"en_US\" \/>\n<meta property=\"og:type\" content=\"article\" \/>\n<meta property=\"og:title\" content=\"The council - La Confr\u00e9rie des Vignerons de Vevey\" \/>\n<meta property=\"og:description\" content=\"The Councillors GEHRIG Nicolas Abbot-Pr\u00e9sident MONACHON Pierre Vice-Pr\u00e9sident BOICHAT Romain BRIGUET Conrad CHEVALLEY Jean-Fran\u00e7ois COMMEND St\u00e9phane DUBOUX Blaise DUFAUX Daniel EMERY Alain HUBER Janine JOMINI Constant KREBS St\u00e9phane LEUPIN Yvan MOREL Delphine NEYROUD Jean-Fran\u00e7ois OSOJNAK Sandrine PFISTER L\u00e9onard PORTA Jean-Daniel RABOUD Isabelle RIVIER Delphine ROGIVUE Jean-Daniel SMETS Pierre VIRET Olivier WEHRLI Laurent The Honorary Councillors [&hellip;]\" \/>\n<meta property=\"og:url\" content=\"https:\/\/www.confreriedesvignerons.ch\/en\/presentation\/the-council\/\" \/>\n<meta property=\"og:site_name\" content=\"La Confr\u00e9rie des Vignerons de Vevey\" \/>\n<meta property=\"article:modified_time\" content=\"2025-06-24T13:20:23+00:00\" \/>\n<meta property=\"og:image\" content=\"https:\/\/www.confreriedesvignerons.ch\/wp-content\/uploads\/leconseil.png\" \/>\n\t<meta property=\"og:image:width\" content=\"245\" \/>\n\t<meta property=\"og:image:height\" content=\"574\" \/>\n\t<meta property=\"og:image:type\" content=\"image\/png\" \/>\n<meta name=\"twitter:label1\" content=\"Est. reading time\" \/>\n\t<meta name=\"twitter:data1\" content=\"1 minute\" \/>\n<!-- \/ Yoast SEO plugin. -->","yoast_head_json":{"title":"The council - La Confr\u00e9rie des Vignerons de Vevey","robots":{"index":"index","follow":"follow","max-snippet":"max-snippet:-1","max-image-preview":"max-image-preview:large","max-video-preview":"max-video-preview:-1"},"og_locale":"en_US","og_type":"article","og_title":"The council - La Confr\u00e9rie des Vignerons de Vevey","og_description":"The Councillors GEHRIG Nicolas Abbot-Pr\u00e9sident MONACHON Pierre Vice-Pr\u00e9sident BOICHAT Romain BRIGUET Conrad CHEVALLEY Jean-Fran\u00e7ois COMMEND St\u00e9phane DUBOUX Blaise DUFAUX Daniel EMERY Alain HUBER Janine JOMINI Constant KREBS St\u00e9phane LEUPIN Yvan MOREL Delphine NEYROUD Jean-Fran\u00e7ois OSOJNAK Sandrine PFISTER L\u00e9onard PORTA Jean-Daniel RABOUD Isabelle RIVIER Delphine ROGIVUE Jean-Daniel SMETS Pierre VIRET Olivier WEHRLI Laurent The Honorary Councillors [&hellip;]","og_url":"https:\/\/www.confreriedesvignerons.ch\/en\/presentation\/the-council\/","og_site_name":"La Confr\u00e9rie des Vignerons de Vevey","article_modified_time":"2025-06-24T13:20:23+00:00","og_image":[{"width":245,"height":574,"url":"https:\/\/www.confreriedesvignerons.ch\/wp-content\/uploads\/leconseil.png","type":"image\/png"}],"twitter_misc":{"Est. reading time":"1 minute"},"schema":{"@context":"https:\/\/schema.org","@graph":[{"@type":"WebPage","@id":"https:\/\/www.confreriedesvignerons.ch\/en\/presentation\/the-council\/","url":"https:\/\/www.confreriedesvignerons.ch\/en\/presentation\/the-council\/","name":"The council - La Confr\u00e9rie des Vignerons de Vevey","isPartOf":{"@id":"https:\/\/www.confreriedesvignerons.ch\/#website"},"primaryImageOfPage":{"@id":"https:\/\/www.confreriedesvignerons.ch\/en\/presentation\/the-council\/#primaryimage"},"image":{"@id":"https:\/\/www.confreriedesvignerons.ch\/en\/presentation\/the-council\/#primaryimage"},"thumbnailUrl":"https:\/\/www.confreriedesvignerons.ch\/wp-content\/uploads\/leconseil.png","datePublished":"2012-11-09T11:03:36+00:00","dateModified":"2025-06-24T13:20:23+00:00","breadcrumb":{"@id":"https:\/\/www.confreriedesvignerons.ch\/en\/presentation\/the-council\/#breadcrumb"},"inLanguage":"en-US","potentialAction":[{"@type":"ReadAction","target":["https:\/\/www.confreriedesvignerons.ch\/en\/presentation\/the-council\/"]}]},{"@type":"ImageObject","inLanguage":"en-US","@id":"https:\/\/www.confreriedesvignerons.ch\/en\/presentation\/the-council\/#primaryimage","url":"https:\/\/www.confreriedesvignerons.ch\/wp-content\/uploads\/leconseil.png","contentUrl":"https:\/\/www.confreriedesvignerons.ch\/wp-content\/uploads\/leconseil.png","width":"245","height":"574"},{"@type":"BreadcrumbList","@id":"https:\/\/www.confreriedesvignerons.ch\/en\/presentation\/the-council\/#breadcrumb","itemListElement":[{"@type":"ListItem","position":1,"name":"Home","item":"https:\/\/www.confreriedesvignerons.ch\/en\/"},{"@type":"ListItem","position":2,"name":"The Brotherhood","item":"https:\/\/www.confreriedesvignerons.ch\/en\/presentation\/"},{"@type":"ListItem","position":3,"name":"The council"}]},{"@type":"WebSite","@id":"https:\/\/www.confreriedesvignerons.ch\/#website","url":"https:\/\/www.confreriedesvignerons.ch\/","name":"La Confr\u00e9rie des Vignerons de Vevey","description":"","potentialAction":[{"@type":"SearchAction","target":{"@type":"EntryPoint","urlTemplate":"https:\/\/www.confreriedesvignerons.ch\/?s={search_term_string}"},"query-input":{"@type":"PropertyValueSpecification","valueRequired":true,"valueName":"search_term_string"}}],"inLanguage":"en-US"}]}},"_links":{"self":[{"href":"https:\/\/www.confreriedesvignerons.ch\/en\/wp-json\/wp\/v2\/pages\/1180","targetHints":{"allow":["GET"]}}],"collection":[{"href":"https:\/\/www.confreriedesvignerons.ch\/en\/wp-json\/wp\/v2\/pages"}],"about":[{"href":"https:\/\/www.confreriedesvignerons.ch\/en\/wp-json\/wp\/v2\/types\/page"}],"author":[{"embeddable":true,"href":"https:\/\/www.confreriedesvignerons.ch\/en\/wp-json\/wp\/v2\/users\/6"}],"replies":[{"embeddable":true,"href":"https:\/\/www.confreriedesvignerons.ch\/en\/wp-json\/wp\/v2\/comments?post=1180"}],"version-history":[{"count":35,"href":"https:\/\/www.confreriedesvignerons.ch\/en\/wp-json\/wp\/v2\/pages\/1180\/revisions"}],"predecessor-version":[{"id":3751,"href":"https:\/\/www.confreriedesvignerons.ch\/en\/wp-json\/wp\/v2\/pages\/1180\/revisions\/3751"}],"up":[{"embeddable":true,"href":"https:\/\/www.confreriedesvignerons.ch\/en\/wp-json\/wp\/v2\/pages\/1113"}],"wp:featuredmedia":[{"embeddable":true,"href":"https:\/\/www.confreriedesvignerons.ch\/en\/wp-json\/wp\/v2\/media\/90"}],"wp:attachment":[{"href":"https:\/\/www.confreriedesvignerons.ch\/en\/wp-json\/wp\/v2\/media?parent=1180"}],"curies":[{"name":"wp","href":"https:\/\/api.w.org\/{rel}","templated":true}]}}