{"id":2395,"date":"2016-07-28T14:17:33","date_gmt":"2016-07-28T12:17:33","guid":{"rendered":"http:\/\/www.confreriedesvignerons.ch\/en\/presentation\/documents\/"},"modified":"2025-07-07T09:04:59","modified_gmt":"2025-07-07T07:04:59","slug":"documents","status":"publish","type":"page","link":"https:\/\/www.confreriedesvignerons.ch\/en\/presentation\/documents\/","title":{"rendered":"Documents"},"content":{"rendered":"<p>Communiqu\u00e9 de presse &#8211; Triennale 2025<a href=\"https:\/\/www.confreriedesvignerons.ch\/wp-content\/uploads\/cp-Triennale2025.pdf\" target=\"_blank\" rel=\"noopener noreferrer\"><img loading=\"lazy\" decoding=\"async\" class=\"size-full wp-image-328 alignright\" style=\"float: right;\" title=\"PDF\" src=\"http:\/\/www.confreriedesvignerons.ch\/wp-content\/uploads\/pdf-2.png\" alt=\"\" width=\"42\" height=\"15\" \/><\/a><\/p>\n<p>Rapport de gestion du Conseil \u00e0 l\u2019AG de la Confr\u00e9rie des Vignerons \u2013 Ann\u00e9es 2023-2024<a href=\"https:\/\/www.confreriedesvignerons.ch\/wp-content\/uploads\/Rapport-de-gestion-2025.pdf\" target=\"_blank\" rel=\"noopener noreferrer\"><img loading=\"lazy\" decoding=\"async\" class=\"size-full wp-image-328 alignright\" style=\"float: right;\" title=\"PDF\" src=\"http:\/\/www.confreriedesvignerons.ch\/wp-content\/uploads\/pdf-2.png\" alt=\"\" width=\"42\" height=\"15\" \/><\/a><\/p>\n<p>L\u2019aube verte &#8211; Hymne en l\u2019honneur des vigneronnes et vignerons t\u00e2cherons<a href=\"https:\/\/www.confreriedesvignerons.ch\/wp-content\/uploads\/Hymne-Confrerie_texte.pdf\" target=\"_blank\" rel=\"noopener noreferrer\"><img loading=\"lazy\" decoding=\"async\" class=\"size-full wp-image-328 alignright\" style=\"float: right;\" title=\"PDF\" src=\"http:\/\/www.confreriedesvignerons.ch\/wp-content\/uploads\/pdf-2.png\" alt=\"\" width=\"42\" height=\"15\" \/><\/a><\/p>\n<p>Proc\u00e8s-verbal de l&#8217;assembl\u00e9e biennale du 27 juin 2023<a href=\"https:\/\/www.confreriedesvignerons.ch\/wp-content\/uploads\/PV-Biennale-du-27-juin-2023.pdf\" target=\"_blank\" rel=\"noopener noreferrer\"><img loading=\"lazy\" decoding=\"async\" class=\"size-full wp-image-328 alignright\" style=\"float: right;\" title=\"PDF\" src=\"http:\/\/www.confreriedesvignerons.ch\/wp-content\/uploads\/pdf-2.png\" alt=\"\" width=\"42\" height=\"15\" \/><\/a><\/p>\n<p>Rapport de Gestion 2021-2022<a href=\"https:\/\/www.confreriedesvignerons.ch\/wp-content\/uploads\/Rapport-de-gestion-2023.pdf\" target=\"_blank\" rel=\"noopener noreferrer\"><img loading=\"lazy\" decoding=\"async\" class=\"size-full wp-image-328 alignright\" style=\"float: right;\" title=\"PDF\" src=\"http:\/\/www.confreriedesvignerons.ch\/wp-content\/uploads\/pdf-2.png\" alt=\"\" width=\"42\" height=\"15\" \/><\/a><\/p>\n<p>Proc\u00e8s-verbal de l\u2019assembl\u00e9e g\u00e9n\u00e9rale extraordinaire du 13 mai 2022<a href=\"https:\/\/www.confreriedesvignerons.ch\/wp-content\/uploads\/PV-AG-extraordinaire-du-13-mai-2022.pdf\" target=\"_blank\" rel=\"noopener noreferrer\"><img loading=\"lazy\" decoding=\"async\" class=\"size-full wp-image-328 alignright\" style=\"float: right;\" title=\"PDF\" src=\"http:\/\/www.confreriedesvignerons.ch\/wp-content\/uploads\/pdf-2.png\" alt=\"\" width=\"42\" height=\"15\" \/><\/a><\/p>\n<p>71 vigneronnes et vignerons primes lors de la premiere triennale &#8211; samedi 2 juillet 2022<a href=\"https:\/\/www.confreriedesvignerons.ch\/wp-content\/uploads\/Triennale-classement-3.pdf\" target=\"_blank\" rel=\"noopener noreferrer\"><img loading=\"lazy\" decoding=\"async\" class=\"size-full wp-image-328 alignright\" style=\"float: right;\" title=\"PDF\" src=\"http:\/\/www.confreriedesvignerons.ch\/wp-content\/uploads\/pdf-2.png\" alt=\"\" width=\"42\" height=\"15\" \/><\/a><\/p>\n<p>Proc\u00e8s-verbal de l&#8217;assembl\u00e9e biennale des 23 et 30 novembre 2021<a href=\"https:\/\/www.confreriedesvignerons.ch\/wp-content\/uploads\/PV-Biennale-23.11.2021.pdf\" target=\"_blank\" rel=\"noopener noreferrer\"><img loading=\"lazy\" decoding=\"async\" class=\"size-full wp-image-328 alignright\" style=\"float: right;\" title=\"PDF\" src=\"http:\/\/www.confreriedesvignerons.ch\/wp-content\/uploads\/pdf-2.png\" alt=\"\" width=\"42\" height=\"15\" \/><\/a><\/p>\n<p>Proc\u00e8s-verbal de l&#8217;assembl\u00e9e biennale du 4 mai 2019<a href=\"https:\/\/www.confreriedesvignerons.ch\/wp-content\/uploads\/PV-biennale-04052019.pdf\" target=\"_blank\" rel=\"noopener noreferrer\"><img loading=\"lazy\" decoding=\"async\" class=\"size-full wp-image-328 alignright\" style=\"float: right;\" title=\"PDF\" src=\"http:\/\/www.confreriedesvignerons.ch\/wp-content\/uploads\/pdf-2.png\" alt=\"\" width=\"42\" height=\"15\" \/><\/a><\/p>\n<p>Rapport de gestion du Conseil \u00e0 l&#8217;AG de la Confr\u00e9rie des Vignerons \u2013 Ann\u00e9es 2019-2020<a href=\"https:\/\/www.confreriedesvignerons.ch\/wp-content\/uploads\/Rapport-de-gestion-2021-1.pdf\" target=\"_blank\" rel=\"noopener noreferrer\"><img loading=\"lazy\" decoding=\"async\" class=\"size-full wp-image-328 alignright\" style=\"float: right;\" title=\"PDF\" src=\"http:\/\/www.confreriedesvignerons.ch\/wp-content\/uploads\/pdf-2.png\" alt=\"\" width=\"42\" height=\"15\" \/><\/a><\/p>\n<p>Notes Quinquennale 2014 &#8211; 2018 Les vignerons couronn\u00e9s et prim\u00e9s de la F\u00eate des Vignerons 2019<a href=\"https:\/\/www.confreriedesvignerons.ch\/wp-content\/uploads\/Liste-quinquennale-2014-2018-1.pdf\" target=\"_blank\" rel=\"noopener noreferrer\"><img loading=\"lazy\" decoding=\"async\" class=\"size-full wp-image-328 alignright\" style=\"float: right;\" title=\"PDF\" src=\"http:\/\/www.confreriedesvignerons.ch\/wp-content\/uploads\/pdf-2.png\" alt=\"\" width=\"42\" height=\"15\" \/><\/a><\/p>\n<p>Rapport de gestion du Conseil \u00e0 l\u2019AG de la Confr\u00e9rie des Vignerons \u2013 Ann\u00e9es 2017-2018<a href=\"https:\/\/www.confreriedesvignerons.ch\/wp-content\/uploads\/Rapport-gestion2019.pdf\" target=\"_blank\" rel=\"noopener noreferrer\"><img loading=\"lazy\" decoding=\"async\" class=\"size-full wp-image-328 alignright\" style=\"float: right;\" title=\"PDF\" src=\"http:\/\/www.confreriedesvignerons.ch\/wp-content\/uploads\/pdf-2.png\" alt=\"\" width=\"42\" height=\"15\" \/><\/a><\/p>\n<p>Convocation \u00e0 l&#8217;assembl\u00e9e g\u00e9n\u00e9rale (Biennale) du vendredi 30 juin 2017<a href=\"http:\/\/www.confreriedesvignerons.ch\/wp-content\/uploads\/Convocation-Biennale-2017.pdf\" target=\"_blank\" rel=\"noopener noreferrer\"><img loading=\"lazy\" decoding=\"async\" class=\"size-full wp-image-328 alignright\" style=\"float: right;\" title=\"PDF\" src=\"http:\/\/www.confreriedesvignerons.ch\/wp-content\/uploads\/pdf-2.png\" alt=\"\" width=\"42\" height=\"15\" \/><\/a><\/p>\n<p>Statuts de la Confr\u00e9rie des Vignerons <a href=\"https:\/\/www.confreriedesvignerons.ch\/wp-content\/uploads\/STATUTS_Cdv_presentation_2023.pdf\" target=\"_blank\" rel=\"noopener noreferrer\"><img loading=\"lazy\" decoding=\"async\" class=\"size-full wp-image-330 alignright\" style=\"float: right;\" title=\"PDF\" src=\"http:\/\/www.confreriedesvignerons.ch\/wp-content\/uploads\/pdf-2.png\" alt=\"\" width=\"42\" height=\"15\" \/><\/a><\/p>\n<p>Directions de visite des vignes <a href=\"https:\/\/www.confreriedesvignerons.ch\/wp-content\/uploads\/Directions-visites-CDV-2021.pdf\" target=\"_blank\" rel=\"noopener noreferrer\"><img loading=\"lazy\" decoding=\"async\" class=\"size-full wp-image-330 alignright\" style=\"float: right;\" title=\"PDF\" src=\"http:\/\/www.confreriedesvignerons.ch\/wp-content\/uploads\/pdf-2.png\" alt=\"\" width=\"42\" height=\"15\" \/><\/a><\/p>\n","protected":false},"excerpt":{"rendered":"<p>Communiqu\u00e9 de presse &#8211; Triennale 2025 Rapport de gestion du Conseil \u00e0 l\u2019AG de la Confr\u00e9rie des Vignerons \u2013 Ann\u00e9es 2023-2024 L\u2019aube verte &#8211; Hymne en l\u2019honneur des vigneronnes et vignerons t\u00e2cherons Proc\u00e8s-verbal de l&#8217;assembl\u00e9e biennale du 27 juin 2023 Rapport de Gestion 2021-2022 Proc\u00e8s-verbal de l\u2019assembl\u00e9e g\u00e9n\u00e9rale extraordinaire du 13 mai 2022 71 vigneronnes [&hellip;]<\/p>\n","protected":false},"author":6,"featured_media":119,"parent":1113,"menu_order":5,"comment_status":"closed","ping_status":"closed","template":"","meta":{"_acf_changed":false,"_exactmetrics_skip_tracking":false,"_exactmetrics_sitenote_active":false,"_exactmetrics_sitenote_note":"","_exactmetrics_sitenote_category":0,"footnotes":""},"class_list":["post-2395","page","type-page","status-publish","has-post-thumbnail","hentry"],"acf":[],"yoast_head":"<!-- This site is optimized with the Yoast SEO plugin v27.4 - https:\/\/yoast.com\/product\/yoast-seo-wordpress\/ -->\n<title>Documents - La Confr\u00e9rie des Vignerons de Vevey<\/title>\n<meta name=\"robots\" content=\"index, follow, max-snippet:-1, max-image-preview:large, max-video-preview:-1\" \/>\n<meta property=\"og:locale\" content=\"en_US\" \/>\n<meta property=\"og:type\" content=\"article\" \/>\n<meta property=\"og:title\" content=\"Documents - La Confr\u00e9rie des Vignerons de Vevey\" \/>\n<meta property=\"og:description\" content=\"Communiqu\u00e9 de presse &#8211; Triennale 2025 Rapport de gestion du Conseil \u00e0 l\u2019AG de la Confr\u00e9rie des Vignerons \u2013 Ann\u00e9es 2023-2024 L\u2019aube verte &#8211; Hymne en l\u2019honneur des vigneronnes et vignerons t\u00e2cherons Proc\u00e8s-verbal de l&#8217;assembl\u00e9e biennale du 27 juin 2023 Rapport de Gestion 2021-2022 Proc\u00e8s-verbal de l\u2019assembl\u00e9e g\u00e9n\u00e9rale extraordinaire du 13 mai 2022 71 vigneronnes [&hellip;]\" \/>\n<meta property=\"og:url\" content=\"https:\/\/www.confreriedesvignerons.ch\/en\/presentation\/documents\/\" \/>\n<meta property=\"og:site_name\" content=\"La Confr\u00e9rie des Vignerons de Vevey\" \/>\n<meta property=\"article:modified_time\" content=\"2025-07-07T07:04:59+00:00\" \/>\n<meta property=\"og:image\" content=\"https:\/\/www.confreriedesvignerons.ch\/wp-content\/uploads\/informations.png\" \/>\n\t<meta property=\"og:image:width\" content=\"245\" \/>\n\t<meta property=\"og:image:height\" content=\"574\" \/>\n\t<meta property=\"og:image:type\" content=\"image\/png\" \/>\n<meta name=\"twitter:label1\" content=\"Est. reading time\" \/>\n\t<meta name=\"twitter:data1\" content=\"4 minutes\" \/>\n<!-- \/ Yoast SEO plugin. -->","yoast_head_json":{"title":"Documents - La Confr\u00e9rie des Vignerons de Vevey","robots":{"index":"index","follow":"follow","max-snippet":"max-snippet:-1","max-image-preview":"max-image-preview:large","max-video-preview":"max-video-preview:-1"},"og_locale":"en_US","og_type":"article","og_title":"Documents - La Confr\u00e9rie des Vignerons de Vevey","og_description":"Communiqu\u00e9 de presse &#8211; Triennale 2025 Rapport de gestion du Conseil \u00e0 l\u2019AG de la Confr\u00e9rie des Vignerons \u2013 Ann\u00e9es 2023-2024 L\u2019aube verte &#8211; Hymne en l\u2019honneur des vigneronnes et vignerons t\u00e2cherons Proc\u00e8s-verbal de l&#8217;assembl\u00e9e biennale du 27 juin 2023 Rapport de Gestion 2021-2022 Proc\u00e8s-verbal de l\u2019assembl\u00e9e g\u00e9n\u00e9rale extraordinaire du 13 mai 2022 71 vigneronnes [&hellip;]","og_url":"https:\/\/www.confreriedesvignerons.ch\/en\/presentation\/documents\/","og_site_name":"La Confr\u00e9rie des Vignerons de Vevey","article_modified_time":"2025-07-07T07:04:59+00:00","og_image":[{"width":245,"height":574,"url":"https:\/\/www.confreriedesvignerons.ch\/wp-content\/uploads\/informations.png","type":"image\/png"}],"twitter_misc":{"Est. reading time":"4 minutes"},"schema":{"@context":"https:\/\/schema.org","@graph":[{"@type":"WebPage","@id":"https:\/\/www.confreriedesvignerons.ch\/en\/presentation\/documents\/","url":"https:\/\/www.confreriedesvignerons.ch\/en\/presentation\/documents\/","name":"Documents - La Confr\u00e9rie des Vignerons de Vevey","isPartOf":{"@id":"https:\/\/www.confreriedesvignerons.ch\/#website"},"primaryImageOfPage":{"@id":"https:\/\/www.confreriedesvignerons.ch\/en\/presentation\/documents\/#primaryimage"},"image":{"@id":"https:\/\/www.confreriedesvignerons.ch\/en\/presentation\/documents\/#primaryimage"},"thumbnailUrl":"https:\/\/www.confreriedesvignerons.ch\/wp-content\/uploads\/informations.png","datePublished":"2016-07-28T12:17:33+00:00","dateModified":"2025-07-07T07:04:59+00:00","breadcrumb":{"@id":"https:\/\/www.confreriedesvignerons.ch\/en\/presentation\/documents\/#breadcrumb"},"inLanguage":"en-US","potentialAction":[{"@type":"ReadAction","target":["https:\/\/www.confreriedesvignerons.ch\/en\/presentation\/documents\/"]}]},{"@type":"ImageObject","inLanguage":"en-US","@id":"https:\/\/www.confreriedesvignerons.ch\/en\/presentation\/documents\/#primaryimage","url":"https:\/\/www.confreriedesvignerons.ch\/wp-content\/uploads\/informations.png","contentUrl":"https:\/\/www.confreriedesvignerons.ch\/wp-content\/uploads\/informations.png","width":"245","height":"574"},{"@type":"BreadcrumbList","@id":"https:\/\/www.confreriedesvignerons.ch\/en\/presentation\/documents\/#breadcrumb","itemListElement":[{"@type":"ListItem","position":1,"name":"Home","item":"https:\/\/www.confreriedesvignerons.ch\/en\/"},{"@type":"ListItem","position":2,"name":"The Brotherhood","item":"https:\/\/www.confreriedesvignerons.ch\/en\/presentation\/"},{"@type":"ListItem","position":3,"name":"Documents"}]},{"@type":"WebSite","@id":"https:\/\/www.confreriedesvignerons.ch\/#website","url":"https:\/\/www.confreriedesvignerons.ch\/","name":"La Confr\u00e9rie des Vignerons de Vevey","description":"","potentialAction":[{"@type":"SearchAction","target":{"@type":"EntryPoint","urlTemplate":"https:\/\/www.confreriedesvignerons.ch\/?s={search_term_string}"},"query-input":{"@type":"PropertyValueSpecification","valueRequired":true,"valueName":"search_term_string"}}],"inLanguage":"en-US"}]}},"_links":{"self":[{"href":"https:\/\/www.confreriedesvignerons.ch\/en\/wp-json\/wp\/v2\/pages\/2395","targetHints":{"allow":["GET"]}}],"collection":[{"href":"https:\/\/www.confreriedesvignerons.ch\/en\/wp-json\/wp\/v2\/pages"}],"about":[{"href":"https:\/\/www.confreriedesvignerons.ch\/en\/wp-json\/wp\/v2\/types\/page"}],"author":[{"embeddable":true,"href":"https:\/\/www.confreriedesvignerons.ch\/en\/wp-json\/wp\/v2\/users\/6"}],"replies":[{"embeddable":true,"href":"https:\/\/www.confreriedesvignerons.ch\/en\/wp-json\/wp\/v2\/comments?post=2395"}],"version-history":[{"count":21,"href":"https:\/\/www.confreriedesvignerons.ch\/en\/wp-json\/wp\/v2\/pages\/2395\/revisions"}],"predecessor-version":[{"id":3757,"href":"https:\/\/www.confreriedesvignerons.ch\/en\/wp-json\/wp\/v2\/pages\/2395\/revisions\/3757"}],"up":[{"embeddable":true,"href":"https:\/\/www.confreriedesvignerons.ch\/en\/wp-json\/wp\/v2\/pages\/1113"}],"wp:featuredmedia":[{"embeddable":true,"href":"https:\/\/www.confreriedesvignerons.ch\/en\/wp-json\/wp\/v2\/media\/119"}],"wp:attachment":[{"href":"https:\/\/www.confreriedesvignerons.ch\/en\/wp-json\/wp\/v2\/media?parent=2395"}],"curies":[{"name":"wp","href":"https:\/\/api.w.org\/{rel}","templated":true}]}}